{"id":2529,"date":"2025-07-24T09:47:39","date_gmt":"2025-07-24T09:47:39","guid":{"rendered":"https:\/\/www.brikaelektrik.al\/?post_type=product&#038;p=2529"},"modified":"2025-07-24T09:47:39","modified_gmt":"2025-07-24T09:47:39","slug":"kapak-katror-me-xham-i-bardhe-6p","status":"publish","type":"product","link":"https:\/\/www.brikaelektrik.al\/al\/produkt\/kapak-katror-me-xham-i-bardhe-6p\/","title":{"rendered":"KAPAK KATROR ME XHAM I BARDH\u00cb 6P"},"content":{"rendered":"<p>Seria: Axolute<br data-start=\"164\" data-end=\"167\" \/>Lloji: Mbules\u00eb dekorative p\u00ebr 6 modula (form\u00eb drejtk\u00ebnd\u00ebshe \u2013 \u201cCristallo bianco\u201d \/ White glass)<br data-start=\"266\" data-end=\"269\" \/>Montimi: Mural incasso (i integruar n\u00eb mur, horizontal)<br data-start=\"328\" data-end=\"331\" \/>Ngjyra: E bardh\u00eb<br data-start=\"379\" data-end=\"382\" \/>Mbrojtje: IP20<br data-start=\"400\" data-end=\"403\" data-is-only-node=\"\" \/>Materiali: Xhami (pa halogjen)<br data-start=\"437\" data-end=\"440\" \/>Formati i komand\u00ebs: Rectangular cover plate p\u00ebr 6 modula horizontal\u00eb<br data-start=\"512\" data-end=\"515\" \/>P\u00ebrmasat: 95.6mm (lart\u00ebsi) \u00d7 195.6mm (gjer\u00ebsi) \u00d7 9.5mm (thell\u00ebsi)<\/p>","protected":false},"excerpt":{"rendered":"<p>Seria: AxoluteLloji: Mbules\u00eb dekorative p\u00ebr 6 modula (form\u00eb drejtk\u00ebnd\u00ebshe \u2013 \u201cCristallo bianco\u201d \/ White glass)Montimi: Mural incasso (i integruar n\u00eb mur, horizontal)Ngjyra: E bardh\u00ebMbrojtje: IP20Materiali: Xhami (pa halogjen)Formati i komand\u00ebs: Rectangular cover plate p\u00ebr 6 modula horizontal\u00ebP\u00ebrmasat: 95.6mm (lart\u00ebsi) \u00d7 195.6mm (gjer\u00ebsi) \u00d7 9.5mm (thell\u00ebsi)<\/p>","protected":false},"featured_media":2530,"comment_status":"open","ping_status":"closed","template":"","meta":{"_acf_changed":false},"product_brand":[],"product_cat":[40,68],"product_tag":[],"class_list":{"0":"post-2529","1":"product","2":"type-product","3":"status-publish","4":"has-post-thumbnail","6":"product_cat-serite-civile","7":"product_cat-axolute","9":"first","10":"instock","11":"shipping-taxable","12":"product-type-simple"},"acf":[],"_links":{"self":[{"href":"https:\/\/www.brikaelektrik.al\/al\/wp-json\/wp\/v2\/product\/2529","targetHints":{"allow":["GET"]}}],"collection":[{"href":"https:\/\/www.brikaelektrik.al\/al\/wp-json\/wp\/v2\/product"}],"about":[{"href":"https:\/\/www.brikaelektrik.al\/al\/wp-json\/wp\/v2\/types\/product"}],"replies":[{"embeddable":true,"href":"https:\/\/www.brikaelektrik.al\/al\/wp-json\/wp\/v2\/comments?post=2529"}],"wp:featuredmedia":[{"embeddable":true,"href":"https:\/\/www.brikaelektrik.al\/al\/wp-json\/wp\/v2\/media\/2530"}],"wp:attachment":[{"href":"https:\/\/www.brikaelektrik.al\/al\/wp-json\/wp\/v2\/media?parent=2529"}],"wp:term":[{"taxonomy":"product_brand","embeddable":true,"href":"https:\/\/www.brikaelektrik.al\/al\/wp-json\/wp\/v2\/product_brand?post=2529"},{"taxonomy":"product_cat","embeddable":true,"href":"https:\/\/www.brikaelektrik.al\/al\/wp-json\/wp\/v2\/product_cat?post=2529"},{"taxonomy":"product_tag","embeddable":true,"href":"https:\/\/www.brikaelektrik.al\/al\/wp-json\/wp\/v2\/product_tag?post=2529"}],"curies":[{"name":"wp","href":"https:\/\/api.w.org\/{rel}","templated":true}]}}