{"id":2535,"date":"2025-07-24T10:15:49","date_gmt":"2025-07-24T10:15:49","guid":{"rendered":"https:\/\/www.brikaelektrik.al\/?post_type=product&#038;p=2535"},"modified":"2025-07-24T10:15:49","modified_gmt":"2025-07-24T10:15:49","slug":"kapak-tech-6p","status":"publish","type":"product","link":"https:\/\/www.brikaelektrik.al\/al\/produkt\/kapak-tech-6p\/","title":{"rendered":"KAPAK TECH 6P"},"content":{"rendered":"<p>Seria: Axolute<br data-start=\"99\" data-end=\"102\" \/>Lloji: Mbules\u00eb dekorative p\u00ebr 6 modula (form\u00eb drejtk\u00ebnd\u00ebshe \u2013 \u201cMonochrome Tech\u201d, stil antracite)<br data-start=\"202\" data-end=\"205\" \/>Montimi: Mural incasso (i integruar n\u00eb mur, horizontal)<br data-start=\"264\" data-end=\"267\" \/>Ngjyra: Gri antracite (monochrome)\u00a0<br data-start=\"359\" data-end=\"362\" \/>Mbrojtje: IP20<br data-start=\"418\" data-end=\"421\" \/>Materiali: Metal (alumin i anodizuar, pa halogjen)<br data-start=\"513\" data-end=\"516\" \/>Formati i komand\u00ebs: Rectangular cover plate p\u00ebr 6 modula horizontal\u00eb<br data-start=\"588\" data-end=\"591\" \/>P\u00ebrmasat: 95.6mm (lart\u00ebsi) \u00d7 195.6mm (gjer\u00ebsi) \u00d7 6.3mm (thell\u00ebsi sip\u00ebrfaq\u00ebsore)<\/p>","protected":false},"excerpt":{"rendered":"<p>Seria: AxoluteLloji: Mbules\u00eb dekorative p\u00ebr 6 modula (form\u00eb drejtk\u00ebnd\u00ebshe \u2013 \u201cMonochrome Tech\u201d, stil antracite)Montimi: Mural incasso (i integruar n\u00eb mur, horizontal)Ngjyra: Gri antracite (monochrome)\u00a0Mbrojtje: IP20Materiali: Metal (alumin i anodizuar, pa halogjen)Formati i komand\u00ebs: Rectangular cover plate p\u00ebr 6 modula horizontal\u00ebP\u00ebrmasat: 95.6mm (lart\u00ebsi) \u00d7 195.6mm (gjer\u00ebsi) \u00d7 6.3mm (thell\u00ebsi sip\u00ebrfaq\u00ebsore)<\/p>","protected":false},"featured_media":2536,"comment_status":"open","ping_status":"closed","template":"","meta":{"_acf_changed":false},"product_brand":[],"product_cat":[40,68],"product_tag":[],"class_list":{"0":"post-2535","1":"product","2":"type-product","3":"status-publish","4":"has-post-thumbnail","6":"product_cat-serite-civile","7":"product_cat-axolute","9":"first","10":"instock","11":"shipping-taxable","12":"product-type-simple"},"acf":[],"_links":{"self":[{"href":"https:\/\/www.brikaelektrik.al\/al\/wp-json\/wp\/v2\/product\/2535","targetHints":{"allow":["GET"]}}],"collection":[{"href":"https:\/\/www.brikaelektrik.al\/al\/wp-json\/wp\/v2\/product"}],"about":[{"href":"https:\/\/www.brikaelektrik.al\/al\/wp-json\/wp\/v2\/types\/product"}],"replies":[{"embeddable":true,"href":"https:\/\/www.brikaelektrik.al\/al\/wp-json\/wp\/v2\/comments?post=2535"}],"wp:featuredmedia":[{"embeddable":true,"href":"https:\/\/www.brikaelektrik.al\/al\/wp-json\/wp\/v2\/media\/2536"}],"wp:attachment":[{"href":"https:\/\/www.brikaelektrik.al\/al\/wp-json\/wp\/v2\/media?parent=2535"}],"wp:term":[{"taxonomy":"product_brand","embeddable":true,"href":"https:\/\/www.brikaelektrik.al\/al\/wp-json\/wp\/v2\/product_brand?post=2535"},{"taxonomy":"product_cat","embeddable":true,"href":"https:\/\/www.brikaelektrik.al\/al\/wp-json\/wp\/v2\/product_cat?post=2535"},{"taxonomy":"product_tag","embeddable":true,"href":"https:\/\/www.brikaelektrik.al\/al\/wp-json\/wp\/v2\/product_tag?post=2535"}],"curies":[{"name":"wp","href":"https:\/\/api.w.org\/{rel}","templated":true}]}}