{"id":2537,"date":"2025-07-24T10:24:03","date_gmt":"2025-07-24T10:24:03","guid":{"rendered":"https:\/\/www.brikaelektrik.al\/?post_type=product&#038;p=2537"},"modified":"2025-07-24T10:24:03","modified_gmt":"2025-07-24T10:24:03","slug":"kapak-bore-me-hark-3p","status":"publish","type":"product","link":"https:\/\/www.brikaelektrik.al\/al\/produkt\/kapak-bore-me-hark-3p\/","title":{"rendered":"KAPAK BORE ME HARK 3P"},"content":{"rendered":"<p>Seria: Axolute<br data-start=\"62\" data-end=\"65\" \/>Lloji: Mbules\u00eb dekorative elliptike p\u00ebr 3 modula (form\u00eb ovale \u2013 \u201cWhite Liquid\u201d)<br data-start=\"148\" data-end=\"151\" \/>Montimi: Mural incasso (i integruar n\u00eb mur, horizontal)<br data-start=\"210\" data-end=\"213\" \/>Ngjyra: E bardh\u00eb \u2013 Liquid White (efekt xhami\/sjellje uji)<br data-start=\"312\" data-end=\"315\" \/>Mbrojtje: IP20<br data-start=\"371\" data-end=\"374\" \/>Materiali: Technopolymer pa halogjen (plastik\u00eb e fort\u00eb me efekti t\u00eb l\u00ebmuar)<br data-start=\"491\" data-end=\"494\" \/>Formati i komand\u00ebs: Elliptical cover plate p\u00ebr 3 modula horizontal\u00eb<br data-start=\"565\" data-end=\"568\" \/>P\u00ebrmasat: 93mm (lart\u00ebsi) \u00d7\u202f126mm (gjer\u00ebsi) \u00d7\u202f9.2mm (thell\u00ebsi)<\/p>","protected":false},"excerpt":{"rendered":"<p>Seria: AxoluteLloji: Mbules\u00eb dekorative elliptike p\u00ebr 3 modula (form\u00eb ovale \u2013 \u201cWhite Liquid\u201d)Montimi: Mural incasso (i integruar n\u00eb mur, horizontal)Ngjyra: E bardh\u00eb \u2013 Liquid White (efekt xhami\/sjellje uji)Mbrojtje: IP20Materiali: Technopolymer pa halogjen (plastik\u00eb e fort\u00eb me efekti t\u00eb l\u00ebmuar)Formati i komand\u00ebs: Elliptical cover plate p\u00ebr 3 modula horizontal\u00ebP\u00ebrmasat: 93mm (lart\u00ebsi) \u00d7\u202f126mm (gjer\u00ebsi) \u00d7\u202f9.2mm (thell\u00ebsi)<\/p>","protected":false},"featured_media":2538,"comment_status":"open","ping_status":"closed","template":"","meta":{"_acf_changed":false},"product_brand":[],"product_cat":[40,68],"product_tag":[],"class_list":{"0":"post-2537","1":"product","2":"type-product","3":"status-publish","4":"has-post-thumbnail","6":"product_cat-serite-civile","7":"product_cat-axolute","9":"first","10":"instock","11":"shipping-taxable","12":"product-type-simple"},"acf":[],"_links":{"self":[{"href":"https:\/\/www.brikaelektrik.al\/al\/wp-json\/wp\/v2\/product\/2537","targetHints":{"allow":["GET"]}}],"collection":[{"href":"https:\/\/www.brikaelektrik.al\/al\/wp-json\/wp\/v2\/product"}],"about":[{"href":"https:\/\/www.brikaelektrik.al\/al\/wp-json\/wp\/v2\/types\/product"}],"replies":[{"embeddable":true,"href":"https:\/\/www.brikaelektrik.al\/al\/wp-json\/wp\/v2\/comments?post=2537"}],"wp:featuredmedia":[{"embeddable":true,"href":"https:\/\/www.brikaelektrik.al\/al\/wp-json\/wp\/v2\/media\/2538"}],"wp:attachment":[{"href":"https:\/\/www.brikaelektrik.al\/al\/wp-json\/wp\/v2\/media?parent=2537"}],"wp:term":[{"taxonomy":"product_brand","embeddable":true,"href":"https:\/\/www.brikaelektrik.al\/al\/wp-json\/wp\/v2\/product_brand?post=2537"},{"taxonomy":"product_cat","embeddable":true,"href":"https:\/\/www.brikaelektrik.al\/al\/wp-json\/wp\/v2\/product_cat?post=2537"},{"taxonomy":"product_tag","embeddable":true,"href":"https:\/\/www.brikaelektrik.al\/al\/wp-json\/wp\/v2\/product_tag?post=2537"}],"curies":[{"name":"wp","href":"https:\/\/api.w.org\/{rel}","templated":true}]}}