{"id":2539,"date":"2025-07-24T10:35:56","date_gmt":"2025-07-24T10:35:56","guid":{"rendered":"https:\/\/www.brikaelektrik.al\/?post_type=product&#038;p=2539"},"modified":"2025-07-24T10:35:56","modified_gmt":"2025-07-24T10:35:56","slug":"kapak-bore-me-hark-4p","status":"publish","type":"product","link":"https:\/\/www.brikaelektrik.al\/al\/produkt\/kapak-bore-me-hark-4p\/","title":{"rendered":"KAPAK BORE ME HARK 4P"},"content":{"rendered":"<p>Seria: Axolute<br data-start=\"104\" data-end=\"107\" \/>Lloji: Mbules\u00eb dekorative elliptike p\u00ebr 4 modula (form\u00eb ovale \u2013 \u201cWhite Liquid\u201d)<br data-start=\"190\" data-end=\"193\" \/>Montimi: Mural incasso (i integruar n\u00eb mur, horizontal)<br data-start=\"252\" data-end=\"255\" \/>Ngjyra: E bardh\u00eb \u2013 Liquid White (efekt me shk\u00eblqim, theks xhami)<br data-start=\"361\" data-end=\"364\" \/>Mbrojtje: IP20\u00a0<br data-start=\"420\" data-end=\"423\" \/>Materiali: Technopolymer pa halogjen (plastik\u00eb e fort\u00eb me sip\u00ebrfaqe l\u00ebmuar dhe reflektuese)<br data-start=\"556\" data-end=\"559\" \/>Formati i komand\u00ebs: Elliptical cover plate p\u00ebr 4 modula horizontal\u00eb\u00a0<br data-start=\"668\" data-end=\"671\" \/>P\u00ebrmasat: 93mm (lart\u00ebsi) \u00d7 149mm (gjer\u00ebsi) \u00d7 9.2mm (thell\u00ebsi)<\/p>","protected":false},"excerpt":{"rendered":"<p>Seria: AxoluteLloji: Mbules\u00eb dekorative elliptike p\u00ebr 4 modula (form\u00eb ovale \u2013 \u201cWhite Liquid\u201d)Montimi: Mural incasso (i integruar n\u00eb mur, horizontal)Ngjyra: E bardh\u00eb \u2013 Liquid White (efekt me shk\u00eblqim, theks xhami)Mbrojtje: IP20\u00a0Materiali: Technopolymer pa halogjen (plastik\u00eb e fort\u00eb me sip\u00ebrfaqe l\u00ebmuar dhe reflektuese)Formati i komand\u00ebs: Elliptical cover plate p\u00ebr 4 modula horizontal\u00eb\u00a0P\u00ebrmasat: 93mm (lart\u00ebsi) \u00d7 149mm [&hellip;]<\/p>","protected":false},"featured_media":2540,"comment_status":"open","ping_status":"closed","template":"","meta":{"_acf_changed":false},"product_brand":[],"product_cat":[40,68],"product_tag":[],"class_list":{"0":"post-2539","1":"product","2":"type-product","3":"status-publish","4":"has-post-thumbnail","6":"product_cat-serite-civile","7":"product_cat-axolute","9":"first","10":"instock","11":"shipping-taxable","12":"product-type-simple"},"acf":[],"_links":{"self":[{"href":"https:\/\/www.brikaelektrik.al\/al\/wp-json\/wp\/v2\/product\/2539","targetHints":{"allow":["GET"]}}],"collection":[{"href":"https:\/\/www.brikaelektrik.al\/al\/wp-json\/wp\/v2\/product"}],"about":[{"href":"https:\/\/www.brikaelektrik.al\/al\/wp-json\/wp\/v2\/types\/product"}],"replies":[{"embeddable":true,"href":"https:\/\/www.brikaelektrik.al\/al\/wp-json\/wp\/v2\/comments?post=2539"}],"wp:featuredmedia":[{"embeddable":true,"href":"https:\/\/www.brikaelektrik.al\/al\/wp-json\/wp\/v2\/media\/2540"}],"wp:attachment":[{"href":"https:\/\/www.brikaelektrik.al\/al\/wp-json\/wp\/v2\/media?parent=2539"}],"wp:term":[{"taxonomy":"product_brand","embeddable":true,"href":"https:\/\/www.brikaelektrik.al\/al\/wp-json\/wp\/v2\/product_brand?post=2539"},{"taxonomy":"product_cat","embeddable":true,"href":"https:\/\/www.brikaelektrik.al\/al\/wp-json\/wp\/v2\/product_cat?post=2539"},{"taxonomy":"product_tag","embeddable":true,"href":"https:\/\/www.brikaelektrik.al\/al\/wp-json\/wp\/v2\/product_tag?post=2539"}],"curies":[{"name":"wp","href":"https:\/\/api.w.org\/{rel}","templated":true}]}}