{"id":2541,"date":"2025-07-24T10:39:05","date_gmt":"2025-07-24T10:39:05","guid":{"rendered":"https:\/\/www.brikaelektrik.al\/?post_type=product&#038;p=2541"},"modified":"2025-07-24T10:39:05","modified_gmt":"2025-07-24T10:39:05","slug":"kapak-gold-lucido-me-hark-3p","status":"publish","type":"product","link":"https:\/\/www.brikaelektrik.al\/al\/produkt\/kapak-gold-lucido-me-hark-3p\/","title":{"rendered":"KAPAK GOLD LUCIDO ME HARK 3P"},"content":{"rendered":"<p>Seria: Axolute<br data-start=\"104\" data-end=\"107\" \/>Lloji: Mbules\u00eb dekorative elliptike p\u00ebr 3 modula (form\u00eb ovale \u2013 \u201cOro Lucido\u201d \/ Polished gold)<br data-start=\"242\" data-end=\"245\" \/>Montimi: Mural incasso (i integruar n\u00eb mur, horizontal)<br data-start=\"342\" data-end=\"345\" \/>Ngjyra: Gold (gold polished)<br data-start=\"427\" data-end=\"430\" \/>Mbrojtje: IP20 (standard p\u00ebr produkte civile; pa mbrojtje ndaj ujit)<br data-start=\"540\" data-end=\"543\" \/>Materiali: Metal (alumin i anodizuar, pa halogjen)<br data-start=\"635\" data-end=\"638\" \/>Formati i komand\u00ebs: Elliptical cover plate p\u00ebr 3 modula horizontal\u00eb<br data-start=\"747\" data-end=\"750\" \/>P\u00ebrmasat: 93mm (lart\u00ebsi) \u00d7 126mm (gjer\u00ebsi) \u00d7 9.2mm (thell\u00ebsi)<\/p>","protected":false},"excerpt":{"rendered":"<p>Seria: AxoluteLloji: Mbules\u00eb dekorative elliptike p\u00ebr 3 modula (form\u00eb ovale \u2013 \u201cOro Lucido\u201d \/ Polished gold)Montimi: Mural incasso (i integruar n\u00eb mur, horizontal)Ngjyra: Gold (gold polished)Mbrojtje: IP20 (standard p\u00ebr produkte civile; pa mbrojtje ndaj ujit)Materiali: Metal (alumin i anodizuar, pa halogjen)Formati i komand\u00ebs: Elliptical cover plate p\u00ebr 3 modula horizontal\u00ebP\u00ebrmasat: 93mm (lart\u00ebsi) \u00d7 126mm (gjer\u00ebsi) [&hellip;]<\/p>","protected":false},"featured_media":2542,"comment_status":"open","ping_status":"closed","template":"","meta":{"_acf_changed":false},"product_brand":[],"product_cat":[40,68],"product_tag":[],"class_list":{"0":"post-2541","1":"product","2":"type-product","3":"status-publish","4":"has-post-thumbnail","6":"product_cat-serite-civile","7":"product_cat-axolute","9":"first","10":"instock","11":"shipping-taxable","12":"product-type-simple"},"acf":[],"_links":{"self":[{"href":"https:\/\/www.brikaelektrik.al\/al\/wp-json\/wp\/v2\/product\/2541","targetHints":{"allow":["GET"]}}],"collection":[{"href":"https:\/\/www.brikaelektrik.al\/al\/wp-json\/wp\/v2\/product"}],"about":[{"href":"https:\/\/www.brikaelektrik.al\/al\/wp-json\/wp\/v2\/types\/product"}],"replies":[{"embeddable":true,"href":"https:\/\/www.brikaelektrik.al\/al\/wp-json\/wp\/v2\/comments?post=2541"}],"wp:featuredmedia":[{"embeddable":true,"href":"https:\/\/www.brikaelektrik.al\/al\/wp-json\/wp\/v2\/media\/2542"}],"wp:attachment":[{"href":"https:\/\/www.brikaelektrik.al\/al\/wp-json\/wp\/v2\/media?parent=2541"}],"wp:term":[{"taxonomy":"product_brand","embeddable":true,"href":"https:\/\/www.brikaelektrik.al\/al\/wp-json\/wp\/v2\/product_brand?post=2541"},{"taxonomy":"product_cat","embeddable":true,"href":"https:\/\/www.brikaelektrik.al\/al\/wp-json\/wp\/v2\/product_cat?post=2541"},{"taxonomy":"product_tag","embeddable":true,"href":"https:\/\/www.brikaelektrik.al\/al\/wp-json\/wp\/v2\/product_tag?post=2541"}],"curies":[{"name":"wp","href":"https:\/\/api.w.org\/{rel}","templated":true}]}}