{"id":2543,"date":"2025-07-24T10:46:59","date_gmt":"2025-07-24T10:46:59","guid":{"rendered":"https:\/\/www.brikaelektrik.al\/?post_type=product&#038;p=2543"},"modified":"2025-07-24T10:47:00","modified_gmt":"2025-07-24T10:47:00","slug":"kapak-gold-mat-me-hark-3p","status":"publish","type":"product","link":"https:\/\/www.brikaelektrik.al\/al\/produkt\/kapak-gold-mat-me-hark-3p\/","title":{"rendered":"KAPAK GOLD MAT ME HARK 3P"},"content":{"rendered":"<p>Seria: <span class=\"relative -mx-px my-[-0.2rem] rounded px-px py-[0.2rem] transition-colors duration-100 ease-in-out\">Axolute<\/span><br data-start=\"169\" data-end=\"172\" \/>Lloji: <span class=\"relative -mx-px my-[-0.2rem] rounded px-px py-[0.2rem] transition-colors duration-100 ease-in-out\">Mbules\u00eb dekorative elliptike p\u00ebr 3 modula (form\u00eb ovale \u2013 \u201cOro Satinato\u201d \/ Satin gold)<\/span><br data-start=\"220\" data-end=\"223\" \/>Montimi: <span class=\"relative -mx-px my-[-0.2rem] rounded px-px py-[0.2rem] transition-colors duration-100 ease-in-out\">Mural incasso (i integruar n\u00eb mur, horizontal)<\/span><br data-start=\"275\" data-end=\"278\" \/>Ngjyra: <span class=\"relative -mx-px my-[-0.2rem] rounded px-px py-[0.2rem] transition-colors duration-100 ease-in-out\">Oro Satinato (gold satin)<\/span><br data-start=\"329\" data-end=\"332\" data-is-only-node=\"\" \/>Mbrojtje: IP20<br data-start=\"350\" data-end=\"353\" \/>Materiali: <span class=\"relative -mx-px my-[-0.2rem] rounded px-px py-[0.2rem] transition-colors duration-100 ease-in-out\">Metal<\/span><br data-start=\"407\" data-end=\"410\" \/>Formati i komand\u00ebs: <span class=\"relative -mx-px my-[-0.2rem] rounded px-px py-[0.2rem] transition-colors duration-100 ease-in-out\">Elliptical cover plate p\u00ebr 3 modula horizontal\u00eb<\/span><br data-start=\"473\" data-end=\"476\" \/>P\u00ebrmasat: <span class=\"relative -mx-px my-[-0.2rem] rounded px-px py-[0.2rem] transition-colors duration-100 ease-in-out\">93mm (lart\u00ebsi) \u00d7 126mm (gjer\u00ebsi) \u00d7 10.2mm (thell\u00ebsi)<\/span><\/p>","protected":false},"excerpt":{"rendered":"<p>Seria: AxoluteLloji: Mbules\u00eb dekorative elliptike p\u00ebr 3 modula (form\u00eb ovale \u2013 \u201cOro Satinato\u201d \/ Satin gold)Montimi: Mural incasso (i integruar n\u00eb mur, horizontal)Ngjyra: Oro Satinato (gold satin)Mbrojtje: IP20Materiali: MetalFormati i komand\u00ebs: Elliptical cover plate p\u00ebr 3 modula horizontal\u00ebP\u00ebrmasat: 93mm (lart\u00ebsi) \u00d7 126mm (gjer\u00ebsi) \u00d7 10.2mm (thell\u00ebsi)<\/p>","protected":false},"featured_media":2544,"comment_status":"open","ping_status":"closed","template":"","meta":{"_acf_changed":false},"product_brand":[],"product_cat":[40,68],"product_tag":[],"class_list":{"0":"post-2543","1":"product","2":"type-product","3":"status-publish","4":"has-post-thumbnail","6":"product_cat-serite-civile","7":"product_cat-axolute","9":"first","10":"instock","11":"shipping-taxable","12":"product-type-simple"},"acf":[],"_links":{"self":[{"href":"https:\/\/www.brikaelektrik.al\/al\/wp-json\/wp\/v2\/product\/2543","targetHints":{"allow":["GET"]}}],"collection":[{"href":"https:\/\/www.brikaelektrik.al\/al\/wp-json\/wp\/v2\/product"}],"about":[{"href":"https:\/\/www.brikaelektrik.al\/al\/wp-json\/wp\/v2\/types\/product"}],"replies":[{"embeddable":true,"href":"https:\/\/www.brikaelektrik.al\/al\/wp-json\/wp\/v2\/comments?post=2543"}],"wp:featuredmedia":[{"embeddable":true,"href":"https:\/\/www.brikaelektrik.al\/al\/wp-json\/wp\/v2\/media\/2544"}],"wp:attachment":[{"href":"https:\/\/www.brikaelektrik.al\/al\/wp-json\/wp\/v2\/media?parent=2543"}],"wp:term":[{"taxonomy":"product_brand","embeddable":true,"href":"https:\/\/www.brikaelektrik.al\/al\/wp-json\/wp\/v2\/product_brand?post=2543"},{"taxonomy":"product_cat","embeddable":true,"href":"https:\/\/www.brikaelektrik.al\/al\/wp-json\/wp\/v2\/product_cat?post=2543"},{"taxonomy":"product_tag","embeddable":true,"href":"https:\/\/www.brikaelektrik.al\/al\/wp-json\/wp\/v2\/product_tag?post=2543"}],"curies":[{"name":"wp","href":"https:\/\/api.w.org\/{rel}","templated":true}]}}