{"id":2545,"date":"2025-07-24T10:49:22","date_gmt":"2025-07-24T10:49:22","guid":{"rendered":"https:\/\/www.brikaelektrik.al\/?post_type=product&#038;p=2545"},"modified":"2025-07-24T10:49:22","modified_gmt":"2025-07-24T10:49:22","slug":"kapak-i-bardhe-alumini-3p","status":"publish","type":"product","link":"https:\/\/www.brikaelektrik.al\/al\/produkt\/kapak-i-bardhe-alumini-3p\/","title":{"rendered":"KAPAK I BARDH\u00cb ALUMINI 3P"},"content":{"rendered":"<p>Seria: <span class=\"relative -mx-px my-[-0.2rem] rounded px-px py-[0.2rem] transition-colors duration-100 ease-in-out\">Axolute<\/span><br data-start=\"193\" data-end=\"196\" \/>Lloji: <span class=\"relative -mx-px my-[-0.2rem] rounded px-px py-[0.2rem] transition-colors duration-100 ease-in-out\">Mbules\u00eb dekorative drejtk\u00ebnd\u00ebshe p\u00ebr 3 modula (form\u00eb standarde \u2013 \u201cBianco\u201d \/ White)<\/span><br data-start=\"244\" data-end=\"247\" \/>Montimi: <span class=\"relative -mx-px my-[-0.2rem] rounded px-px py-[0.2rem] transition-colors duration-100 ease-in-out\">Mural incasso (i integruar n\u00eb mur, horizontal)<\/span><br data-start=\"297\" data-end=\"300\" \/>Ngjyra: <span class=\"relative -mx-px my-[-0.2rem] rounded px-px py-[0.2rem] transition-colors duration-100 ease-in-out\">E bardh\u00eb (bianco)<\/span><br data-start=\"351\" data-end=\"354\" data-is-only-node=\"\" \/>Mbrojtje: IP20<br data-start=\"372\" data-end=\"375\" \/>Materiali: <span class=\"relative -mx-px my-[-0.2rem] rounded px-px py-[0.2rem] transition-colors duration-100 ease-in-out\">Metal (alumin i anodizuar, pa halogjen)<\/span><br data-start=\"429\" data-end=\"432\" \/>Formati i komand\u00ebs: <span class=\"relative -mx-px my-[-0.2rem] rounded px-px py-[0.2rem] transition-colors duration-100 ease-in-out\">Rectangular cover plate p\u00ebr 3 modula horizontal\u00eb<\/span><br data-start=\"495\" data-end=\"498\" \/>P\u00ebrmasat: <span class=\"relative -mx-px my-[-0.2rem] rounded px-px py-[0.2rem] transition-colors duration-100 ease-in-out\">95.6mm (lart\u00ebsi) \u00d7 127mm (gjer\u00ebsi) \u00d7 8.3mm (thell\u00ebsi)<\/span><\/p>","protected":false},"excerpt":{"rendered":"<p>Seria: AxoluteLloji: Mbules\u00eb dekorative drejtk\u00ebnd\u00ebshe p\u00ebr 3 modula (form\u00eb standarde \u2013 \u201cBianco\u201d \/ White)Montimi: Mural incasso (i integruar n\u00eb mur, horizontal)Ngjyra: E bardh\u00eb (bianco)Mbrojtje: IP20Materiali: Metal (alumin i anodizuar, pa halogjen)Formati i komand\u00ebs: Rectangular cover plate p\u00ebr 3 modula horizontal\u00ebP\u00ebrmasat: 95.6mm (lart\u00ebsi) \u00d7 127mm (gjer\u00ebsi) \u00d7 8.3mm (thell\u00ebsi)<\/p>","protected":false},"featured_media":2546,"comment_status":"open","ping_status":"closed","template":"","meta":{"_acf_changed":false},"product_brand":[],"product_cat":[40,68],"product_tag":[],"class_list":{"0":"post-2545","1":"product","2":"type-product","3":"status-publish","4":"has-post-thumbnail","6":"product_cat-serite-civile","7":"product_cat-axolute","9":"first","10":"instock","11":"shipping-taxable","12":"product-type-simple"},"acf":[],"_links":{"self":[{"href":"https:\/\/www.brikaelektrik.al\/al\/wp-json\/wp\/v2\/product\/2545","targetHints":{"allow":["GET"]}}],"collection":[{"href":"https:\/\/www.brikaelektrik.al\/al\/wp-json\/wp\/v2\/product"}],"about":[{"href":"https:\/\/www.brikaelektrik.al\/al\/wp-json\/wp\/v2\/types\/product"}],"replies":[{"embeddable":true,"href":"https:\/\/www.brikaelektrik.al\/al\/wp-json\/wp\/v2\/comments?post=2545"}],"wp:featuredmedia":[{"embeddable":true,"href":"https:\/\/www.brikaelektrik.al\/al\/wp-json\/wp\/v2\/media\/2546"}],"wp:attachment":[{"href":"https:\/\/www.brikaelektrik.al\/al\/wp-json\/wp\/v2\/media?parent=2545"}],"wp:term":[{"taxonomy":"product_brand","embeddable":true,"href":"https:\/\/www.brikaelektrik.al\/al\/wp-json\/wp\/v2\/product_brand?post=2545"},{"taxonomy":"product_cat","embeddable":true,"href":"https:\/\/www.brikaelektrik.al\/al\/wp-json\/wp\/v2\/product_cat?post=2545"},{"taxonomy":"product_tag","embeddable":true,"href":"https:\/\/www.brikaelektrik.al\/al\/wp-json\/wp\/v2\/product_tag?post=2545"}],"curies":[{"name":"wp","href":"https:\/\/api.w.org\/{rel}","templated":true}]}}