{"id":2549,"date":"2025-07-24T11:11:11","date_gmt":"2025-07-24T11:11:11","guid":{"rendered":"https:\/\/www.brikaelektrik.al\/?post_type=product&#038;p=2549"},"modified":"2025-07-24T11:11:12","modified_gmt":"2025-07-24T11:11:12","slug":"kapak-i-bardhe-alumini-6p","status":"publish","type":"product","link":"https:\/\/www.brikaelektrik.al\/al\/produkt\/kapak-i-bardhe-alumini-6p\/","title":{"rendered":"KAPAK I BARDH\u00cb ALUMINI 6P"},"content":{"rendered":"<p>Seria: Axolute<br data-start=\"62\" data-end=\"65\" \/>Lloji: Mbules\u00eb dekorative drejtk\u00ebnd\u00ebshe p\u00ebr 6 modula (form\u00eb standarde \u2013 \u201cBianco\u201d \/ White)<br data-start=\"158\" data-end=\"161\" \/>Montimi: Mural incasso (i integruar n\u00eb mur, horizontal)<br data-start=\"220\" data-end=\"223\" \/>Ngjyra: E bardh\u00eb\u00a0<br data-start=\"302\" data-end=\"305\" \/>Mbrojtje: IP20\u00a0<br data-start=\"361\" data-end=\"364\" \/>Materiali: Metal\u00a0<br data-start=\"496\" data-end=\"499\" \/>Formati i komand\u00ebs: Rectangular cover plate p\u00ebr 6 modula horizontal\u00eb<br data-start=\"571\" data-end=\"574\" \/>P\u00ebrmasat: 95.6mm (lart\u00ebsi) \u00d7 195.6mm (gjer\u00ebsi) \u00d7 8.3mm (thell\u00ebsi)<\/p>","protected":false},"excerpt":{"rendered":"<p>Seria: AxoluteLloji: Mbules\u00eb dekorative drejtk\u00ebnd\u00ebshe p\u00ebr 6 modula (form\u00eb standarde \u2013 \u201cBianco\u201d \/ White)Montimi: Mural incasso (i integruar n\u00eb mur, horizontal)Ngjyra: E bardh\u00eb\u00a0Mbrojtje: IP20\u00a0Materiali: Metal\u00a0Formati i komand\u00ebs: Rectangular cover plate p\u00ebr 6 modula horizontal\u00ebP\u00ebrmasat: 95.6mm (lart\u00ebsi) \u00d7 195.6mm (gjer\u00ebsi) \u00d7 8.3mm (thell\u00ebsi)<\/p>","protected":false},"featured_media":2550,"comment_status":"open","ping_status":"closed","template":"","meta":{"_acf_changed":false},"product_brand":[],"product_cat":[40,68],"product_tag":[],"class_list":{"0":"post-2549","1":"product","2":"type-product","3":"status-publish","4":"has-post-thumbnail","6":"product_cat-serite-civile","7":"product_cat-axolute","9":"first","10":"instock","11":"shipping-taxable","12":"product-type-simple"},"acf":[],"_links":{"self":[{"href":"https:\/\/www.brikaelektrik.al\/al\/wp-json\/wp\/v2\/product\/2549","targetHints":{"allow":["GET"]}}],"collection":[{"href":"https:\/\/www.brikaelektrik.al\/al\/wp-json\/wp\/v2\/product"}],"about":[{"href":"https:\/\/www.brikaelektrik.al\/al\/wp-json\/wp\/v2\/types\/product"}],"replies":[{"embeddable":true,"href":"https:\/\/www.brikaelektrik.al\/al\/wp-json\/wp\/v2\/comments?post=2549"}],"wp:featuredmedia":[{"embeddable":true,"href":"https:\/\/www.brikaelektrik.al\/al\/wp-json\/wp\/v2\/media\/2550"}],"wp:attachment":[{"href":"https:\/\/www.brikaelektrik.al\/al\/wp-json\/wp\/v2\/media?parent=2549"}],"wp:term":[{"taxonomy":"product_brand","embeddable":true,"href":"https:\/\/www.brikaelektrik.al\/al\/wp-json\/wp\/v2\/product_brand?post=2549"},{"taxonomy":"product_cat","embeddable":true,"href":"https:\/\/www.brikaelektrik.al\/al\/wp-json\/wp\/v2\/product_cat?post=2549"},{"taxonomy":"product_tag","embeddable":true,"href":"https:\/\/www.brikaelektrik.al\/al\/wp-json\/wp\/v2\/product_tag?post=2549"}],"curies":[{"name":"wp","href":"https:\/\/api.w.org\/{rel}","templated":true}]}}