{"id":2551,"date":"2025-07-24T11:53:47","date_gmt":"2025-07-24T11:53:47","guid":{"rendered":"https:\/\/www.brikaelektrik.al\/?post_type=product&#038;p=2551"},"modified":"2025-07-24T11:55:44","modified_gmt":"2025-07-24T11:55:44","slug":"2551","status":"publish","type":"product","link":"https:\/\/www.brikaelektrik.al\/al\/produkt\/2551\/","title":{"rendered":"KAPAK KATROR 3P"},"content":{"rendered":"<p>Seria: Axolute<br data-start=\"104\" data-end=\"107\" \/>Lloji: Mbules\u00eb dekorative drejtk\u00ebnd\u00ebshe p\u00ebr 3 modula (form\u00eb standarde \u2013 \u201cLimoges White\u201d)<br data-start=\"199\" data-end=\"202\" \/>Montimi: Mural incasso (i integruar n\u00eb mur, horizontal)<br data-start=\"261\" data-end=\"264\" \/>Ngjyra: E bardh\u00eb \u2013 Limoges White (Metal i lakuar)<br data-start=\"355\" data-end=\"358\" \/>Mbrojtje: IP20\u00a0<br data-start=\"438\" data-end=\"441\" \/>Materiali: Metal (alumin i lakuar, pa halogjen)<br data-start=\"530\" data-end=\"533\" \/>Formati i komand\u00ebs: Rectangular cover plate p\u00ebr 3 modula horizontal\u00eb<br data-start=\"605\" data-end=\"608\" \/>P\u00ebrmasat: 95.6mm (lart\u00ebsi) \u00d7 127mm (gjer\u00ebsi) \u00d7 8.3mm (thell\u00ebsi)<\/p>","protected":false},"excerpt":{"rendered":"<p>Seria: AxoluteLloji: Mbules\u00eb dekorative drejtk\u00ebnd\u00ebshe p\u00ebr 3 modula (form\u00eb standarde \u2013 \u201cLimoges White\u201d)Montimi: Mural incasso (i integruar n\u00eb mur, horizontal)Ngjyra: E bardh\u00eb \u2013 Limoges White (Metal i lakuar)Mbrojtje: IP20\u00a0Materiali: Metal (alumin i lakuar, pa halogjen)Formati i komand\u00ebs: Rectangular cover plate p\u00ebr 3 modula horizontal\u00ebP\u00ebrmasat: 95.6mm (lart\u00ebsi) \u00d7 127mm (gjer\u00ebsi) \u00d7 8.3mm (thell\u00ebsi)<\/p>","protected":false},"featured_media":2552,"comment_status":"open","ping_status":"closed","template":"","meta":{"_acf_changed":false},"product_brand":[],"product_cat":[40,68],"product_tag":[],"class_list":{"0":"post-2551","1":"product","2":"type-product","3":"status-publish","4":"has-post-thumbnail","6":"product_cat-serite-civile","7":"product_cat-axolute","9":"first","10":"instock","11":"shipping-taxable","12":"product-type-simple"},"acf":[],"_links":{"self":[{"href":"https:\/\/www.brikaelektrik.al\/al\/wp-json\/wp\/v2\/product\/2551","targetHints":{"allow":["GET"]}}],"collection":[{"href":"https:\/\/www.brikaelektrik.al\/al\/wp-json\/wp\/v2\/product"}],"about":[{"href":"https:\/\/www.brikaelektrik.al\/al\/wp-json\/wp\/v2\/types\/product"}],"replies":[{"embeddable":true,"href":"https:\/\/www.brikaelektrik.al\/al\/wp-json\/wp\/v2\/comments?post=2551"}],"wp:featuredmedia":[{"embeddable":true,"href":"https:\/\/www.brikaelektrik.al\/al\/wp-json\/wp\/v2\/media\/2552"}],"wp:attachment":[{"href":"https:\/\/www.brikaelektrik.al\/al\/wp-json\/wp\/v2\/media?parent=2551"}],"wp:term":[{"taxonomy":"product_brand","embeddable":true,"href":"https:\/\/www.brikaelektrik.al\/al\/wp-json\/wp\/v2\/product_brand?post=2551"},{"taxonomy":"product_cat","embeddable":true,"href":"https:\/\/www.brikaelektrik.al\/al\/wp-json\/wp\/v2\/product_cat?post=2551"},{"taxonomy":"product_tag","embeddable":true,"href":"https:\/\/www.brikaelektrik.al\/al\/wp-json\/wp\/v2\/product_tag?post=2551"}],"curies":[{"name":"wp","href":"https:\/\/api.w.org\/{rel}","templated":true}]}}