{"id":2553,"date":"2025-07-24T11:58:05","date_gmt":"2025-07-24T11:58:05","guid":{"rendered":"https:\/\/www.brikaelektrik.al\/?post_type=product&#038;p=2553"},"modified":"2025-07-24T11:58:05","modified_gmt":"2025-07-24T11:58:05","slug":"kapak-i-zi-katror-3p","status":"publish","type":"product","link":"https:\/\/www.brikaelektrik.al\/al\/produkt\/kapak-i-zi-katror-3p\/","title":{"rendered":"KAPAK I ZI KATROR 3P"},"content":{"rendered":"<p>Seria: Axolute<br data-start=\"104\" data-end=\"107\" \/>Lloji: Mbules\u00eb dekorative drejtk\u00ebnd\u00ebshe p\u00ebr 3 modula (form\u00eb standarde \u2013 \u201cAntracite Satinato\u201d \/ anthracite brushed)<br data-start=\"225\" data-end=\"228\" \/>Montimi: Mural incasso (i integruar n\u00eb mur, horizontal)<br data-start=\"287\" data-end=\"290\" \/>Ngjyra: Antracite satinato\u00a0<br data-start=\"390\" data-end=\"393\" \/>Mbrojtje: IP20<br data-start=\"449\" data-end=\"452\" \/>Materiali: Metal (alumin i anodizuar, pa halogjen)<br data-start=\"544\" data-end=\"547\" \/>Formati i komand\u00ebs: Rectangular cover plate p\u00ebr 3 modula horizontal\u00eb<br data-start=\"619\" data-end=\"622\" \/>P\u00ebrmasat: 95.6mm (lart\u00ebsi) \u00d7\u202f126.6mm (gjer\u00ebsi) \u00d7\u202f8.3mm (thell\u00ebsi)<\/p>","protected":false},"excerpt":{"rendered":"<p>Seria: AxoluteLloji: Mbules\u00eb dekorative drejtk\u00ebnd\u00ebshe p\u00ebr 3 modula (form\u00eb standarde \u2013 \u201cAntracite Satinato\u201d \/ anthracite brushed)Montimi: Mural incasso (i integruar n\u00eb mur, horizontal)Ngjyra: Antracite satinato\u00a0Mbrojtje: IP20Materiali: Metal (alumin i anodizuar, pa halogjen)Formati i komand\u00ebs: Rectangular cover plate p\u00ebr 3 modula horizontal\u00ebP\u00ebrmasat: 95.6mm (lart\u00ebsi) \u00d7\u202f126.6mm (gjer\u00ebsi) \u00d7\u202f8.3mm (thell\u00ebsi)<\/p>","protected":false},"featured_media":2554,"comment_status":"open","ping_status":"closed","template":"","meta":{"_acf_changed":false},"product_brand":[],"product_cat":[40,68],"product_tag":[],"class_list":{"0":"post-2553","1":"product","2":"type-product","3":"status-publish","4":"has-post-thumbnail","6":"product_cat-serite-civile","7":"product_cat-axolute","9":"first","10":"instock","11":"shipping-taxable","12":"product-type-simple"},"acf":[],"_links":{"self":[{"href":"https:\/\/www.brikaelektrik.al\/al\/wp-json\/wp\/v2\/product\/2553","targetHints":{"allow":["GET"]}}],"collection":[{"href":"https:\/\/www.brikaelektrik.al\/al\/wp-json\/wp\/v2\/product"}],"about":[{"href":"https:\/\/www.brikaelektrik.al\/al\/wp-json\/wp\/v2\/types\/product"}],"replies":[{"embeddable":true,"href":"https:\/\/www.brikaelektrik.al\/al\/wp-json\/wp\/v2\/comments?post=2553"}],"wp:featuredmedia":[{"embeddable":true,"href":"https:\/\/www.brikaelektrik.al\/al\/wp-json\/wp\/v2\/media\/2554"}],"wp:attachment":[{"href":"https:\/\/www.brikaelektrik.al\/al\/wp-json\/wp\/v2\/media?parent=2553"}],"wp:term":[{"taxonomy":"product_brand","embeddable":true,"href":"https:\/\/www.brikaelektrik.al\/al\/wp-json\/wp\/v2\/product_brand?post=2553"},{"taxonomy":"product_cat","embeddable":true,"href":"https:\/\/www.brikaelektrik.al\/al\/wp-json\/wp\/v2\/product_cat?post=2553"},{"taxonomy":"product_tag","embeddable":true,"href":"https:\/\/www.brikaelektrik.al\/al\/wp-json\/wp\/v2\/product_tag?post=2553"}],"curies":[{"name":"wp","href":"https:\/\/api.w.org\/{rel}","templated":true}]}}