{"id":2555,"date":"2025-07-24T12:05:13","date_gmt":"2025-07-24T12:05:13","guid":{"rendered":"https:\/\/www.brikaelektrik.al\/?post_type=product&#038;p=2555"},"modified":"2025-07-24T12:05:13","modified_gmt":"2025-07-24T12:05:13","slug":"kapak-katror-4p-2","status":"publish","type":"product","link":"https:\/\/www.brikaelektrik.al\/al\/produkt\/kapak-katror-4p-2\/","title":{"rendered":"KAPAK KATROR 4P"},"content":{"rendered":"<p>Seria: Axolute<br data-start=\"104\" data-end=\"107\" \/>Lloji: Mbules\u00eb dekorative drejtk\u00ebnd\u00ebshe p\u00ebr 4 modula\u00a0<br data-start=\"199\" data-end=\"202\" \/>Montimi: Mural incasso (i integruar n\u00eb mur, horizontal)<br data-start=\"261\" data-end=\"264\" \/>Ngjyra: E bardh\u00eb<br data-start=\"364\" data-end=\"367\" \/>Mbrojtje: IP20<br data-start=\"423\" data-end=\"426\" \/>Materiali: Metal (alumin i lakuar, pa halogjen)<br data-start=\"515\" data-end=\"518\" \/>Formati i komand\u00ebs: Rectangular cover plate p\u00ebr 4 modula horizontal\u00eb<br data-start=\"590\" data-end=\"593\" \/>P\u00ebrmasat: 95.6mm (lart\u00ebsi) \u00d7 150mm (gjer\u00ebsi) \u00d7 8.3mm (thell\u00ebsi)<\/p>","protected":false},"excerpt":{"rendered":"<p>Seria: AxoluteLloji: Mbules\u00eb dekorative drejtk\u00ebnd\u00ebshe p\u00ebr 4 modula\u00a0Montimi: Mural incasso (i integruar n\u00eb mur, horizontal)Ngjyra: E bardh\u00ebMbrojtje: IP20Materiali: Metal (alumin i lakuar, pa halogjen)Formati i komand\u00ebs: Rectangular cover plate p\u00ebr 4 modula horizontal\u00ebP\u00ebrmasat: 95.6mm (lart\u00ebsi) \u00d7 150mm (gjer\u00ebsi) \u00d7 8.3mm (thell\u00ebsi)<\/p>","protected":false},"featured_media":2556,"comment_status":"open","ping_status":"closed","template":"","meta":{"_acf_changed":false},"product_brand":[],"product_cat":[40,68],"product_tag":[],"class_list":{"0":"post-2555","1":"product","2":"type-product","3":"status-publish","4":"has-post-thumbnail","6":"product_cat-serite-civile","7":"product_cat-axolute","9":"first","10":"instock","11":"shipping-taxable","12":"product-type-simple"},"acf":[],"_links":{"self":[{"href":"https:\/\/www.brikaelektrik.al\/al\/wp-json\/wp\/v2\/product\/2555","targetHints":{"allow":["GET"]}}],"collection":[{"href":"https:\/\/www.brikaelektrik.al\/al\/wp-json\/wp\/v2\/product"}],"about":[{"href":"https:\/\/www.brikaelektrik.al\/al\/wp-json\/wp\/v2\/types\/product"}],"replies":[{"embeddable":true,"href":"https:\/\/www.brikaelektrik.al\/al\/wp-json\/wp\/v2\/comments?post=2555"}],"wp:featuredmedia":[{"embeddable":true,"href":"https:\/\/www.brikaelektrik.al\/al\/wp-json\/wp\/v2\/media\/2556"}],"wp:attachment":[{"href":"https:\/\/www.brikaelektrik.al\/al\/wp-json\/wp\/v2\/media?parent=2555"}],"wp:term":[{"taxonomy":"product_brand","embeddable":true,"href":"https:\/\/www.brikaelektrik.al\/al\/wp-json\/wp\/v2\/product_brand?post=2555"},{"taxonomy":"product_cat","embeddable":true,"href":"https:\/\/www.brikaelektrik.al\/al\/wp-json\/wp\/v2\/product_cat?post=2555"},{"taxonomy":"product_tag","embeddable":true,"href":"https:\/\/www.brikaelektrik.al\/al\/wp-json\/wp\/v2\/product_tag?post=2555"}],"curies":[{"name":"wp","href":"https:\/\/api.w.org\/{rel}","templated":true}]}}