{"id":2557,"date":"2025-07-24T12:31:18","date_gmt":"2025-07-24T12:31:18","guid":{"rendered":"https:\/\/www.brikaelektrik.al\/?post_type=product&#038;p=2557"},"modified":"2025-07-24T12:31:18","modified_gmt":"2025-07-24T12:31:18","slug":"kapak-katror-4p-3","status":"publish","type":"product","link":"https:\/\/www.brikaelektrik.al\/al\/produkt\/kapak-katror-4p-3\/","title":{"rendered":"KAPAK KATROR 4P"},"content":{"rendered":"<p>Seria: Axolute<br data-start=\"62\" data-end=\"65\" \/>Lloji: Mbules\u00eb dekorative drejtk\u00ebnd\u00ebshe p\u00ebr 6 modula (&#8220;Limoges White&#8221;)<br data-start=\"139\" data-end=\"142\" \/>Montimi: Mural incasso (i integruar n\u00eb mur, horizontal)<br data-start=\"201\" data-end=\"204\" \/>Ngjyra: E bardh\u00eb \u2013 Limoges White (lakuar, me shk\u00eblqim)<br data-start=\"300\" data-end=\"303\" \/>Mbrojtje: IP20\u00a0<br data-start=\"359\" data-end=\"362\" \/>Materiali: Metal (alumin i lakuar, pa halogjen)<br data-start=\"451\" data-end=\"454\" \/>Formati i komand\u00ebs: Rectangular cover plate p\u00ebr 6 modula horizontal\u00eb<br data-start=\"526\" data-end=\"529\" \/>P\u00ebrmasat: 95.6mm (lart\u00ebsi) \u00d7\u202f195.6mm (gjer\u00ebsi) \u00d7\u202f8.3mm (thell\u00ebsi)<\/p>","protected":false},"excerpt":{"rendered":"<p>Seria: AxoluteLloji: Mbules\u00eb dekorative drejtk\u00ebnd\u00ebshe p\u00ebr 6 modula (&#8220;Limoges White&#8221;)Montimi: Mural incasso (i integruar n\u00eb mur, horizontal)Ngjyra: E bardh\u00eb \u2013 Limoges White (lakuar, me shk\u00eblqim)Mbrojtje: IP20\u00a0Materiali: Metal (alumin i lakuar, pa halogjen)Formati i komand\u00ebs: Rectangular cover plate p\u00ebr 6 modula horizontal\u00ebP\u00ebrmasat: 95.6mm (lart\u00ebsi) \u00d7\u202f195.6mm (gjer\u00ebsi) \u00d7\u202f8.3mm (thell\u00ebsi)<\/p>","protected":false},"featured_media":2559,"comment_status":"open","ping_status":"closed","template":"","meta":{"_acf_changed":false},"product_brand":[],"product_cat":[40,68],"product_tag":[],"class_list":{"0":"post-2557","1":"product","2":"type-product","3":"status-publish","4":"has-post-thumbnail","6":"product_cat-serite-civile","7":"product_cat-axolute","9":"first","10":"instock","11":"shipping-taxable","12":"product-type-simple"},"acf":[],"_links":{"self":[{"href":"https:\/\/www.brikaelektrik.al\/al\/wp-json\/wp\/v2\/product\/2557","targetHints":{"allow":["GET"]}}],"collection":[{"href":"https:\/\/www.brikaelektrik.al\/al\/wp-json\/wp\/v2\/product"}],"about":[{"href":"https:\/\/www.brikaelektrik.al\/al\/wp-json\/wp\/v2\/types\/product"}],"replies":[{"embeddable":true,"href":"https:\/\/www.brikaelektrik.al\/al\/wp-json\/wp\/v2\/comments?post=2557"}],"wp:featuredmedia":[{"embeddable":true,"href":"https:\/\/www.brikaelektrik.al\/al\/wp-json\/wp\/v2\/media\/2559"}],"wp:attachment":[{"href":"https:\/\/www.brikaelektrik.al\/al\/wp-json\/wp\/v2\/media?parent=2557"}],"wp:term":[{"taxonomy":"product_brand","embeddable":true,"href":"https:\/\/www.brikaelektrik.al\/al\/wp-json\/wp\/v2\/product_brand?post=2557"},{"taxonomy":"product_cat","embeddable":true,"href":"https:\/\/www.brikaelektrik.al\/al\/wp-json\/wp\/v2\/product_cat?post=2557"},{"taxonomy":"product_tag","embeddable":true,"href":"https:\/\/www.brikaelektrik.al\/al\/wp-json\/wp\/v2\/product_tag?post=2557"}],"curies":[{"name":"wp","href":"https:\/\/api.w.org\/{rel}","templated":true}]}}