{"id":2562,"date":"2025-07-24T12:46:42","date_gmt":"2025-07-24T12:46:42","guid":{"rendered":"https:\/\/www.brikaelektrik.al\/?post_type=product&#038;p=2562"},"modified":"2025-07-24T12:46:42","modified_gmt":"2025-07-24T12:46:42","slug":"kapak-i-zi-katror-4p","status":"publish","type":"product","link":"https:\/\/www.brikaelektrik.al\/al\/produkt\/kapak-i-zi-katror-4p\/","title":{"rendered":"KAPAK I ZI KATROR 4P"},"content":{"rendered":"<p>Seria: Axolute<br data-start=\"104\" data-end=\"107\" \/>Lloji: Mbules\u00eb dekorative drejtk\u00ebnd\u00ebshe p\u00ebr 4 modula\u00a0<br data-start=\"247\" data-end=\"250\" \/>Montimi: Mural incasso (i integruar n\u00eb mur, horizontal)<br data-start=\"347\" data-end=\"350\" \/>Ngjyra: Antracite \u2013 e err\u00ebt, satinato\u00a0<br data-start=\"442\" data-end=\"445\" \/>Mbrojtje: IP20<br data-start=\"501\" data-end=\"504\" \/>Materiali: Metal (alumin i anodizuar, pa halogjen\u00eb), sip\u00ebrfaqe satine \u2013 e holl\u00eb<br data-start=\"625\" data-end=\"628\" \/>Formati i komand\u00ebs: Rectangular cover plate p\u00ebr 4 modula horizontal\u00eb<br data-start=\"738\" data-end=\"741\" \/>P\u00ebrmasat: 95.6mm (lart\u00ebsi) \u00d7 149.6mm (gjer\u00ebsi) \u00d7 8.3mm (thell\u00ebsi)<\/p>","protected":false},"excerpt":{"rendered":"<p>Seria: AxoluteLloji: Mbules\u00eb dekorative drejtk\u00ebnd\u00ebshe p\u00ebr 4 modula\u00a0Montimi: Mural incasso (i integruar n\u00eb mur, horizontal)Ngjyra: Antracite \u2013 e err\u00ebt, satinato\u00a0Mbrojtje: IP20Materiali: Metal (alumin i anodizuar, pa halogjen\u00eb), sip\u00ebrfaqe satine \u2013 e holl\u00ebFormati i komand\u00ebs: Rectangular cover plate p\u00ebr 4 modula horizontal\u00ebP\u00ebrmasat: 95.6mm (lart\u00ebsi) \u00d7 149.6mm (gjer\u00ebsi) \u00d7 8.3mm (thell\u00ebsi)<\/p>","protected":false},"featured_media":2563,"comment_status":"open","ping_status":"closed","template":"","meta":{"_acf_changed":false},"product_brand":[],"product_cat":[40,68],"product_tag":[],"class_list":{"0":"post-2562","1":"product","2":"type-product","3":"status-publish","4":"has-post-thumbnail","6":"product_cat-serite-civile","7":"product_cat-axolute","9":"first","10":"instock","11":"shipping-taxable","12":"product-type-simple"},"acf":[],"_links":{"self":[{"href":"https:\/\/www.brikaelektrik.al\/al\/wp-json\/wp\/v2\/product\/2562","targetHints":{"allow":["GET"]}}],"collection":[{"href":"https:\/\/www.brikaelektrik.al\/al\/wp-json\/wp\/v2\/product"}],"about":[{"href":"https:\/\/www.brikaelektrik.al\/al\/wp-json\/wp\/v2\/types\/product"}],"replies":[{"embeddable":true,"href":"https:\/\/www.brikaelektrik.al\/al\/wp-json\/wp\/v2\/comments?post=2562"}],"wp:featuredmedia":[{"embeddable":true,"href":"https:\/\/www.brikaelektrik.al\/al\/wp-json\/wp\/v2\/media\/2563"}],"wp:attachment":[{"href":"https:\/\/www.brikaelektrik.al\/al\/wp-json\/wp\/v2\/media?parent=2562"}],"wp:term":[{"taxonomy":"product_brand","embeddable":true,"href":"https:\/\/www.brikaelektrik.al\/al\/wp-json\/wp\/v2\/product_brand?post=2562"},{"taxonomy":"product_cat","embeddable":true,"href":"https:\/\/www.brikaelektrik.al\/al\/wp-json\/wp\/v2\/product_cat?post=2562"},{"taxonomy":"product_tag","embeddable":true,"href":"https:\/\/www.brikaelektrik.al\/al\/wp-json\/wp\/v2\/product_tag?post=2562"}],"curies":[{"name":"wp","href":"https:\/\/api.w.org\/{rel}","templated":true}]}}