{"id":2568,"date":"2025-07-24T13:28:54","date_gmt":"2025-07-24T13:28:54","guid":{"rendered":"https:\/\/www.brikaelektrik.al\/?post_type=product&#038;p=2568"},"modified":"2025-07-28T12:58:03","modified_gmt":"2025-07-28T12:58:03","slug":"prize-interneti-cat6-toolless","status":"publish","type":"product","link":"https:\/\/www.brikaelektrik.al\/al\/produkt\/prize-interneti-cat6-toolless\/","title":{"rendered":"PRIZ\u00cb INTERNETI CAT6 TOOLLESS"},"content":{"rendered":"<p>Seria: Axolute<br data-start=\"104\" data-end=\"107\" \/>Lloji: Konektor RJ45 kategori 6 UTP, toolless (pa p\u00ebrdorur vegla)<br data-start=\"176\" data-end=\"179\" \/>Rrjeti: Ethernet 1 Gbps (Gigabit)<br data-start=\"216\" data-end=\"219\" \/>Montimi: Mural incasso (i integruar n\u00eb mur, 1 modul)<br data-start=\"275\" data-end=\"278\" \/>Ngjyra: E bardh\u00eb<br data-start=\"298\" data-end=\"301\" \/>Mbrojtje: IP21 (mbrojtje kund\u00ebr pluhurit dhe pikave t\u00eb ujit)<br data-start=\"365\" data-end=\"368\" \/>Materiali: Termoplastik ABS pa halogjen<br data-start=\"411\" data-end=\"414\" \/>Formati i komand\u00ebs: RJ45 8P8C, lidhje me teknologji IDC toolless<br data-start=\"482\" data-end=\"485\" \/>P\u00ebrmasat: 45mm (lart\u00ebsi) \u00d7 22.3mm (gjer\u00ebsi) \u00d7 37.2mm (thell\u00ebsi)<br data-start=\"555\" data-end=\"558\" \/>Temperatura e funksionimit: \u20135 \u00b0C deri +35 \u00b0C<br data-start=\"607\" data-end=\"610\" \/>Rezistenc\u00eb ndaj goditjeve: IK03<br data-start=\"645\" data-end=\"648\" \/>Kapaciteti i transmetimit: Deri n\u00eb 250 MHz, mb\u00ebshtet PoE<br data-start=\"708\" data-end=\"711\" \/>Pesha: Rreth 16g<br data-start=\"815\" data-end=\"818\" \/>P\u00ebrdorim: P\u00ebrshtatet me mbajt\u00ebs Axolute 1-modul dhe pllaka dekorative p\u00ebr serin\u00eb Axolute<\/p>","protected":false},"excerpt":{"rendered":"<p>Seria: AxoluteLloji: Konektor RJ45 kategori 6 UTP, toolless (pa p\u00ebrdorur vegla)Rrjeti: Ethernet 1 Gbps (Gigabit)Montimi: Mural incasso (i integruar n\u00eb mur, 1 modul)Ngjyra: E bardh\u00ebMbrojtje: IP21 (mbrojtje kund\u00ebr pluhurit dhe pikave t\u00eb ujit)Materiali: Termoplastik ABS pa halogjenFormati i komand\u00ebs: RJ45 8P8C, lidhje me teknologji IDC toollessP\u00ebrmasat: 45mm (lart\u00ebsi) \u00d7 22.3mm (gjer\u00ebsi) \u00d7 37.2mm (thell\u00ebsi)Temperatura e [&hellip;]<\/p>","protected":false},"featured_media":2569,"comment_status":"open","ping_status":"closed","template":"","meta":{"_acf_changed":false},"product_brand":[],"product_cat":[40,68],"product_tag":[],"class_list":{"0":"post-2568","1":"product","2":"type-product","3":"status-publish","4":"has-post-thumbnail","6":"product_cat-serite-civile","7":"product_cat-axolute","9":"first","10":"instock","11":"shipping-taxable","12":"product-type-simple"},"acf":[],"_links":{"self":[{"href":"https:\/\/www.brikaelektrik.al\/al\/wp-json\/wp\/v2\/product\/2568","targetHints":{"allow":["GET"]}}],"collection":[{"href":"https:\/\/www.brikaelektrik.al\/al\/wp-json\/wp\/v2\/product"}],"about":[{"href":"https:\/\/www.brikaelektrik.al\/al\/wp-json\/wp\/v2\/types\/product"}],"replies":[{"embeddable":true,"href":"https:\/\/www.brikaelektrik.al\/al\/wp-json\/wp\/v2\/comments?post=2568"}],"wp:featuredmedia":[{"embeddable":true,"href":"https:\/\/www.brikaelektrik.al\/al\/wp-json\/wp\/v2\/media\/2569"}],"wp:attachment":[{"href":"https:\/\/www.brikaelektrik.al\/al\/wp-json\/wp\/v2\/media?parent=2568"}],"wp:term":[{"taxonomy":"product_brand","embeddable":true,"href":"https:\/\/www.brikaelektrik.al\/al\/wp-json\/wp\/v2\/product_brand?post=2568"},{"taxonomy":"product_cat","embeddable":true,"href":"https:\/\/www.brikaelektrik.al\/al\/wp-json\/wp\/v2\/product_cat?post=2568"},{"taxonomy":"product_tag","embeddable":true,"href":"https:\/\/www.brikaelektrik.al\/al\/wp-json\/wp\/v2\/product_tag?post=2568"}],"curies":[{"name":"wp","href":"https:\/\/api.w.org\/{rel}","templated":true}]}}