{"id":2570,"date":"2025-07-24T13:56:02","date_gmt":"2025-07-24T13:56:02","guid":{"rendered":"https:\/\/www.brikaelektrik.al\/?post_type=product&#038;p=2570"},"modified":"2025-07-24T14:19:59","modified_gmt":"2025-07-24T14:19:59","slug":"prize-interneti-gri-rj45-stp-cat-6","status":"publish","type":"product","link":"https:\/\/www.brikaelektrik.al\/al\/produkt\/prize-interneti-gri-rj45-stp-cat-6\/","title":{"rendered":"PRIZ\u00cb INTERNETI GRI RJ45 STP CAT6"},"content":{"rendered":"<p>Seria: Axolute<br data-start=\"107\" data-end=\"110\" \/>Lloji: Konektor RJ45 kategori 6 FTP (Screened), toolless (pa vegla)<br data-start=\"181\" data-end=\"184\" \/>Rrjeti: Ethernet 1 Gbps (Gigabit) me mbrojtje nga interferencat elektromagnetike (FTP)<br data-start=\"274\" data-end=\"277\" \/>Montimi: Mural incasso (i integruar n\u00eb mur, 1 modul)<br data-start=\"333\" data-end=\"336\" \/>Ngjyra: E bardh\u00eb<br data-start=\"356\" data-end=\"359\" \/>Mbrojtje: IP21 (mbrojtje kund\u00ebr pluhurit dhe pikave t\u00eb ujit)<br data-start=\"423\" data-end=\"426\" \/>Materiali: Termoplastik ABS pa halogjen<br data-start=\"469\" data-end=\"472\" \/>Formati i komand\u00ebs: RJ45 8P8C, lidhje me teknologji IDC toolless<br data-start=\"540\" data-end=\"543\" \/>P\u00ebrmasat: 45mm (lart\u00ebsi) \u00d7 22.3mm (gjer\u00ebsi) \u00d7 37.2mm (thell\u00ebsi)<br data-start=\"613\" data-end=\"616\" \/>Temperatura e funksionimit: \u20135 \u00b0C deri +35 \u00b0C<br data-start=\"665\" data-end=\"668\" \/>Rezistenc\u00eb ndaj goditjeve: IK03<br data-start=\"703\" data-end=\"706\" \/>Kapaciteti i transmetimit: Deri n\u00eb 250MHz, mb\u00ebshtet PoE<br data-start=\"766\" data-end=\"769\" \/>Pesha: Rreth 16g<br data-start=\"873\" data-end=\"876\" \/>P\u00ebrdorim: P\u00ebrshtatet me mbajt\u00ebs Axolute 1-modul dhe pllaka dekorative p\u00ebr serin\u00eb Axolute<\/p>","protected":false},"excerpt":{"rendered":"<p>Seria: AxoluteLloji: Konektor RJ45 kategori 6 FTP (Screened), toolless (pa vegla)Rrjeti: Ethernet 1 Gbps (Gigabit) me mbrojtje nga interferencat elektromagnetike (FTP)Montimi: Mural incasso (i integruar n\u00eb mur, 1 modul)Ngjyra: E bardh\u00ebMbrojtje: IP21 (mbrojtje kund\u00ebr pluhurit dhe pikave t\u00eb ujit)Materiali: Termoplastik ABS pa halogjenFormati i komand\u00ebs: RJ45 8P8C, lidhje me teknologji IDC toollessP\u00ebrmasat: 45mm (lart\u00ebsi) \u00d7 [&hellip;]<\/p>","protected":false},"featured_media":2571,"comment_status":"open","ping_status":"closed","template":"","meta":{"_acf_changed":false},"product_brand":[],"product_cat":[40,68],"product_tag":[],"class_list":{"0":"post-2570","1":"product","2":"type-product","3":"status-publish","4":"has-post-thumbnail","6":"product_cat-serite-civile","7":"product_cat-axolute","9":"first","10":"instock","11":"shipping-taxable","12":"product-type-simple"},"acf":[],"_links":{"self":[{"href":"https:\/\/www.brikaelektrik.al\/al\/wp-json\/wp\/v2\/product\/2570","targetHints":{"allow":["GET"]}}],"collection":[{"href":"https:\/\/www.brikaelektrik.al\/al\/wp-json\/wp\/v2\/product"}],"about":[{"href":"https:\/\/www.brikaelektrik.al\/al\/wp-json\/wp\/v2\/types\/product"}],"replies":[{"embeddable":true,"href":"https:\/\/www.brikaelektrik.al\/al\/wp-json\/wp\/v2\/comments?post=2570"}],"wp:featuredmedia":[{"embeddable":true,"href":"https:\/\/www.brikaelektrik.al\/al\/wp-json\/wp\/v2\/media\/2571"}],"wp:attachment":[{"href":"https:\/\/www.brikaelektrik.al\/al\/wp-json\/wp\/v2\/media?parent=2570"}],"wp:term":[{"taxonomy":"product_brand","embeddable":true,"href":"https:\/\/www.brikaelektrik.al\/al\/wp-json\/wp\/v2\/product_brand?post=2570"},{"taxonomy":"product_cat","embeddable":true,"href":"https:\/\/www.brikaelektrik.al\/al\/wp-json\/wp\/v2\/product_cat?post=2570"},{"taxonomy":"product_tag","embeddable":true,"href":"https:\/\/www.brikaelektrik.al\/al\/wp-json\/wp\/v2\/product_tag?post=2570"}],"curies":[{"name":"wp","href":"https:\/\/api.w.org\/{rel}","templated":true}]}}