{"id":2575,"date":"2025-07-24T14:24:35","date_gmt":"2025-07-24T14:24:35","guid":{"rendered":"https:\/\/www.brikaelektrik.al\/?post_type=product&#038;p=2575"},"modified":"2025-07-24T14:24:35","modified_gmt":"2025-07-24T14:24:35","slug":"prize-shuko-gri-2pt-16a","status":"publish","type":"product","link":"https:\/\/www.brikaelektrik.al\/al\/produkt\/prize-shuko-gri-2pt-16a\/","title":{"rendered":"PRIZ\u00cb SHUKO GRI 2P+T 16A"},"content":{"rendered":"<p data-start=\"153\" data-end=\"733\">Seria: Axolute<br data-start=\"171\" data-end=\"174\" \/>Lloji: Priz\u00eb elektrike bipasso 2P+T me kontakt toke (standard italian dhe gjerman)<br data-start=\"260\" data-end=\"263\" \/>Rryma nominale: 16A<br data-start=\"287\" data-end=\"290\" \/>Tensioni nominal: 250V AC \u2013 50\/60\u202fHz<br data-start=\"331\" data-end=\"334\" \/>Montimi: Mural incasso (i integruar n\u00eb mur), 2 module<br data-start=\"391\" data-end=\"394\" \/>Ngjyra: Gri\u00a0<br data-start=\"431\" data-end=\"434\" \/>Mbrojtje: IP20 (e p\u00ebrshtatshme p\u00ebr p\u00ebrdorim t\u00eb brendsh\u00ebm)<br data-start=\"495\" data-end=\"498\" \/>Materiali: Termoplastik pa halogjen<br data-start=\"537\" data-end=\"540\" \/>Formati i komand\u00ebs: Priz\u00eb italiane dhe gjermane me kontakt tok\u00eb an\u00ebsor dhe qendror (bipasso)<br data-start=\"636\" data-end=\"639\" \/>P\u00ebrmasat: 45mm (lart\u00ebsi) \u00d7 45mm (gjer\u00ebsi) \u00d7 41.5mm (thell\u00ebsi)<br data-start=\"707\" data-end=\"710\" \/>Standard prizash:<\/p>\n<ul data-start=\"734\" data-end=\"832\">\n<li data-start=\"734\" data-end=\"773\">\n<p data-start=\"736\" data-end=\"773\">Italian (CEI 23-50) me boshte 19 mm<\/p>\n<\/li>\n<li data-start=\"774\" data-end=\"832\">\n<p data-start=\"776\" data-end=\"832\">Gjerman (Schuko) me kontakt tok\u00eb an\u00ebsor (boshte 26 mm)<\/p>\n<\/li>\n<\/ul>\n<p data-start=\"834\" data-end=\"1190\">Lidhje elektrike: Me vid\u00eb (terminale t\u00eb fiksuara)<br data-start=\"887\" data-end=\"890\" \/>Tipi: Jo ndri\u00e7ues (pa indikator LED)<br data-start=\"930\" data-end=\"933\" \/>Temperatura e funksionimit: \u20135\u202f\u00b0C deri +35\u202f\u00b0C<br data-start=\"982\" data-end=\"985\" \/>Rezistenc\u00eb ndaj goditjeve: IK03<br data-start=\"1020\" data-end=\"1023\" \/>Pesha: ~35g<br data-start=\"1101\" data-end=\"1104\" \/>P\u00ebrdorim: P\u00ebrdoret p\u00ebr pajisje elektrike me priz\u00eb italiane ose Schuko deri n\u00eb 16A<\/p>","protected":false},"excerpt":{"rendered":"<p>Seria: AxoluteLloji: Priz\u00eb elektrike bipasso 2P+T me kontakt toke (standard italian dhe gjerman)Rryma nominale: 16ATensioni nominal: 250V AC \u2013 50\/60\u202fHzMontimi: Mural incasso (i integruar n\u00eb mur), 2 moduleNgjyra: Gri\u00a0Mbrojtje: IP20 (e p\u00ebrshtatshme p\u00ebr p\u00ebrdorim t\u00eb brendsh\u00ebm)Materiali: Termoplastik pa halogjenFormati i komand\u00ebs: Priz\u00eb italiane dhe gjermane me kontakt tok\u00eb an\u00ebsor dhe qendror (bipasso)P\u00ebrmasat: 45mm (lart\u00ebsi) \u00d7 [&hellip;]<\/p>","protected":false},"featured_media":2576,"comment_status":"open","ping_status":"closed","template":"","meta":{"_acf_changed":false},"product_brand":[],"product_cat":[40,68],"product_tag":[],"class_list":{"0":"post-2575","1":"product","2":"type-product","3":"status-publish","4":"has-post-thumbnail","6":"product_cat-serite-civile","7":"product_cat-axolute","9":"first","10":"instock","11":"shipping-taxable","12":"product-type-simple"},"acf":[],"_links":{"self":[{"href":"https:\/\/www.brikaelektrik.al\/al\/wp-json\/wp\/v2\/product\/2575","targetHints":{"allow":["GET"]}}],"collection":[{"href":"https:\/\/www.brikaelektrik.al\/al\/wp-json\/wp\/v2\/product"}],"about":[{"href":"https:\/\/www.brikaelektrik.al\/al\/wp-json\/wp\/v2\/types\/product"}],"replies":[{"embeddable":true,"href":"https:\/\/www.brikaelektrik.al\/al\/wp-json\/wp\/v2\/comments?post=2575"}],"wp:featuredmedia":[{"embeddable":true,"href":"https:\/\/www.brikaelektrik.al\/al\/wp-json\/wp\/v2\/media\/2576"}],"wp:attachment":[{"href":"https:\/\/www.brikaelektrik.al\/al\/wp-json\/wp\/v2\/media?parent=2575"}],"wp:term":[{"taxonomy":"product_brand","embeddable":true,"href":"https:\/\/www.brikaelektrik.al\/al\/wp-json\/wp\/v2\/product_brand?post=2575"},{"taxonomy":"product_cat","embeddable":true,"href":"https:\/\/www.brikaelektrik.al\/al\/wp-json\/wp\/v2\/product_cat?post=2575"},{"taxonomy":"product_tag","embeddable":true,"href":"https:\/\/www.brikaelektrik.al\/al\/wp-json\/wp\/v2\/product_tag?post=2575"}],"curies":[{"name":"wp","href":"https:\/\/api.w.org\/{rel}","templated":true}]}}