{"id":2577,"date":"2025-07-24T14:28:02","date_gmt":"2025-07-24T14:28:02","guid":{"rendered":"https:\/\/www.brikaelektrik.al\/?post_type=product&#038;p=2577"},"modified":"2025-07-24T14:28:02","modified_gmt":"2025-07-24T14:28:02","slug":"prize-gri-tf-rj11","status":"publish","type":"product","link":"https:\/\/www.brikaelektrik.al\/al\/produkt\/prize-gri-tf-rj11\/","title":{"rendered":"PRIZ\u00cb GRI TF RJ11"},"content":{"rendered":"<p>Seria: Axolute<br data-start=\"104\" data-end=\"107\" \/>Lloji: Kon\u00ebktor telefoni RJ11 \u2013 lidhje K10 (4 kontake)<br data-start=\"165\" data-end=\"168\" \/>Montimi: Mural incasso (1 modul)<br data-start=\"204\" data-end=\"207\" \/>Ngjyra: Alumini (Tech finish, RAL\u202f7035)\u00a0<br data-start=\"288\" data-end=\"291\" \/>Mbrojtje: IP20 (p\u00ebr p\u00ebrdorim t\u00eb brendsh\u00ebm)\u00a0<br data-start=\"375\" data-end=\"378\" \/>Materiali: Plastik\u00eb teknike ABS pa halogjen\u00eb<br data-start=\"464\" data-end=\"467\" \/>Formati i komand\u00ebs: RJ11 6P4C (4 kontakte) \u2013 p\u00ebrdoret p\u00ebr linja telefonike\/ADSL<br data-start=\"550\" data-end=\"553\" \/>P\u00ebrmasat: 45mm (lart\u00ebsi) \u00d7 45.1mm (gjer\u00ebsi) \u00d7 30.9mm (thell\u00ebsi instalimi)<br data-start=\"671\" data-end=\"674\" \/>Numri module: 1 modul Axolute<\/p>","protected":false},"excerpt":{"rendered":"<p>Seria: AxoluteLloji: Kon\u00ebktor telefoni RJ11 \u2013 lidhje K10 (4 kontake)Montimi: Mural incasso (1 modul)Ngjyra: Alumini (Tech finish, RAL\u202f7035)\u00a0Mbrojtje: IP20 (p\u00ebr p\u00ebrdorim t\u00eb brendsh\u00ebm)\u00a0Materiali: Plastik\u00eb teknike ABS pa halogjen\u00ebFormati i komand\u00ebs: RJ11 6P4C (4 kontakte) \u2013 p\u00ebrdoret p\u00ebr linja telefonike\/ADSLP\u00ebrmasat: 45mm (lart\u00ebsi) \u00d7 45.1mm (gjer\u00ebsi) \u00d7 30.9mm (thell\u00ebsi instalimi)Numri module: 1 modul Axolute<\/p>","protected":false},"featured_media":2578,"comment_status":"open","ping_status":"closed","template":"","meta":{"_acf_changed":false},"product_brand":[],"product_cat":[40,68],"product_tag":[],"class_list":{"0":"post-2577","1":"product","2":"type-product","3":"status-publish","4":"has-post-thumbnail","6":"product_cat-serite-civile","7":"product_cat-axolute","9":"first","10":"instock","11":"shipping-taxable","12":"product-type-simple"},"acf":[],"_links":{"self":[{"href":"https:\/\/www.brikaelektrik.al\/al\/wp-json\/wp\/v2\/product\/2577","targetHints":{"allow":["GET"]}}],"collection":[{"href":"https:\/\/www.brikaelektrik.al\/al\/wp-json\/wp\/v2\/product"}],"about":[{"href":"https:\/\/www.brikaelektrik.al\/al\/wp-json\/wp\/v2\/types\/product"}],"replies":[{"embeddable":true,"href":"https:\/\/www.brikaelektrik.al\/al\/wp-json\/wp\/v2\/comments?post=2577"}],"wp:featuredmedia":[{"embeddable":true,"href":"https:\/\/www.brikaelektrik.al\/al\/wp-json\/wp\/v2\/media\/2578"}],"wp:attachment":[{"href":"https:\/\/www.brikaelektrik.al\/al\/wp-json\/wp\/v2\/media?parent=2577"}],"wp:term":[{"taxonomy":"product_brand","embeddable":true,"href":"https:\/\/www.brikaelektrik.al\/al\/wp-json\/wp\/v2\/product_brand?post=2577"},{"taxonomy":"product_cat","embeddable":true,"href":"https:\/\/www.brikaelektrik.al\/al\/wp-json\/wp\/v2\/product_cat?post=2577"},{"taxonomy":"product_tag","embeddable":true,"href":"https:\/\/www.brikaelektrik.al\/al\/wp-json\/wp\/v2\/product_tag?post=2577"}],"curies":[{"name":"wp","href":"https:\/\/api.w.org\/{rel}","templated":true}]}}