{"id":2582,"date":"2025-07-28T12:56:43","date_gmt":"2025-07-28T12:56:43","guid":{"rendered":"https:\/\/www.brikaelektrik.al\/?post_type=product&#038;p=2582"},"modified":"2025-07-28T12:56:43","modified_gmt":"2025-07-28T12:56:43","slug":"prize-tv-e-bardhe-e-zeze-gri","status":"publish","type":"product","link":"https:\/\/www.brikaelektrik.al\/al\/produkt\/prize-tv-e-bardhe-e-zeze-gri\/","title":{"rendered":"PRIZ\u00cb TV E BARDH\u00cb, E ZEZ\u00cb, GRI"},"content":{"rendered":"<p>Seria: Axolute<br data-start=\"188\" data-end=\"191\" \/>Lloji: Priz\u00eb TV-SAT koaksiale (male) p\u00ebr sisteme individuale dhe qendrore<br data-start=\"246\" data-end=\"249\" \/>Montimi: Mural incasso (1 modul)<br data-start=\"331\" data-end=\"334\" \/>Mbrojtje: IP20 (vet\u00ebm p\u00ebr ambiente t\u00eb brendshme)<br data-start=\"386\" data-end=\"389\" \/>Materiali: Termoplastik ABS pa halogjen\u00eb<br data-start=\"437\" data-end=\"440\" \/>Formati i komand\u00ebs: Koaksial \u00d8 9.5mm \u2013 lidhje mashkull (male connector)<br data-start=\"520\" data-end=\"523\" \/>P\u00ebrmasat: 45mm (lart\u00ebsi) \u00d7 22.5mm (gjer\u00ebsi) \u00d7 ~30mm (thell\u00ebsi instalimi)<br data-start=\"603\" data-end=\"606\" \/>Numri i moduleve: 1 modul Axolute<br data-start=\"643\" data-end=\"646\" \/>P\u00ebrdorim: P\u00ebr instalime TV\/SAT ku k\u00ebrkohet lidhje mashkull me dalje sinjali dhe tensioni \u2013 kompatib\u00ebl me mbajt\u00ebset dhe platformat e seris\u00eb Axolute<\/p>","protected":false},"excerpt":{"rendered":"<p>Seria: AxoluteLloji: Priz\u00eb TV-SAT koaksiale (male) p\u00ebr sisteme individuale dhe qendroreMontimi: Mural incasso (1 modul)Mbrojtje: IP20 (vet\u00ebm p\u00ebr ambiente t\u00eb brendshme)Materiali: Termoplastik ABS pa halogjen\u00ebFormati i komand\u00ebs: Koaksial \u00d8 9.5mm \u2013 lidhje mashkull (male connector)P\u00ebrmasat: 45mm (lart\u00ebsi) \u00d7 22.5mm (gjer\u00ebsi) \u00d7 ~30mm (thell\u00ebsi instalimi)Numri i moduleve: 1 modul AxoluteP\u00ebrdorim: P\u00ebr instalime TV\/SAT ku k\u00ebrkohet lidhje [&hellip;]<\/p>","protected":false},"featured_media":2581,"comment_status":"open","ping_status":"closed","template":"","meta":{"_acf_changed":false},"product_brand":[],"product_cat":[40,68],"product_tag":[],"class_list":{"0":"post-2582","1":"product","2":"type-product","3":"status-publish","4":"has-post-thumbnail","6":"product_cat-serite-civile","7":"product_cat-axolute","9":"first","10":"instock","11":"shipping-taxable","12":"product-type-simple"},"acf":[],"_links":{"self":[{"href":"https:\/\/www.brikaelektrik.al\/al\/wp-json\/wp\/v2\/product\/2582","targetHints":{"allow":["GET"]}}],"collection":[{"href":"https:\/\/www.brikaelektrik.al\/al\/wp-json\/wp\/v2\/product"}],"about":[{"href":"https:\/\/www.brikaelektrik.al\/al\/wp-json\/wp\/v2\/types\/product"}],"replies":[{"embeddable":true,"href":"https:\/\/www.brikaelektrik.al\/al\/wp-json\/wp\/v2\/comments?post=2582"}],"wp:featuredmedia":[{"embeddable":true,"href":"https:\/\/www.brikaelektrik.al\/al\/wp-json\/wp\/v2\/media\/2581"}],"wp:attachment":[{"href":"https:\/\/www.brikaelektrik.al\/al\/wp-json\/wp\/v2\/media?parent=2582"}],"wp:term":[{"taxonomy":"product_brand","embeddable":true,"href":"https:\/\/www.brikaelektrik.al\/al\/wp-json\/wp\/v2\/product_brand?post=2582"},{"taxonomy":"product_cat","embeddable":true,"href":"https:\/\/www.brikaelektrik.al\/al\/wp-json\/wp\/v2\/product_cat?post=2582"},{"taxonomy":"product_tag","embeddable":true,"href":"https:\/\/www.brikaelektrik.al\/al\/wp-json\/wp\/v2\/product_tag?post=2582"}],"curies":[{"name":"wp","href":"https:\/\/api.w.org\/{rel}","templated":true}]}}