{"id":2583,"date":"2025-07-28T13:08:51","date_gmt":"2025-07-28T13:08:51","guid":{"rendered":"https:\/\/www.brikaelektrik.al\/?post_type=product&#038;p=2583"},"modified":"2025-07-28T13:08:51","modified_gmt":"2025-07-28T13:08:51","slug":"prize-usb-e-bardhe","status":"publish","type":"product","link":"https:\/\/www.brikaelektrik.al\/al\/produkt\/prize-usb-e-bardhe\/","title":{"rendered":"PRIZ\u00cb USB E BARDH\u00cb"},"content":{"rendered":"<p>Seria: Axolute<br data-start=\"217\" data-end=\"220\" \/>Lloji: Priz\u00eb USB \u2013 1 port USB Type-A<br data-start=\"263\" data-end=\"266\" \/>Montimi: Mural incasso (1 modul)<br data-start=\"302\" data-end=\"305\" \/>Ngjyra: E bardh\u00eb (Tech finish)<br data-start=\"339\" data-end=\"342\" \/>Mbrojtje: IP20 (p\u00ebr p\u00ebrdorim t\u00eb brendsh\u00ebm)<br data-start=\"388\" data-end=\"391\" \/>Materiali: Termoplastik ABS pa halogjen\u00eb<br data-start=\"435\" data-end=\"438\" \/>Tensioni i pun\u00ebs: 230V AC<br data-start=\"468\" data-end=\"471\" \/>Tensioni i daljes: 5V DC (ose 6 V DC sipas modelit)<br data-start=\"527\" data-end=\"530\" \/>Rryma e daljes: Deri n\u00eb 1500mA (1.5 A)<br data-start=\"573\" data-end=\"576\" \/>P\u00ebrmasat: 45mm (lart\u00ebsi) \u00d7 22.3mm (gjer\u00ebsi) \u00d7 37.2mm (thell\u00ebsi instalimi)<br data-start=\"656\" data-end=\"659\" \/>Numri i moduleve: 1 modul Axolute<br data-start=\"696\" data-end=\"699\" \/>P\u00ebrdorim: P\u00ebrdoret vet\u00ebm p\u00ebr karikimin e pajisjeve elektronike deri n\u00eb 1500 mA si telefonat celular\u00eb, smartphone, tableta dhe pajisje t\u00eb ngjashme.<br \/>\nNuk \u00ebsht\u00eb i p\u00ebrshtatsh\u00ebm p\u00ebr pajisje me k\u00ebrkesa m\u00eb t\u00eb larta energjetike.<\/p>","protected":false},"excerpt":{"rendered":"<p>Seria: AxoluteLloji: Priz\u00eb USB \u2013 1 port USB Type-AMontimi: Mural incasso (1 modul)Ngjyra: E bardh\u00eb (Tech finish)Mbrojtje: IP20 (p\u00ebr p\u00ebrdorim t\u00eb brendsh\u00ebm)Materiali: Termoplastik ABS pa halogjen\u00ebTensioni i pun\u00ebs: 230V ACTensioni i daljes: 5V DC (ose 6 V DC sipas modelit)Rryma e daljes: Deri n\u00eb 1500mA (1.5 A)P\u00ebrmasat: 45mm (lart\u00ebsi) \u00d7 22.3mm (gjer\u00ebsi) \u00d7 37.2mm (thell\u00ebsi [&hellip;]<\/p>","protected":false},"featured_media":2584,"comment_status":"open","ping_status":"closed","template":"","meta":{"_acf_changed":false},"product_brand":[],"product_cat":[40,68],"product_tag":[],"class_list":{"0":"post-2583","1":"product","2":"type-product","3":"status-publish","4":"has-post-thumbnail","6":"product_cat-serite-civile","7":"product_cat-axolute","9":"first","10":"instock","11":"shipping-taxable","12":"product-type-simple"},"acf":[],"_links":{"self":[{"href":"https:\/\/www.brikaelektrik.al\/al\/wp-json\/wp\/v2\/product\/2583","targetHints":{"allow":["GET"]}}],"collection":[{"href":"https:\/\/www.brikaelektrik.al\/al\/wp-json\/wp\/v2\/product"}],"about":[{"href":"https:\/\/www.brikaelektrik.al\/al\/wp-json\/wp\/v2\/types\/product"}],"replies":[{"embeddable":true,"href":"https:\/\/www.brikaelektrik.al\/al\/wp-json\/wp\/v2\/comments?post=2583"}],"wp:featuredmedia":[{"embeddable":true,"href":"https:\/\/www.brikaelektrik.al\/al\/wp-json\/wp\/v2\/media\/2584"}],"wp:attachment":[{"href":"https:\/\/www.brikaelektrik.al\/al\/wp-json\/wp\/v2\/media?parent=2583"}],"wp:term":[{"taxonomy":"product_brand","embeddable":true,"href":"https:\/\/www.brikaelektrik.al\/al\/wp-json\/wp\/v2\/product_brand?post=2583"},{"taxonomy":"product_cat","embeddable":true,"href":"https:\/\/www.brikaelektrik.al\/al\/wp-json\/wp\/v2\/product_cat?post=2583"},{"taxonomy":"product_tag","embeddable":true,"href":"https:\/\/www.brikaelektrik.al\/al\/wp-json\/wp\/v2\/product_tag?post=2583"}],"curies":[{"name":"wp","href":"https:\/\/api.w.org\/{rel}","templated":true}]}}