{"id":2585,"date":"2025-07-28T13:21:38","date_gmt":"2025-07-28T13:21:38","guid":{"rendered":"https:\/\/www.brikaelektrik.al\/?post_type=product&#038;p=2585"},"modified":"2025-07-31T04:45:19","modified_gmt":"2025-07-31T04:45:19","slug":"prize-usb-antracite","status":"publish","type":"product","link":"https:\/\/www.brikaelektrik.al\/al\/produkt\/prize-usb-antracite\/","title":{"rendered":"PRIZ\u00cb USB ANTRACITE"},"content":{"rendered":"<p>Seria: Axolute<br data-start=\"122\" data-end=\"125\" \/>Lloji: Karikues USB \u2013 1 port USB Type-A<br data-start=\"168\" data-end=\"171\" \/>Montimi: Mural incasso (1 modul)<br data-start=\"244\" data-end=\"247\" \/>Mbrojtje: IP20 (p\u00ebr p\u00ebrdorim t\u00eb brendsh\u00ebm)<br data-start=\"293\" data-end=\"296\" \/>Materiali: Termoplastik ABS pa halogjen\u00eb<br data-start=\"340\" data-end=\"343\" \/>Tensioni i pun\u00ebs: 230V AC<br data-start=\"373\" data-end=\"376\" \/>Tensioni i daljes: 5V DC<br data-start=\"405\" data-end=\"408\" \/>Rryma e daljes: Deri n\u00eb 1500mA (1.5 A)<br data-start=\"451\" data-end=\"454\" \/>P\u00ebrmasat: 45mm (lart\u00ebsi) \u00d7 22.3mm (gjer\u00ebsi) \u00d7 37.2mm (thell\u00ebsi instalimi)<br data-start=\"534\" data-end=\"537\" \/>Numri i moduleve: 1 modul Axolute<br data-start=\"574\" data-end=\"577\" \/>P\u00ebrdorim: Karikim pajisjesh elektronike deri n\u00eb 1500 mA si telefon celular, smartphone, tablet\u00eb dhe pajisje t\u00eb ngjashme<br data-start=\"700\" data-end=\"703\" \/><\/p>","protected":false},"excerpt":{"rendered":"<p>Seria: AxoluteLloji: Karikues USB \u2013 1 port USB Type-AMontimi: Mural incasso (1 modul)Mbrojtje: IP20 (p\u00ebr p\u00ebrdorim t\u00eb brendsh\u00ebm)Materiali: Termoplastik ABS pa halogjen\u00ebTensioni i pun\u00ebs: 230V ACTensioni i daljes: 5V DCRryma e daljes: Deri n\u00eb 1500mA (1.5 A)P\u00ebrmasat: 45mm (lart\u00ebsi) \u00d7 22.3mm (gjer\u00ebsi) \u00d7 37.2mm (thell\u00ebsi instalimi)Numri i moduleve: 1 modul AxoluteP\u00ebrdorim: Karikim pajisjesh elektronike deri [&hellip;]<\/p>","protected":false},"featured_media":2586,"comment_status":"open","ping_status":"closed","template":"","meta":{"_acf_changed":false},"product_brand":[],"product_cat":[40,68],"product_tag":[],"class_list":{"0":"post-2585","1":"product","2":"type-product","3":"status-publish","4":"has-post-thumbnail","6":"product_cat-serite-civile","7":"product_cat-axolute","9":"first","10":"instock","11":"shipping-taxable","12":"product-type-simple"},"acf":[],"_links":{"self":[{"href":"https:\/\/www.brikaelektrik.al\/al\/wp-json\/wp\/v2\/product\/2585","targetHints":{"allow":["GET"]}}],"collection":[{"href":"https:\/\/www.brikaelektrik.al\/al\/wp-json\/wp\/v2\/product"}],"about":[{"href":"https:\/\/www.brikaelektrik.al\/al\/wp-json\/wp\/v2\/types\/product"}],"replies":[{"embeddable":true,"href":"https:\/\/www.brikaelektrik.al\/al\/wp-json\/wp\/v2\/comments?post=2585"}],"wp:featuredmedia":[{"embeddable":true,"href":"https:\/\/www.brikaelektrik.al\/al\/wp-json\/wp\/v2\/media\/2586"}],"wp:attachment":[{"href":"https:\/\/www.brikaelektrik.al\/al\/wp-json\/wp\/v2\/media?parent=2585"}],"wp:term":[{"taxonomy":"product_brand","embeddable":true,"href":"https:\/\/www.brikaelektrik.al\/al\/wp-json\/wp\/v2\/product_brand?post=2585"},{"taxonomy":"product_cat","embeddable":true,"href":"https:\/\/www.brikaelektrik.al\/al\/wp-json\/wp\/v2\/product_cat?post=2585"},{"taxonomy":"product_tag","embeddable":true,"href":"https:\/\/www.brikaelektrik.al\/al\/wp-json\/wp\/v2\/product_tag?post=2585"}],"curies":[{"name":"wp","href":"https:\/\/api.w.org\/{rel}","templated":true}]}}