{"id":2587,"date":"2025-07-28T13:47:37","date_gmt":"2025-07-28T13:47:37","guid":{"rendered":"https:\/\/www.brikaelektrik.al\/?post_type=product&#038;p=2587"},"modified":"2025-07-28T13:47:37","modified_gmt":"2025-07-28T13:47:37","slug":"pulsant-i-erret-10a","status":"publish","type":"product","link":"https:\/\/www.brikaelektrik.al\/al\/produkt\/pulsant-i-erret-10a\/","title":{"rendered":"PULSANT I ERR\u00cbT 10A"},"content":{"rendered":"<p>Seria: Axolute<br data-start=\"197\" data-end=\"200\" \/>Lloji: Pulsant 1P (NO) 10A 250Vac \u2013 assiale<br data-start=\"249\" data-end=\"252\" \/>Montimi: Mural incasso (1 modul)<br data-start=\"288\" data-end=\"291\" \/>Ngjyra: Antracit (Tech finish)<br data-start=\"325\" data-end=\"328\" \/>Mbrojtje: IP20 (p\u00ebr p\u00ebrdorim t\u00eb brendsh\u00ebm)<br data-start=\"374\" data-end=\"377\" \/>Materiali: Termoplastik ABS pa halogjen\u00eb<br data-start=\"421\" data-end=\"424\" \/>Tensioni i pun\u00ebs: 230V AC<br data-start=\"454\" data-end=\"457\" \/>Tensioni i daljes: 250V AC<br data-start=\"488\" data-end=\"491\" \/>Rryma e daljes: Deri n\u00eb 10 A<br data-start=\"523\" data-end=\"526\" \/>P\u00ebrmasat: 45mm (lart\u00ebsi) \u00d7 22.9mm (gjer\u00ebsi) \u00d7 22.9mm (thell\u00ebsi instalimi)<br data-start=\"606\" data-end=\"609\" \/>Numri i moduleve: 1 modul Axolute<br data-start=\"646\" data-end=\"649\" \/>P\u00ebrdorim: P\u00ebrdoret p\u00ebr kontrollin e ndri\u00e7imit dhe pajisjeve t\u00eb tjera me ngarkes\u00eb deri n\u00eb 2500W<br data-start=\"748\" data-end=\"751\" \/><\/p>","protected":false},"excerpt":{"rendered":"<p>Seria: AxoluteLloji: Pulsant 1P (NO) 10A 250Vac \u2013 assialeMontimi: Mural incasso (1 modul)Ngjyra: Antracit (Tech finish)Mbrojtje: IP20 (p\u00ebr p\u00ebrdorim t\u00eb brendsh\u00ebm)Materiali: Termoplastik ABS pa halogjen\u00ebTensioni i pun\u00ebs: 230V ACTensioni i daljes: 250V ACRryma e daljes: Deri n\u00eb 10 AP\u00ebrmasat: 45mm (lart\u00ebsi) \u00d7 22.9mm (gjer\u00ebsi) \u00d7 22.9mm (thell\u00ebsi instalimi)Numri i moduleve: 1 modul AxoluteP\u00ebrdorim: P\u00ebrdoret p\u00ebr [&hellip;]<\/p>","protected":false},"featured_media":2588,"comment_status":"open","ping_status":"closed","template":"","meta":{"_acf_changed":false},"product_brand":[],"product_cat":[40,68],"product_tag":[],"class_list":{"0":"post-2587","1":"product","2":"type-product","3":"status-publish","4":"has-post-thumbnail","6":"product_cat-serite-civile","7":"product_cat-axolute","9":"first","10":"instock","11":"shipping-taxable","12":"product-type-simple"},"acf":[],"_links":{"self":[{"href":"https:\/\/www.brikaelektrik.al\/al\/wp-json\/wp\/v2\/product\/2587","targetHints":{"allow":["GET"]}}],"collection":[{"href":"https:\/\/www.brikaelektrik.al\/al\/wp-json\/wp\/v2\/product"}],"about":[{"href":"https:\/\/www.brikaelektrik.al\/al\/wp-json\/wp\/v2\/types\/product"}],"replies":[{"embeddable":true,"href":"https:\/\/www.brikaelektrik.al\/al\/wp-json\/wp\/v2\/comments?post=2587"}],"wp:featuredmedia":[{"embeddable":true,"href":"https:\/\/www.brikaelektrik.al\/al\/wp-json\/wp\/v2\/media\/2588"}],"wp:attachment":[{"href":"https:\/\/www.brikaelektrik.al\/al\/wp-json\/wp\/v2\/media?parent=2587"}],"wp:term":[{"taxonomy":"product_brand","embeddable":true,"href":"https:\/\/www.brikaelektrik.al\/al\/wp-json\/wp\/v2\/product_brand?post=2587"},{"taxonomy":"product_cat","embeddable":true,"href":"https:\/\/www.brikaelektrik.al\/al\/wp-json\/wp\/v2\/product_cat?post=2587"},{"taxonomy":"product_tag","embeddable":true,"href":"https:\/\/www.brikaelektrik.al\/al\/wp-json\/wp\/v2\/product_tag?post=2587"}],"curies":[{"name":"wp","href":"https:\/\/api.w.org\/{rel}","templated":true}]}}