{"id":2589,"date":"2025-07-28T13:57:32","date_gmt":"2025-07-28T13:57:32","guid":{"rendered":"https:\/\/www.brikaelektrik.al\/?post_type=product&#038;p=2589"},"modified":"2025-07-28T13:57:33","modified_gmt":"2025-07-28T13:57:33","slug":"pulsant-gri-1p-10a","status":"publish","type":"product","link":"https:\/\/www.brikaelektrik.al\/al\/produkt\/pulsant-gri-1p-10a\/","title":{"rendered":"PULSANT GRI 1P 10A"},"content":{"rendered":"<p>Seria: Axolute<br data-start=\"139\" data-end=\"142\" \/>Lloji: Pulsant 1P (NO) 10A 250Vac<br data-start=\"186\" data-end=\"189\" \/>Montimi: Mural incasso (1 modul)<br data-start=\"225\" data-end=\"228\" \/>Ngjyra: Tech finish (ngjyr\u00eb alumini)<br data-start=\"268\" data-end=\"271\" \/>Mbrojtje: IP20 (p\u00ebr p\u00ebrdorim t\u00eb brendsh\u00ebm)<br data-start=\"317\" data-end=\"320\" \/>Materiali: Plastik\u00eb teknike ABS pa halogjen\u00eb<br data-start=\"368\" data-end=\"371\" \/>Tensioni i pun\u00ebs: 230V AC<br data-start=\"401\" data-end=\"404\" \/>Tensioni i daljes: 250V AC<br data-start=\"435\" data-end=\"438\" \/>Rryma e daljes: Deri n\u00eb 10A<br data-start=\"470\" data-end=\"473\" \/>P\u00ebrmasat: 22.9mm (thell\u00ebsi) \u00d7 45mm (lart\u00ebsi) \u00d7 22.9mm (gjer\u00ebsi)<br data-start=\"543\" data-end=\"546\" \/>Numri i moduleve: 1 modul Axolute<br data-start=\"583\" data-end=\"586\" \/>P\u00ebrdorim: P\u00ebrdoret p\u00ebr kontrollin e ndri\u00e7imit dhe pajisjeve t\u00eb tjera me ngarkes\u00eb deri n\u00eb 2500W<br data-start=\"774\" data-end=\"777\" \/>Terminalet: Terminale me vid\u00eb dhe pllak\u00eb terminali<br data-start=\"831\" data-end=\"834\" \/>Thell\u00ebsia e reduktuar: 22.9mm p\u00ebr instalim t\u00eb leht\u00eb n\u00eb hap\u00ebsira t\u00eb ngushta<br data-start=\"913\" data-end=\"916\" \/>Kompatibilitet: P\u00ebrshtatet me mbajt\u00ebs dhe pllaka dekorative t\u00eb seris\u00eb Axolute<\/p>","protected":false},"excerpt":{"rendered":"<p>Seria: AxoluteLloji: Pulsant 1P (NO) 10A 250VacMontimi: Mural incasso (1 modul)Ngjyra: Tech finish (ngjyr\u00eb alumini)Mbrojtje: IP20 (p\u00ebr p\u00ebrdorim t\u00eb brendsh\u00ebm)Materiali: Plastik\u00eb teknike ABS pa halogjen\u00ebTensioni i pun\u00ebs: 230V ACTensioni i daljes: 250V ACRryma e daljes: Deri n\u00eb 10AP\u00ebrmasat: 22.9mm (thell\u00ebsi) \u00d7 45mm (lart\u00ebsi) \u00d7 22.9mm (gjer\u00ebsi)Numri i moduleve: 1 modul AxoluteP\u00ebrdorim: P\u00ebrdoret p\u00ebr kontrollin e [&hellip;]<\/p>","protected":false},"featured_media":2590,"comment_status":"open","ping_status":"closed","template":"","meta":{"_acf_changed":false},"product_brand":[],"product_cat":[40,68],"product_tag":[],"class_list":{"0":"post-2589","1":"product","2":"type-product","3":"status-publish","4":"has-post-thumbnail","6":"product_cat-serite-civile","7":"product_cat-axolute","9":"first","10":"instock","11":"shipping-taxable","12":"product-type-simple"},"acf":[],"_links":{"self":[{"href":"https:\/\/www.brikaelektrik.al\/al\/wp-json\/wp\/v2\/product\/2589","targetHints":{"allow":["GET"]}}],"collection":[{"href":"https:\/\/www.brikaelektrik.al\/al\/wp-json\/wp\/v2\/product"}],"about":[{"href":"https:\/\/www.brikaelektrik.al\/al\/wp-json\/wp\/v2\/types\/product"}],"replies":[{"embeddable":true,"href":"https:\/\/www.brikaelektrik.al\/al\/wp-json\/wp\/v2\/comments?post=2589"}],"wp:featuredmedia":[{"embeddable":true,"href":"https:\/\/www.brikaelektrik.al\/al\/wp-json\/wp\/v2\/media\/2590"}],"wp:attachment":[{"href":"https:\/\/www.brikaelektrik.al\/al\/wp-json\/wp\/v2\/media?parent=2589"}],"wp:term":[{"taxonomy":"product_brand","embeddable":true,"href":"https:\/\/www.brikaelektrik.al\/al\/wp-json\/wp\/v2\/product_brand?post=2589"},{"taxonomy":"product_cat","embeddable":true,"href":"https:\/\/www.brikaelektrik.al\/al\/wp-json\/wp\/v2\/product_cat?post=2589"},{"taxonomy":"product_tag","embeddable":true,"href":"https:\/\/www.brikaelektrik.al\/al\/wp-json\/wp\/v2\/product_tag?post=2589"}],"curies":[{"name":"wp","href":"https:\/\/api.w.org\/{rel}","templated":true}]}}