{"id":2593,"date":"2025-07-29T06:15:44","date_gmt":"2025-07-29T06:15:44","guid":{"rendered":"https:\/\/www.brikaelektrik.al\/?post_type=product&#038;p=2593"},"modified":"2025-07-29T06:15:44","modified_gmt":"2025-07-29T06:15:44","slug":"pulsant-me-litar-gri-1p-10a","status":"publish","type":"product","link":"https:\/\/www.brikaelektrik.al\/al\/produkt\/pulsant-me-litar-gri-1p-10a\/","title":{"rendered":"PULSANT ME LITAR GRI 1P 10A"},"content":{"rendered":"<p>Seria: Axolute<br data-start=\"90\" data-end=\"93\" \/>Lloji: Pulsant kabllo (cord pushbutton) 1P NO \u2013 10 A, 250V AC (p\u00ebr alarm banjo)\u00a0<br data-start=\"215\" data-end=\"218\" \/>Montimi: Incasso mural (1 modul)\u00a0<br data-start=\"292\" data-end=\"295\" \/>Ngjyra: Modeli standard \u00ebsht\u00eb e bardh\u00eb\/teknik finish p\u00ebr dizajn koherent me Axolute\u00a0<br data-start=\"420\" data-end=\"423\" \/>Mbrojtje: IP20 (vet\u00ebm p\u00ebr p\u00ebrdorim t\u00eb brendsh\u00ebm) \u2013 sipas standard\u00ebve t\u00eb seris\u00eb Axolute<br data-start=\"513\" data-end=\"516\" \/>Materiali: Plastik\u00eb teknike ABS pa halogjen\u00eb (material standard p\u00ebr kontrollet Axolute)<br data-start=\"607\" data-end=\"610\" \/>Tensioni i pun\u00ebs: 230V AC<br data-start=\"678\" data-end=\"681\" \/>Rryma e pun\u00ebs: Deri n\u00eb 10A <br data-start=\"750\" data-end=\"753\" \/>P\u00ebrmasat: P\u00ebrshtatet me nj\u00eb modul 45mm Axolute (dimensionet modulare t\u00eb seris\u00eb)<br data-start=\"837\" data-end=\"840\" \/>Numri i moduleve: 1 modul Axolute\u00a0<br data-start=\"915\" data-end=\"918\" \/>P\u00ebrdorim: P\u00ebrdoret p\u00ebr sistemet alarmuese n\u00eb banjo (rala kabllor q\u00eb aktivizon alarmin, vendoset n\u00eb lart\u00ebsi &gt;2.25\u202fm me kap\u00ebse n\u00eb ~70\u201380\u202fcm nga toka), i p\u00ebrshtatsh\u00ebm p\u00ebr ambientet hotelierike ose civile me k\u00ebrkesa sigurie t\u00eb ve\u00e7anta<br data-start=\"1330\" data-end=\"1333\" \/>Kompatibilitet: P\u00ebrshtatet me mbajt\u00ebsin dhe pllak\u00ebn dekorative 1\u2011modul t\u00eb seris\u00eb Axolute<\/p>","protected":false},"excerpt":{"rendered":"<p>Seria: AxoluteLloji: Pulsant kabllo (cord pushbutton) 1P NO \u2013 10 A, 250V AC (p\u00ebr alarm banjo)\u00a0Montimi: Incasso mural (1 modul)\u00a0Ngjyra: Modeli standard \u00ebsht\u00eb e bardh\u00eb\/teknik finish p\u00ebr dizajn koherent me Axolute\u00a0Mbrojtje: IP20 (vet\u00ebm p\u00ebr p\u00ebrdorim t\u00eb brendsh\u00ebm) \u2013 sipas standard\u00ebve t\u00eb seris\u00eb AxoluteMateriali: Plastik\u00eb teknike ABS pa halogjen\u00eb (material standard p\u00ebr kontrollet Axolute)Tensioni i pun\u00ebs: [&hellip;]<\/p>","protected":false},"featured_media":2594,"comment_status":"open","ping_status":"closed","template":"","meta":{"_acf_changed":false},"product_brand":[],"product_cat":[40,68],"product_tag":[],"class_list":{"0":"post-2593","1":"product","2":"type-product","3":"status-publish","4":"has-post-thumbnail","6":"product_cat-serite-civile","7":"product_cat-axolute","9":"first","10":"instock","11":"shipping-taxable","12":"product-type-simple"},"acf":[],"_links":{"self":[{"href":"https:\/\/www.brikaelektrik.al\/al\/wp-json\/wp\/v2\/product\/2593","targetHints":{"allow":["GET"]}}],"collection":[{"href":"https:\/\/www.brikaelektrik.al\/al\/wp-json\/wp\/v2\/product"}],"about":[{"href":"https:\/\/www.brikaelektrik.al\/al\/wp-json\/wp\/v2\/types\/product"}],"replies":[{"embeddable":true,"href":"https:\/\/www.brikaelektrik.al\/al\/wp-json\/wp\/v2\/comments?post=2593"}],"wp:featuredmedia":[{"embeddable":true,"href":"https:\/\/www.brikaelektrik.al\/al\/wp-json\/wp\/v2\/media\/2594"}],"wp:attachment":[{"href":"https:\/\/www.brikaelektrik.al\/al\/wp-json\/wp\/v2\/media?parent=2593"}],"wp:term":[{"taxonomy":"product_brand","embeddable":true,"href":"https:\/\/www.brikaelektrik.al\/al\/wp-json\/wp\/v2\/product_brand?post=2593"},{"taxonomy":"product_cat","embeddable":true,"href":"https:\/\/www.brikaelektrik.al\/al\/wp-json\/wp\/v2\/product_cat?post=2593"},{"taxonomy":"product_tag","embeddable":true,"href":"https:\/\/www.brikaelektrik.al\/al\/wp-json\/wp\/v2\/product_tag?post=2593"}],"curies":[{"name":"wp","href":"https:\/\/api.w.org\/{rel}","templated":true}]}}