{"id":2596,"date":"2025-07-31T09:14:43","date_gmt":"2025-07-31T09:14:43","guid":{"rendered":"https:\/\/www.brikaelektrik.al\/?post_type=product&#038;p=2596"},"modified":"2025-07-31T09:14:43","modified_gmt":"2025-07-31T09:14:43","slug":"pulsant-qepeni-1-0-2","status":"publish","type":"product","link":"https:\/\/www.brikaelektrik.al\/al\/produkt\/pulsant-qepeni-1-0-2\/","title":{"rendered":"PULSANT QEPENI 1-0-2"},"content":{"rendered":"<p data-start=\"44\" data-end=\"1430\">Seria: Axolute<br data-start=\"90\" data-end=\"93\" \/>Lloji: Buton interlock\u202fdyfisht\u00eb 1P (NO) + 1P (NO), 10\u202fA \u2013 250\u202fV AC (butona t\u00eb nd\u00ebrvarur mekanikisht, ku shtypja e dyfisht\u00eb anulohet automatikisht)\u00a0<br data-start=\"285\" data-end=\"288\" \/>Montimi: Mural incasso (1 modul)<br data-start=\"362\" data-end=\"365\" \/>Ngjyra: Anthracite (Tech finish) \u2013 pjes\u00eb e versionit Scura t\u00eb seris\u00eb Axolute<br data-start=\"483\" data-end=\"486\" \/>Mbrojtje: IP20 (vet\u00ebm p\u00ebr p\u00ebrdorim t\u00eb brendsh\u00ebm)<br data-start=\"538\" data-end=\"541\" \/>Materiali: Plastik\u00eb teknike ABS pa halogjen\u00eb<br data-start=\"589\" data-end=\"592\" \/>Tensioni i pun\u00ebs: 250V AC\u00a0<br data-start=\"660\" data-end=\"663\" \/>Rryma e pun\u00ebs: Deri n\u00eb 10A<br data-start=\"732\" data-end=\"735\" \/>Numri i moduleve: 1 modul Axolute\u00a0<br data-start=\"810\" data-end=\"813\" \/>P\u00ebrmasat: 45mm (lart\u00ebsi) \u00d7 22.9mm (gjer\u00ebsi) \u00d7 22.9mm (thell\u00ebsi instalimi) (dimensione standarde p\u00ebr modul 1)<br data-start=\"928\" data-end=\"931\" \/>P\u00ebrdorim: P\u00ebrdoret p\u00ebr kontroll elektrik t\u00eb motor\u00ebve: rolet\u00eb, tend\u00eb, dritare automatike.<br \/>\nNnd\u00ebrvar\u00ebsja mekanike parandalon aktivizimin e dyfisht\u00eb t\u00eb nj\u00ebkohsh\u00ebm t\u00eb butonave, duke mbrojtur pajisjet automatike<br data-start=\"1307\" data-end=\"1310\" \/>Kompatibilitet: P\u00ebrshtatet me mbajt\u00ebs dhe pllaka dekorative t\u00eb seris\u00eb Axolute (version Scura p\u00ebr ngjyr\u00ebn anthracite)<\/p>","protected":false},"excerpt":{"rendered":"<p>Seria: AxoluteLloji: Buton interlock\u202fdyfisht\u00eb 1P (NO) + 1P (NO), 10\u202fA \u2013 250\u202fV AC (butona t\u00eb nd\u00ebrvarur mekanikisht, ku shtypja e dyfisht\u00eb anulohet automatikisht)\u00a0Montimi: Mural incasso (1 modul)Ngjyra: Anthracite (Tech finish) \u2013 pjes\u00eb e versionit Scura t\u00eb seris\u00eb AxoluteMbrojtje: IP20 (vet\u00ebm p\u00ebr p\u00ebrdorim t\u00eb brendsh\u00ebm)Materiali: Plastik\u00eb teknike ABS pa halogjen\u00ebTensioni i pun\u00ebs: 250V AC\u00a0Rryma e pun\u00ebs: [&hellip;]<\/p>","protected":false},"featured_media":2597,"comment_status":"open","ping_status":"closed","template":"","meta":{"_acf_changed":false},"product_brand":[],"product_cat":[40,68],"product_tag":[],"class_list":{"0":"post-2596","1":"product","2":"type-product","3":"status-publish","4":"has-post-thumbnail","6":"product_cat-serite-civile","7":"product_cat-axolute","9":"first","10":"instock","11":"shipping-taxable","12":"product-type-simple"},"acf":[],"_links":{"self":[{"href":"https:\/\/www.brikaelektrik.al\/al\/wp-json\/wp\/v2\/product\/2596","targetHints":{"allow":["GET"]}}],"collection":[{"href":"https:\/\/www.brikaelektrik.al\/al\/wp-json\/wp\/v2\/product"}],"about":[{"href":"https:\/\/www.brikaelektrik.al\/al\/wp-json\/wp\/v2\/types\/product"}],"replies":[{"embeddable":true,"href":"https:\/\/www.brikaelektrik.al\/al\/wp-json\/wp\/v2\/comments?post=2596"}],"wp:featuredmedia":[{"embeddable":true,"href":"https:\/\/www.brikaelektrik.al\/al\/wp-json\/wp\/v2\/media\/2597"}],"wp:attachment":[{"href":"https:\/\/www.brikaelektrik.al\/al\/wp-json\/wp\/v2\/media?parent=2596"}],"wp:term":[{"taxonomy":"product_brand","embeddable":true,"href":"https:\/\/www.brikaelektrik.al\/al\/wp-json\/wp\/v2\/product_brand?post=2596"},{"taxonomy":"product_cat","embeddable":true,"href":"https:\/\/www.brikaelektrik.al\/al\/wp-json\/wp\/v2\/product_cat?post=2596"},{"taxonomy":"product_tag","embeddable":true,"href":"https:\/\/www.brikaelektrik.al\/al\/wp-json\/wp\/v2\/product_tag?post=2596"}],"curies":[{"name":"wp","href":"https:\/\/api.w.org\/{rel}","templated":true}]}}