{"id":2598,"date":"2025-07-31T09:21:41","date_gmt":"2025-07-31T09:21:41","guid":{"rendered":"https:\/\/www.brikaelektrik.al\/?post_type=product&#038;p=2598"},"modified":"2025-07-31T09:21:41","modified_gmt":"2025-07-31T09:21:41","slug":"pulsant-qepeni-gri-1-0-2","status":"publish","type":"product","link":"https:\/\/www.brikaelektrik.al\/al\/produkt\/pulsant-qepeni-gri-1-0-2\/","title":{"rendered":"PULSANT QEPENI GRI 1-0-2"},"content":{"rendered":"<p>Seria: Axolute<br data-start=\"129\" data-end=\"132\" \/>Kodi Produkti: HC4037<br data-start=\"157\" data-end=\"160\" \/>Lloji: Buton interlock dyfisht\u00eb 1P (NO) + 1P (NO), 10\u202fA \u2013 250\u202fV AC (me mekaniz\u00ebm nd\u00ebrvar\u00ebs q\u00eb nuk lejon shtypje t\u00eb dyfisht\u00eb nj\u00ebkoh\u00ebsisht)\u00a0<br data-start=\"343\" data-end=\"346\" \/>Montimi: Mural incasso (1 modul standard Axolute)<br data-start=\"437\" data-end=\"440\" data-is-only-node=\"\" \/>Ngjyra: Tech finish (alumini\/anthracite e err\u00ebt)\u00a0<br data-start=\"576\" data-end=\"579\" \/>Mbrojtje: IP20 (p\u00ebr p\u00ebrdorim t\u00eb brendsh\u00ebm) \u2013 standard p\u00ebr produktet Axolute<br data-start=\"658\" data-end=\"661\" \/>Materiali: Plastik\u00eb teknike ABS pa halogjen\u00eb \u2013 material standard p\u00ebr korpuse t\u00eb k\u00ebtyre element\u00ebve<br data-start=\"762\" data-end=\"765\" \/>Tensioni i pun\u00ebs: 250V AC\u00a0<br data-start=\"833\" data-end=\"836\" \/>Rryma maksimale: Deri n\u00eb 10A\u00a0<br data-start=\"907\" data-end=\"910\" \/>Numri i moduleve: 1 modul Axolute<br data-start=\"985\" data-end=\"988\" \/>P\u00ebrmasat: 45\u202fmm \u00d7 22.9\u202fmm \u00d7 22.9\u202fmm (dimensione modulare standard p\u00ebr Axolute 1\u2011modul)<br data-start=\"1078\" data-end=\"1081\" \/>P\u00ebrdorim: Kontroll elektrik p\u00ebr pajisjet si role, tende automatike, dritare me motor.<br \/>\nMekaniz\u00ebm interlock mbron motorin nga aktivizime t\u00eb gabueshme dhe p\u00ebrplasje mekanike potencialisht t\u00eb d\u00ebmshme.<br data-start=\"1492\" data-end=\"1495\" \/>Kompatibilitet: I p\u00ebrshtatsh\u00ebm me mbajt\u00ebset dhe pllakat dekorative Axolute \u2013 n\u00eb ve\u00e7anti me variantin Tech finish (HC-\/HS-\/HD\u2011code bazuar n\u00eb ngjyr\u00eb)<\/p>","protected":false},"excerpt":{"rendered":"<p>Seria: AxoluteKodi Produkti: HC4037Lloji: Buton interlock dyfisht\u00eb 1P (NO) + 1P (NO), 10\u202fA \u2013 250\u202fV AC (me mekaniz\u00ebm nd\u00ebrvar\u00ebs q\u00eb nuk lejon shtypje t\u00eb dyfisht\u00eb nj\u00ebkoh\u00ebsisht)\u00a0Montimi: Mural incasso (1 modul standard Axolute)Ngjyra: Tech finish (alumini\/anthracite e err\u00ebt)\u00a0Mbrojtje: IP20 (p\u00ebr p\u00ebrdorim t\u00eb brendsh\u00ebm) \u2013 standard p\u00ebr produktet AxoluteMateriali: Plastik\u00eb teknike ABS pa halogjen\u00eb \u2013 material standard [&hellip;]<\/p>","protected":false},"featured_media":2599,"comment_status":"open","ping_status":"closed","template":"","meta":{"_acf_changed":false},"product_brand":[],"product_cat":[40,68],"product_tag":[],"class_list":{"0":"post-2598","1":"product","2":"type-product","3":"status-publish","4":"has-post-thumbnail","6":"product_cat-serite-civile","7":"product_cat-axolute","9":"first","10":"instock","11":"shipping-taxable","12":"product-type-simple"},"acf":[],"_links":{"self":[{"href":"https:\/\/www.brikaelektrik.al\/al\/wp-json\/wp\/v2\/product\/2598","targetHints":{"allow":["GET"]}}],"collection":[{"href":"https:\/\/www.brikaelektrik.al\/al\/wp-json\/wp\/v2\/product"}],"about":[{"href":"https:\/\/www.brikaelektrik.al\/al\/wp-json\/wp\/v2\/types\/product"}],"replies":[{"embeddable":true,"href":"https:\/\/www.brikaelektrik.al\/al\/wp-json\/wp\/v2\/comments?post=2598"}],"wp:featuredmedia":[{"embeddable":true,"href":"https:\/\/www.brikaelektrik.al\/al\/wp-json\/wp\/v2\/media\/2599"}],"wp:attachment":[{"href":"https:\/\/www.brikaelektrik.al\/al\/wp-json\/wp\/v2\/media?parent=2598"}],"wp:term":[{"taxonomy":"product_brand","embeddable":true,"href":"https:\/\/www.brikaelektrik.al\/al\/wp-json\/wp\/v2\/product_brand?post=2598"},{"taxonomy":"product_cat","embeddable":true,"href":"https:\/\/www.brikaelektrik.al\/al\/wp-json\/wp\/v2\/product_cat?post=2598"},{"taxonomy":"product_tag","embeddable":true,"href":"https:\/\/www.brikaelektrik.al\/al\/wp-json\/wp\/v2\/product_tag?post=2598"}],"curies":[{"name":"wp","href":"https:\/\/api.w.org\/{rel}","templated":true}]}}