{"id":2600,"date":"2025-07-31T09:29:12","date_gmt":"2025-07-31T09:29:12","guid":{"rendered":"https:\/\/www.brikaelektrik.al\/?post_type=product&#038;p=2600"},"modified":"2025-07-31T09:29:12","modified_gmt":"2025-07-31T09:29:12","slug":"sensor-2-poste","status":"publish","type":"product","link":"https:\/\/www.brikaelektrik.al\/al\/produkt\/sensor-2-poste\/","title":{"rendered":"SENSOR 2 POSTE"},"content":{"rendered":"<p>Seria: Axolute<br data-start=\"198\" data-end=\"201\" \/>Lloji: Switch infra\u2011kuq IR pasiv me releshme dalje, 500\u202fW; kontakt 1NO \u2013 rele 6\u202fA p\u00ebr rezativ\u00eb \/ 2\u202fA p\u00ebr induktiv\u00eb<br data-start=\"361\" data-end=\"364\" \/>Tensioni i pun\u00ebs (input): 230\u202fV AC (funksion me 3 tela + neut\u00ebr)<br data-start=\"470\" data-end=\"473\" \/>Rryma standby (input): ~10\u202fmA<br data-start=\"544\" data-end=\"547\" \/>Kapacitet ngarkese: Deri n\u00eb 500\u202fW: 6\u202fA rezistiv \/ 2\u202fA induktiv<br data-start=\"651\" data-end=\"654\" \/>Modul: 2 module Axolute (dimensione standard 45\u202f\u00d7\u202f45)\u00a0<br data-start=\"749\" data-end=\"752\" \/>Selector funksionesh: O\u2011A\u2011I (On \u2013 Auto \u2013 Off), operim manual\/automat\/fikje t\u00eb detyruar<br data-start=\"880\" data-end=\"883\" \/>Ngjyra: Tech finish (alumini\/scura)\u00a0<br data-start=\"960\" data-end=\"963\" \/>Mbrojtje: IP20 (p\u00ebr p\u00ebrdorim vet\u00ebm n\u00eb ambiente t\u00eb brendshme)<br data-start=\"1065\" data-end=\"1068\" \/>Materiali: Plastik\u00eb teknike ABS pa halogjen\u00eb (standard p\u00ebr produktet Axolute)<\/p>","protected":false},"excerpt":{"rendered":"<p>Seria: AxoluteLloji: Switch infra\u2011kuq IR pasiv me releshme dalje, 500\u202fW; kontakt 1NO \u2013 rele 6\u202fA p\u00ebr rezativ\u00eb \/ 2\u202fA p\u00ebr induktiv\u00ebTensioni i pun\u00ebs (input): 230\u202fV AC (funksion me 3 tela + neut\u00ebr)Rryma standby (input): ~10\u202fmAKapacitet ngarkese: Deri n\u00eb 500\u202fW: 6\u202fA rezistiv \/ 2\u202fA induktivModul: 2 module Axolute (dimensione standard 45\u202f\u00d7\u202f45)\u00a0Selector funksionesh: O\u2011A\u2011I (On \u2013 Auto [&hellip;]<\/p>","protected":false},"featured_media":2601,"comment_status":"open","ping_status":"closed","template":"","meta":{"_acf_changed":false},"product_brand":[],"product_cat":[40,68],"product_tag":[],"class_list":{"0":"post-2600","1":"product","2":"type-product","3":"status-publish","4":"has-post-thumbnail","6":"product_cat-serite-civile","7":"product_cat-axolute","9":"first","10":"instock","11":"shipping-taxable","12":"product-type-simple"},"acf":[],"_links":{"self":[{"href":"https:\/\/www.brikaelektrik.al\/al\/wp-json\/wp\/v2\/product\/2600","targetHints":{"allow":["GET"]}}],"collection":[{"href":"https:\/\/www.brikaelektrik.al\/al\/wp-json\/wp\/v2\/product"}],"about":[{"href":"https:\/\/www.brikaelektrik.al\/al\/wp-json\/wp\/v2\/types\/product"}],"replies":[{"embeddable":true,"href":"https:\/\/www.brikaelektrik.al\/al\/wp-json\/wp\/v2\/comments?post=2600"}],"wp:featuredmedia":[{"embeddable":true,"href":"https:\/\/www.brikaelektrik.al\/al\/wp-json\/wp\/v2\/media\/2601"}],"wp:attachment":[{"href":"https:\/\/www.brikaelektrik.al\/al\/wp-json\/wp\/v2\/media?parent=2600"}],"wp:term":[{"taxonomy":"product_brand","embeddable":true,"href":"https:\/\/www.brikaelektrik.al\/al\/wp-json\/wp\/v2\/product_brand?post=2600"},{"taxonomy":"product_cat","embeddable":true,"href":"https:\/\/www.brikaelektrik.al\/al\/wp-json\/wp\/v2\/product_cat?post=2600"},{"taxonomy":"product_tag","embeddable":true,"href":"https:\/\/www.brikaelektrik.al\/al\/wp-json\/wp\/v2\/product_tag?post=2600"}],"curies":[{"name":"wp","href":"https:\/\/api.w.org\/{rel}","templated":true}]}}