{"id":2602,"date":"2025-07-31T09:37:10","date_gmt":"2025-07-31T09:37:10","guid":{"rendered":"https:\/\/www.brikaelektrik.al\/?post_type=product&#038;p=2602"},"modified":"2025-07-31T09:37:10","modified_gmt":"2025-07-31T09:37:10","slug":"shuko-e-bardhe","status":"publish","type":"product","link":"https:\/\/www.brikaelektrik.al\/al\/produkt\/shuko-e-bardhe\/","title":{"rendered":"SHUKO E BARDH\u00cb"},"content":{"rendered":"<p>Seria: Axolute<br data-start=\"198\" data-end=\"201\" \/>Lloji: Priz\u00eb universale 2P+T 16\u202fA \u2013 250V AC, standard italian dhe gjerman (Schuko)\u00a0<br data-start=\"330\" data-end=\"333\" \/>Terminare: Terminale me vid\u00eb \u2013 kontakt \u201ctulip\u201d t\u00eb mbrojtur (shielded), tok\u00eb an\u00ebsore p\u00ebr prizat standard gjermane dhe italiane 2P \/ 2P+T 10A &amp; 16A<br data-start=\"522\" data-end=\"525\" \/>Montimi: Mural incasso (2 module Axolute, format P40, distanc\u00eb qendre 19\/26\u202fmm)<br data-start=\"646\" data-end=\"649\" \/>Ngjyra: E bardh\u00eb\u00a0<br data-start=\"724\" data-end=\"727\" \/>Mbrojtje: IP20 (p\u00ebr ambient t\u00eb brendsh\u00ebm)<br data-start=\"810\" data-end=\"813\" \/>Materiali: Plastik\u00eb teknike ABS pa halogjen\u00eb, p\u00ebrfundim t\u00eb bardh\u00eb<br data-start=\"920\" data-end=\"923\" \/>Tensioni pune: 250V AC (rrjeti elektrik standard sht\u00ebpiak)<br data-start=\"1024\" data-end=\"1027\" \/>Rryma maksimale: 16A<br data-start=\"1090\" data-end=\"1093\" \/>Numri i moduleve: 2 module Axolute (P40)<br data-start=\"1324\" data-end=\"1327\" \/>Karakteristika shtes\u00eb: Mund t\u00eb instalohet nj\u00eb drit\u00eb sinjalizimi voltage presence n\u00eb pjes\u00ebn e pasme (jo e p\u00ebrfshir\u00eb n\u00eb paket\u00eb)<br data-start=\"1496\" data-end=\"1499\" \/>P\u00ebrdorim: P\u00ebrshtatet p\u00ebr p\u00ebrdorues q\u00eb k\u00ebrkojn\u00eb priz\u00eb t\u00eb kombinuar p\u00ebr standardet italiane dhe gjermane n\u00eb ambient civil, me bindje teknike dhe estetik\u00eb Axolute.<\/p>","protected":false},"excerpt":{"rendered":"<p>Seria: AxoluteLloji: Priz\u00eb universale 2P+T 16\u202fA \u2013 250V AC, standard italian dhe gjerman (Schuko)\u00a0Terminare: Terminale me vid\u00eb \u2013 kontakt \u201ctulip\u201d t\u00eb mbrojtur (shielded), tok\u00eb an\u00ebsore p\u00ebr prizat standard gjermane dhe italiane 2P \/ 2P+T 10A &amp; 16AMontimi: Mural incasso (2 module Axolute, format P40, distanc\u00eb qendre 19\/26\u202fmm)Ngjyra: E bardh\u00eb\u00a0Mbrojtje: IP20 (p\u00ebr ambient t\u00eb brendsh\u00ebm)Materiali: Plastik\u00eb [&hellip;]<\/p>","protected":false},"featured_media":2603,"comment_status":"open","ping_status":"closed","template":"","meta":{"_acf_changed":false},"product_brand":[],"product_cat":[40,68],"product_tag":[],"class_list":{"0":"post-2602","1":"product","2":"type-product","3":"status-publish","4":"has-post-thumbnail","6":"product_cat-serite-civile","7":"product_cat-axolute","9":"first","10":"instock","11":"shipping-taxable","12":"product-type-simple"},"acf":[],"_links":{"self":[{"href":"https:\/\/www.brikaelektrik.al\/al\/wp-json\/wp\/v2\/product\/2602","targetHints":{"allow":["GET"]}}],"collection":[{"href":"https:\/\/www.brikaelektrik.al\/al\/wp-json\/wp\/v2\/product"}],"about":[{"href":"https:\/\/www.brikaelektrik.al\/al\/wp-json\/wp\/v2\/types\/product"}],"replies":[{"embeddable":true,"href":"https:\/\/www.brikaelektrik.al\/al\/wp-json\/wp\/v2\/comments?post=2602"}],"wp:featuredmedia":[{"embeddable":true,"href":"https:\/\/www.brikaelektrik.al\/al\/wp-json\/wp\/v2\/media\/2603"}],"wp:attachment":[{"href":"https:\/\/www.brikaelektrik.al\/al\/wp-json\/wp\/v2\/media?parent=2602"}],"wp:term":[{"taxonomy":"product_brand","embeddable":true,"href":"https:\/\/www.brikaelektrik.al\/al\/wp-json\/wp\/v2\/product_brand?post=2602"},{"taxonomy":"product_cat","embeddable":true,"href":"https:\/\/www.brikaelektrik.al\/al\/wp-json\/wp\/v2\/product_cat?post=2602"},{"taxonomy":"product_tag","embeddable":true,"href":"https:\/\/www.brikaelektrik.al\/al\/wp-json\/wp\/v2\/product_tag?post=2602"}],"curies":[{"name":"wp","href":"https:\/\/api.w.org\/{rel}","templated":true}]}}