{"id":2606,"date":"2025-07-31T09:44:58","date_gmt":"2025-07-31T09:44:58","guid":{"rendered":"https:\/\/www.brikaelektrik.al\/?post_type=product&#038;p=2606"},"modified":"2025-07-31T09:44:58","modified_gmt":"2025-07-31T09:44:58","slug":"suport-3p","status":"publish","type":"product","link":"https:\/\/www.brikaelektrik.al\/al\/produkt\/suport-3p\/","title":{"rendered":"SUPORT 3P"},"content":{"rendered":"<p>Seria: Axolute<br data-start=\"182\" data-end=\"185\" \/>Lloji: Suport i prodhuar n\u00eb rezin\u00eb me ngarkes\u00eb qelqi (glass\u2011filled resin) p\u00ebr mbulesa rektangulare ose eliptike me 3 module<br data-start=\"351\" data-end=\"354\" \/>Numri i moduleve: 3 module Axolute\u00a0<br data-start=\"431\" data-end=\"434\" \/>Format mbajt\u00ebs: Montim me vida (fixing with screws) \u2013 p\u00ebr mbajt\u00ebs plastik\u00eb dhe korniz\u00eb t\u00eb projektuar p\u00ebr 3 module\u00a0<br data-start=\"590\" data-end=\"593\" \/>Materiali: Rezine me ngarkes\u00eb qelqi \u2013 rezistente dhe e q\u00ebndrueshme<br data-start=\"702\" data-end=\"705\" \/>P\u00ebrdorim: Mb\u00ebshtet pselet dekorative rektangulare ose eliptike n\u00eb format 3\u2011modul Axolute\u00a0<br data-start=\"840\" data-end=\"843\" \/><\/p>","protected":false},"excerpt":{"rendered":"<p>Seria: AxoluteLloji: Suport i prodhuar n\u00eb rezin\u00eb me ngarkes\u00eb qelqi (glass\u2011filled resin) p\u00ebr mbulesa rektangulare ose eliptike me 3 moduleNumri i moduleve: 3 module Axolute\u00a0Format mbajt\u00ebs: Montim me vida (fixing with screws) \u2013 p\u00ebr mbajt\u00ebs plastik\u00eb dhe korniz\u00eb t\u00eb projektuar p\u00ebr 3 module\u00a0Materiali: Rezine me ngarkes\u00eb qelqi \u2013 rezistente dhe e q\u00ebndrueshmeP\u00ebrdorim: Mb\u00ebshtet pselet dekorative [&hellip;]<\/p>","protected":false},"featured_media":2607,"comment_status":"open","ping_status":"closed","template":"","meta":{"_acf_changed":false},"product_brand":[],"product_cat":[40,68],"product_tag":[],"class_list":{"0":"post-2606","1":"product","2":"type-product","3":"status-publish","4":"has-post-thumbnail","6":"product_cat-serite-civile","7":"product_cat-axolute","9":"first","10":"instock","11":"shipping-taxable","12":"product-type-simple"},"acf":[],"_links":{"self":[{"href":"https:\/\/www.brikaelektrik.al\/al\/wp-json\/wp\/v2\/product\/2606","targetHints":{"allow":["GET"]}}],"collection":[{"href":"https:\/\/www.brikaelektrik.al\/al\/wp-json\/wp\/v2\/product"}],"about":[{"href":"https:\/\/www.brikaelektrik.al\/al\/wp-json\/wp\/v2\/types\/product"}],"replies":[{"embeddable":true,"href":"https:\/\/www.brikaelektrik.al\/al\/wp-json\/wp\/v2\/comments?post=2606"}],"wp:featuredmedia":[{"embeddable":true,"href":"https:\/\/www.brikaelektrik.al\/al\/wp-json\/wp\/v2\/media\/2607"}],"wp:attachment":[{"href":"https:\/\/www.brikaelektrik.al\/al\/wp-json\/wp\/v2\/media?parent=2606"}],"wp:term":[{"taxonomy":"product_brand","embeddable":true,"href":"https:\/\/www.brikaelektrik.al\/al\/wp-json\/wp\/v2\/product_brand?post=2606"},{"taxonomy":"product_cat","embeddable":true,"href":"https:\/\/www.brikaelektrik.al\/al\/wp-json\/wp\/v2\/product_cat?post=2606"},{"taxonomy":"product_tag","embeddable":true,"href":"https:\/\/www.brikaelektrik.al\/al\/wp-json\/wp\/v2\/product_tag?post=2606"}],"curies":[{"name":"wp","href":"https:\/\/api.w.org\/{rel}","templated":true}]}}