{"id":2610,"date":"2025-07-31T09:54:18","date_gmt":"2025-07-31T09:54:18","guid":{"rendered":"https:\/\/www.brikaelektrik.al\/?post_type=product&#038;p=2610"},"modified":"2025-07-31T09:54:19","modified_gmt":"2025-07-31T09:54:19","slug":"suport-6p","status":"publish","type":"product","link":"https:\/\/www.brikaelektrik.al\/al\/produkt\/suport-6p\/","title":{"rendered":"SUPORT 6P"},"content":{"rendered":"<p>Seria: <span class=\"relative -mx-px my-[-0.2rem] rounded px-px py-[0.2rem] transition-colors duration-100 ease-in-out\">Axolute<\/span><br data-start=\"370\" data-end=\"373\" \/>Lloji: <span class=\"relative -mx-px my-[-0.2rem] rounded px-px py-[0.2rem] transition-colors duration-100 ease-in-out\">Suport mbajt\u00ebs p\u00ebr 6 module, i prodhuar nga rezin\u00eb me ngarkes\u00eb qelqi (glass-filled resin)<\/span><br data-start=\"421\" data-end=\"424\" \/>P\u00ebrmasat: <span class=\"relative -mx-px my-[-0.2rem] rounded px-px py-[0.2rem] transition-colors duration-100 ease-in-out\">P\u00ebr 6 module Axolute<\/span><br data-start=\"477\" data-end=\"480\" \/>Ngjyra: <span class=\"relative -mx-px my-[-0.2rem] rounded px-px py-[0.2rem] transition-colors duration-100 ease-in-out\">Gri (finish standard)<\/span><br data-start=\"531\" data-end=\"534\" \/>Materiali: <span class=\"relative -mx-px my-[-0.2rem] rounded px-px py-[0.2rem] transition-colors duration-100 ease-in-out\">Rezin\u00eb me ngarkes\u00eb qelqi<\/span><br data-start=\"588\" data-end=\"591\" \/>Montimi: <span class=\"relative -mx-px my-[-0.2rem] rounded px-px py-[0.2rem] transition-colors duration-100 ease-in-out\">Me vida (fixing with screws)<\/span><br data-start=\"643\" data-end=\"646\" \/>P\u00ebrdorimi: <span class=\"relative -mx-px my-[-0.2rem] rounded px-px py-[0.2rem] transition-colors duration-100 ease-in-out\">P\u00ebr mbajtjen e mbulesave (plates) t\u00eb seris\u00eb Axolute me 6 module<\/span><\/p>","protected":false},"excerpt":{"rendered":"<p>Seria: AxoluteLloji: Suport mbajt\u00ebs p\u00ebr 6 module, i prodhuar nga rezin\u00eb me ngarkes\u00eb qelqi (glass-filled resin)P\u00ebrmasat: P\u00ebr 6 module AxoluteNgjyra: Gri (finish standard)Materiali: Rezin\u00eb me ngarkes\u00eb qelqiMontimi: Me vida (fixing with screws)P\u00ebrdorimi: P\u00ebr mbajtjen e mbulesave (plates) t\u00eb seris\u00eb Axolute me 6 module<\/p>","protected":false},"featured_media":2611,"comment_status":"open","ping_status":"closed","template":"","meta":{"_acf_changed":false},"product_brand":[],"product_cat":[40,68],"product_tag":[],"class_list":{"0":"post-2610","1":"product","2":"type-product","3":"status-publish","4":"has-post-thumbnail","6":"product_cat-serite-civile","7":"product_cat-axolute","9":"first","10":"instock","11":"shipping-taxable","12":"product-type-simple"},"acf":[],"_links":{"self":[{"href":"https:\/\/www.brikaelektrik.al\/al\/wp-json\/wp\/v2\/product\/2610","targetHints":{"allow":["GET"]}}],"collection":[{"href":"https:\/\/www.brikaelektrik.al\/al\/wp-json\/wp\/v2\/product"}],"about":[{"href":"https:\/\/www.brikaelektrik.al\/al\/wp-json\/wp\/v2\/types\/product"}],"replies":[{"embeddable":true,"href":"https:\/\/www.brikaelektrik.al\/al\/wp-json\/wp\/v2\/comments?post=2610"}],"wp:featuredmedia":[{"embeddable":true,"href":"https:\/\/www.brikaelektrik.al\/al\/wp-json\/wp\/v2\/media\/2611"}],"wp:attachment":[{"href":"https:\/\/www.brikaelektrik.al\/al\/wp-json\/wp\/v2\/media?parent=2610"}],"wp:term":[{"taxonomy":"product_brand","embeddable":true,"href":"https:\/\/www.brikaelektrik.al\/al\/wp-json\/wp\/v2\/product_brand?post=2610"},{"taxonomy":"product_cat","embeddable":true,"href":"https:\/\/www.brikaelektrik.al\/al\/wp-json\/wp\/v2\/product_cat?post=2610"},{"taxonomy":"product_tag","embeddable":true,"href":"https:\/\/www.brikaelektrik.al\/al\/wp-json\/wp\/v2\/product_tag?post=2610"}],"curies":[{"name":"wp","href":"https:\/\/api.w.org\/{rel}","templated":true}]}}