{"id":2612,"date":"2025-07-31T09:56:23","date_gmt":"2025-07-31T09:56:23","guid":{"rendered":"https:\/\/www.brikaelektrik.al\/?post_type=product&#038;p=2612"},"modified":"2025-07-31T09:56:24","modified_gmt":"2025-07-31T09:56:24","slug":"suport-3p-me-drite","status":"publish","type":"product","link":"https:\/\/www.brikaelektrik.al\/al\/produkt\/suport-3p-me-drite\/","title":{"rendered":"SUPORT 3P ME DRIT\u00cb"},"content":{"rendered":"<p>Seria: <span class=\"relative -mx-px my-[-0.2rem] rounded px-px py-[0.2rem] transition-colors duration-100 ease-in-out\">Axolute<\/span><br data-start=\"294\" data-end=\"297\" \/>Lloji: <span class=\"relative -mx-px my-[-0.2rem] rounded px-px py-[0.2rem] transition-colors duration-100 ease-in-out\">Suport ndri\u00e7ues p\u00ebr 3 module, i projektuar p\u00ebr mbulesa (plates) rektangulare t\u00eb seris\u00eb Axolute<\/span><br data-start=\"347\" data-end=\"350\" \/>Funksionalitet: <span class=\"relative -mx-px my-[-0.2rem] rounded px-px py-[0.2rem] transition-colors duration-100 ease-in-out\">P\u00ebrfshin nj\u00eb mikroswitch p\u00ebr fikjen e ndri\u00e7imit t\u00eb pasm\u00eb<\/span><br data-start=\"409\" data-end=\"412\" \/>Materiali: <span class=\"relative -mx-px my-[-0.2rem] rounded px-px py-[0.2rem] transition-colors duration-100 ease-in-out\">Rezin\u00eb me ngarkes\u00eb qelqi (glass-filled resin)<\/span><br data-start=\"466\" data-end=\"469\" \/>Ngjyra: <span class=\"relative -mx-px my-[-0.2rem] rounded px-px py-[0.2rem] transition-colors duration-100 ease-in-out\">Gri (finish standard)<\/span><br data-start=\"520\" data-end=\"523\" \/>Montimi: <span class=\"relative -mx-px my-[-0.2rem] rounded px-px py-[0.2rem] transition-colors duration-100 ease-in-out\">Me vida (fixing with screws)<\/span><br data-start=\"575\" data-end=\"578\" \/>P\u00ebrdorimi: <span class=\"relative -mx-px my-[-0.2rem] rounded px-px py-[0.2rem] transition-colors duration-100 ease-in-out\">P\u00ebr mbajtjen e mbulesave (plates) t\u00eb seris\u00eb Axolute me 3 module<\/span><\/p>","protected":false},"excerpt":{"rendered":"<p>Seria: AxoluteLloji: Suport ndri\u00e7ues p\u00ebr 3 module, i projektuar p\u00ebr mbulesa (plates) rektangulare t\u00eb seris\u00eb AxoluteFunksionalitet: P\u00ebrfshin nj\u00eb mikroswitch p\u00ebr fikjen e ndri\u00e7imit t\u00eb pasm\u00ebMateriali: Rezin\u00eb me ngarkes\u00eb qelqi (glass-filled resin)Ngjyra: Gri (finish standard)Montimi: Me vida (fixing with screws)P\u00ebrdorimi: P\u00ebr mbajtjen e mbulesave (plates) t\u00eb seris\u00eb Axolute me 3 module<\/p>","protected":false},"featured_media":2613,"comment_status":"open","ping_status":"closed","template":"","meta":{"_acf_changed":false},"product_brand":[],"product_cat":[40,68],"product_tag":[],"class_list":{"0":"post-2612","1":"product","2":"type-product","3":"status-publish","4":"has-post-thumbnail","6":"product_cat-serite-civile","7":"product_cat-axolute","9":"first","10":"instock","11":"shipping-taxable","12":"product-type-simple"},"acf":[],"_links":{"self":[{"href":"https:\/\/www.brikaelektrik.al\/al\/wp-json\/wp\/v2\/product\/2612","targetHints":{"allow":["GET"]}}],"collection":[{"href":"https:\/\/www.brikaelektrik.al\/al\/wp-json\/wp\/v2\/product"}],"about":[{"href":"https:\/\/www.brikaelektrik.al\/al\/wp-json\/wp\/v2\/types\/product"}],"replies":[{"embeddable":true,"href":"https:\/\/www.brikaelektrik.al\/al\/wp-json\/wp\/v2\/comments?post=2612"}],"wp:featuredmedia":[{"embeddable":true,"href":"https:\/\/www.brikaelektrik.al\/al\/wp-json\/wp\/v2\/media\/2613"}],"wp:attachment":[{"href":"https:\/\/www.brikaelektrik.al\/al\/wp-json\/wp\/v2\/media?parent=2612"}],"wp:term":[{"taxonomy":"product_brand","embeddable":true,"href":"https:\/\/www.brikaelektrik.al\/al\/wp-json\/wp\/v2\/product_brand?post=2612"},{"taxonomy":"product_cat","embeddable":true,"href":"https:\/\/www.brikaelektrik.al\/al\/wp-json\/wp\/v2\/product_cat?post=2612"},{"taxonomy":"product_tag","embeddable":true,"href":"https:\/\/www.brikaelektrik.al\/al\/wp-json\/wp\/v2\/product_tag?post=2612"}],"curies":[{"name":"wp","href":"https:\/\/api.w.org\/{rel}","templated":true}]}}