{"id":2614,"date":"2025-07-31T10:12:21","date_gmt":"2025-07-31T10:12:21","guid":{"rendered":"https:\/\/www.brikaelektrik.al\/?post_type=product&#038;p=2614"},"modified":"2025-07-31T10:12:21","modified_gmt":"2025-07-31T10:12:21","slug":"suport-4p-me-drite","status":"publish","type":"product","link":"https:\/\/www.brikaelektrik.al\/al\/produkt\/suport-4p-me-drite\/","title":{"rendered":"SUPORT 4P ME DRIT\u00cb"},"content":{"rendered":"<p>Seria: Axolute<br data-start=\"195\" data-end=\"198\" \/>Lloji: Suport ndri\u00e7ues p\u00ebr 4 module \u2013 p\u00ebr pllaka rektangulare Axolute me mikrokontakt p\u00ebr fikje t\u00eb ndri\u00e7imit t\u00eb pasm\u00eb\u00a0<br data-start=\"361\" data-end=\"364\" \/>Materiali: Rezin\u00eb me ngarkes\u00eb qelqi (glass\u2011filled resin) \u2013 rezistente dhe stabile<br data-start=\"487\" data-end=\"490\" \/>Ngjyra: Gri (finish standard)<br data-start=\"561\" data-end=\"564\" \/>Montimi: Me vida (fixing with screws), p\u00ebr 4 module Axolute<br data-start=\"665\" data-end=\"668\" \/>Numri i moduleve: 4 module Axolute (P40)<br data-start=\"712\" data-end=\"715\" \/>P\u00ebrdorim: Mb\u00ebshtet pllaka dekorative 4\u2011modulare, p\u00ebr ambiente civile dhe komerciale<\/p>","protected":false},"excerpt":{"rendered":"<p>Seria: AxoluteLloji: Suport ndri\u00e7ues p\u00ebr 4 module \u2013 p\u00ebr pllaka rektangulare Axolute me mikrokontakt p\u00ebr fikje t\u00eb ndri\u00e7imit t\u00eb pasm\u00eb\u00a0Materiali: Rezin\u00eb me ngarkes\u00eb qelqi (glass\u2011filled resin) \u2013 rezistente dhe stabileNgjyra: Gri (finish standard)Montimi: Me vida (fixing with screws), p\u00ebr 4 module AxoluteNumri i moduleve: 4 module Axolute (P40)P\u00ebrdorim: Mb\u00ebshtet pllaka dekorative 4\u2011modulare, p\u00ebr ambiente civile [&hellip;]<\/p>","protected":false},"featured_media":2615,"comment_status":"open","ping_status":"closed","template":"","meta":{"_acf_changed":false},"product_brand":[],"product_cat":[40,68],"product_tag":[],"class_list":{"0":"post-2614","1":"product","2":"type-product","3":"status-publish","4":"has-post-thumbnail","6":"product_cat-serite-civile","7":"product_cat-axolute","9":"first","10":"instock","11":"shipping-taxable","12":"product-type-simple"},"acf":[],"_links":{"self":[{"href":"https:\/\/www.brikaelektrik.al\/al\/wp-json\/wp\/v2\/product\/2614","targetHints":{"allow":["GET"]}}],"collection":[{"href":"https:\/\/www.brikaelektrik.al\/al\/wp-json\/wp\/v2\/product"}],"about":[{"href":"https:\/\/www.brikaelektrik.al\/al\/wp-json\/wp\/v2\/types\/product"}],"replies":[{"embeddable":true,"href":"https:\/\/www.brikaelektrik.al\/al\/wp-json\/wp\/v2\/comments?post=2614"}],"wp:featuredmedia":[{"embeddable":true,"href":"https:\/\/www.brikaelektrik.al\/al\/wp-json\/wp\/v2\/media\/2615"}],"wp:attachment":[{"href":"https:\/\/www.brikaelektrik.al\/al\/wp-json\/wp\/v2\/media?parent=2614"}],"wp:term":[{"taxonomy":"product_brand","embeddable":true,"href":"https:\/\/www.brikaelektrik.al\/al\/wp-json\/wp\/v2\/product_brand?post=2614"},{"taxonomy":"product_cat","embeddable":true,"href":"https:\/\/www.brikaelektrik.al\/al\/wp-json\/wp\/v2\/product_cat?post=2614"},{"taxonomy":"product_tag","embeddable":true,"href":"https:\/\/www.brikaelektrik.al\/al\/wp-json\/wp\/v2\/product_tag?post=2614"}],"curies":[{"name":"wp","href":"https:\/\/api.w.org\/{rel}","templated":true}]}}