{"id":2616,"date":"2025-07-31T10:16:29","date_gmt":"2025-07-31T10:16:29","guid":{"rendered":"https:\/\/www.brikaelektrik.al\/?post_type=product&#038;p=2616"},"modified":"2025-08-02T14:17:51","modified_gmt":"2025-08-02T14:17:51","slug":"tape-fallco-e-bardhe","status":"publish","type":"product","link":"https:\/\/www.brikaelektrik.al\/al\/produkt\/tape-fallco-e-bardhe\/","title":{"rendered":"TAPE FALLCO E BARDH\u00cb"},"content":{"rendered":"<p>Seria: Axolute<br data-start=\"90\" data-end=\"93\" \/>Lloji: Mbyll\u00ebs bosh (\u201cBlank plate\u201d) \u2013 1 modul (p\u00ebrdoret p\u00ebr mbushjen e vend\u00ebve boshe n\u00eb mbajt\u00ebset Axolute)<br data-start=\"241\" data-end=\"244\" \/>Montimi: Mural incasso (1 modul standard)<br data-start=\"327\" data-end=\"330\" data-is-only-node=\"\" \/>Ngjyra\/ Finishi: e bardh\u00eb (standard Axolute Bianco)<br data-start=\"424\" data-end=\"427\" \/>Materiali: Plastik\u00eb ABS pa halogjen\u00eb (si standard p\u00ebr produktet bosh Axolute)<br data-start=\"508\" data-end=\"511\" \/>Numri i moduleve: 1 modul Axolute (dimensione 45 \u00d7 45mm)<\/p>","protected":false},"excerpt":{"rendered":"<p>Seria: AxoluteLloji: Mbyll\u00ebs bosh (\u201cBlank plate\u201d) \u2013 1 modul (p\u00ebrdoret p\u00ebr mbushjen e vend\u00ebve boshe n\u00eb mbajt\u00ebset Axolute)Montimi: Mural incasso (1 modul standard)Ngjyra\/ Finishi: e bardh\u00eb (standard Axolute Bianco)Materiali: Plastik\u00eb ABS pa halogjen\u00eb (si standard p\u00ebr produktet bosh Axolute)Numri i moduleve: 1 modul Axolute (dimensione 45 \u00d7 45mm)<\/p>","protected":false},"featured_media":2617,"comment_status":"open","ping_status":"closed","template":"","meta":{"_acf_changed":false},"product_brand":[],"product_cat":[40,68],"product_tag":[],"class_list":{"0":"post-2616","1":"product","2":"type-product","3":"status-publish","4":"has-post-thumbnail","6":"product_cat-serite-civile","7":"product_cat-axolute","9":"first","10":"instock","11":"shipping-taxable","12":"product-type-simple"},"acf":[],"_links":{"self":[{"href":"https:\/\/www.brikaelektrik.al\/al\/wp-json\/wp\/v2\/product\/2616","targetHints":{"allow":["GET"]}}],"collection":[{"href":"https:\/\/www.brikaelektrik.al\/al\/wp-json\/wp\/v2\/product"}],"about":[{"href":"https:\/\/www.brikaelektrik.al\/al\/wp-json\/wp\/v2\/types\/product"}],"replies":[{"embeddable":true,"href":"https:\/\/www.brikaelektrik.al\/al\/wp-json\/wp\/v2\/comments?post=2616"}],"wp:featuredmedia":[{"embeddable":true,"href":"https:\/\/www.brikaelektrik.al\/al\/wp-json\/wp\/v2\/media\/2617"}],"wp:attachment":[{"href":"https:\/\/www.brikaelektrik.al\/al\/wp-json\/wp\/v2\/media?parent=2616"}],"wp:term":[{"taxonomy":"product_brand","embeddable":true,"href":"https:\/\/www.brikaelektrik.al\/al\/wp-json\/wp\/v2\/product_brand?post=2616"},{"taxonomy":"product_cat","embeddable":true,"href":"https:\/\/www.brikaelektrik.al\/al\/wp-json\/wp\/v2\/product_cat?post=2616"},{"taxonomy":"product_tag","embeddable":true,"href":"https:\/\/www.brikaelektrik.al\/al\/wp-json\/wp\/v2\/product_tag?post=2616"}],"curies":[{"name":"wp","href":"https:\/\/api.w.org\/{rel}","templated":true}]}}