{"id":2618,"date":"2025-07-31T10:19:28","date_gmt":"2025-07-31T10:19:28","guid":{"rendered":"https:\/\/www.brikaelektrik.al\/?post_type=product&#038;p=2618"},"modified":"2025-07-31T10:19:28","modified_gmt":"2025-07-31T10:19:28","slug":"tape-fallco-gri","status":"publish","type":"product","link":"https:\/\/www.brikaelektrik.al\/al\/produkt\/tape-fallco-gri\/","title":{"rendered":"TAP\u00cb FALLCO GRI"},"content":{"rendered":"<p>Seria: Axolute (Tech finish)<br data-start=\"104\" data-end=\"107\" \/>Lloji: Blank plate \u2013 mbules\u00eb e zgjuar\u202f(e bardh\u00eb\/alumini teknologjik) p\u00ebr 1 modul \u2013 p\u00ebrdoret p\u00ebr t\u00eb mbushur pozicione boshe n\u00eb mbajt\u00ebset Axolute\u00a0<br data-start=\"296\" data-end=\"299\" \/>Montimi: Mural incasso (1 modul standard Axolute)\u00a0<br data-start=\"390\" data-end=\"393\" \/>Ngjyra \/ Finish: Tech finish (e ngjashme me alumini\/gris\u00eb t\u00eb err\u00ebt t\u00eb seris\u00eb Tech)<br \/>\nMateriali: Plastik\u00eb ABS pa halogjen\u00eb \u2013 standard p\u00ebr produktet bosh t\u00eb k\u00ebsaj serie<br data-start=\"643\" data-end=\"646\" \/>Numri i moduleve: 1 modul (45\u202f\u00d7\u202f45mm)<\/p>","protected":false},"excerpt":{"rendered":"<p>Seria: Axolute (Tech finish)Lloji: Blank plate \u2013 mbules\u00eb e zgjuar\u202f(e bardh\u00eb\/alumini teknologjik) p\u00ebr 1 modul \u2013 p\u00ebrdoret p\u00ebr t\u00eb mbushur pozicione boshe n\u00eb mbajt\u00ebset Axolute\u00a0Montimi: Mural incasso (1 modul standard Axolute)\u00a0Ngjyra \/ Finish: Tech finish (e ngjashme me alumini\/gris\u00eb t\u00eb err\u00ebt t\u00eb seris\u00eb Tech) Materiali: Plastik\u00eb ABS pa halogjen\u00eb \u2013 standard p\u00ebr produktet bosh t\u00eb [&hellip;]<\/p>","protected":false},"featured_media":2619,"comment_status":"open","ping_status":"closed","template":"","meta":{"_acf_changed":false},"product_brand":[],"product_cat":[40,68],"product_tag":[],"class_list":{"0":"post-2618","1":"product","2":"type-product","3":"status-publish","4":"has-post-thumbnail","6":"product_cat-serite-civile","7":"product_cat-axolute","9":"first","10":"instock","11":"shipping-taxable","12":"product-type-simple"},"acf":[],"_links":{"self":[{"href":"https:\/\/www.brikaelektrik.al\/al\/wp-json\/wp\/v2\/product\/2618","targetHints":{"allow":["GET"]}}],"collection":[{"href":"https:\/\/www.brikaelektrik.al\/al\/wp-json\/wp\/v2\/product"}],"about":[{"href":"https:\/\/www.brikaelektrik.al\/al\/wp-json\/wp\/v2\/types\/product"}],"replies":[{"embeddable":true,"href":"https:\/\/www.brikaelektrik.al\/al\/wp-json\/wp\/v2\/comments?post=2618"}],"wp:featuredmedia":[{"embeddable":true,"href":"https:\/\/www.brikaelektrik.al\/al\/wp-json\/wp\/v2\/media\/2619"}],"wp:attachment":[{"href":"https:\/\/www.brikaelektrik.al\/al\/wp-json\/wp\/v2\/media?parent=2618"}],"wp:term":[{"taxonomy":"product_brand","embeddable":true,"href":"https:\/\/www.brikaelektrik.al\/al\/wp-json\/wp\/v2\/product_brand?post=2618"},{"taxonomy":"product_cat","embeddable":true,"href":"https:\/\/www.brikaelektrik.al\/al\/wp-json\/wp\/v2\/product_cat?post=2618"},{"taxonomy":"product_tag","embeddable":true,"href":"https:\/\/www.brikaelektrik.al\/al\/wp-json\/wp\/v2\/product_tag?post=2618"}],"curies":[{"name":"wp","href":"https:\/\/api.w.org\/{rel}","templated":true}]}}