{"id":2620,"date":"2025-07-31T10:22:50","date_gmt":"2025-07-31T10:22:50","guid":{"rendered":"https:\/\/www.brikaelektrik.al\/?post_type=product&#038;p=2620"},"modified":"2025-07-31T10:26:51","modified_gmt":"2025-07-31T10:26:51","slug":"tape-fallco-zeze","status":"publish","type":"product","link":"https:\/\/www.brikaelektrik.al\/al\/produkt\/tape-fallco-zeze\/","title":{"rendered":"TAP\u00cb FALLCO ZEZ\u00cb"},"content":{"rendered":"<p>Seria: Axolute<br data-start=\"186\" data-end=\"189\" \/>Lloji: Blank plate (mbules\u00eb e zbraz\u00ebt) p\u00ebr 1 modul \u2013 variant n\u00eb ngjyr\u00eb anthracite<br data-start=\"274\" data-end=\"277\" \/>Montimi: Mural incasso (1 modul standard)<br data-start=\"360\" data-end=\"363\" \/>Ngjyra \/ Finish: Anthracite (serie Scura e Axolute)<br data-start=\"456\" data-end=\"459\" \/>Materiali: Plastik\u00eb (ABS) pa halogjen\u00eb \u2013 standard p\u00ebr produktet bosh Axolute<br data-start=\"539\" data-end=\"542\" \/>Numri i moduleve: 1 modul (45\u202f\u00d7\u202f45mm)<\/p>","protected":false},"excerpt":{"rendered":"<p>Seria: AxoluteLloji: Blank plate (mbules\u00eb e zbraz\u00ebt) p\u00ebr 1 modul \u2013 variant n\u00eb ngjyr\u00eb anthraciteMontimi: Mural incasso (1 modul standard)Ngjyra \/ Finish: Anthracite (serie Scura e Axolute)Materiali: Plastik\u00eb (ABS) pa halogjen\u00eb \u2013 standard p\u00ebr produktet bosh AxoluteNumri i moduleve: 1 modul (45\u202f\u00d7\u202f45mm)<\/p>","protected":false},"featured_media":2621,"comment_status":"open","ping_status":"closed","template":"","meta":{"_acf_changed":false},"product_brand":[],"product_cat":[40,68],"product_tag":[],"class_list":{"0":"post-2620","1":"product","2":"type-product","3":"status-publish","4":"has-post-thumbnail","6":"product_cat-serite-civile","7":"product_cat-axolute","9":"first","10":"instock","11":"shipping-taxable","12":"product-type-simple"},"acf":[],"_links":{"self":[{"href":"https:\/\/www.brikaelektrik.al\/al\/wp-json\/wp\/v2\/product\/2620","targetHints":{"allow":["GET"]}}],"collection":[{"href":"https:\/\/www.brikaelektrik.al\/al\/wp-json\/wp\/v2\/product"}],"about":[{"href":"https:\/\/www.brikaelektrik.al\/al\/wp-json\/wp\/v2\/types\/product"}],"replies":[{"embeddable":true,"href":"https:\/\/www.brikaelektrik.al\/al\/wp-json\/wp\/v2\/comments?post=2620"}],"wp:featuredmedia":[{"embeddable":true,"href":"https:\/\/www.brikaelektrik.al\/al\/wp-json\/wp\/v2\/media\/2621"}],"wp:attachment":[{"href":"https:\/\/www.brikaelektrik.al\/al\/wp-json\/wp\/v2\/media?parent=2620"}],"wp:term":[{"taxonomy":"product_brand","embeddable":true,"href":"https:\/\/www.brikaelektrik.al\/al\/wp-json\/wp\/v2\/product_brand?post=2620"},{"taxonomy":"product_cat","embeddable":true,"href":"https:\/\/www.brikaelektrik.al\/al\/wp-json\/wp\/v2\/product_cat?post=2620"},{"taxonomy":"product_tag","embeddable":true,"href":"https:\/\/www.brikaelektrik.al\/al\/wp-json\/wp\/v2\/product_tag?post=2620"}],"curies":[{"name":"wp","href":"https:\/\/api.w.org\/{rel}","templated":true}]}}