{"id":2622,"date":"2025-07-31T10:29:55","date_gmt":"2025-07-31T10:29:55","guid":{"rendered":"https:\/\/www.brikaelektrik.al\/?post_type=product&#038;p=2622"},"modified":"2025-07-31T10:29:55","modified_gmt":"2025-07-31T10:29:55","slug":"zile-gri-230v-8va","status":"publish","type":"product","link":"https:\/\/www.brikaelektrik.al\/al\/produkt\/zile-gri-230v-8va\/","title":{"rendered":"ZILE GRI 230V 8VA"},"content":{"rendered":"<p>Seria: Axolute<br data-start=\"258\" data-end=\"261\" \/>Funksioni: Zile akustike p\u00ebr sistemet e dyerve (doorbell)<br data-start=\"355\" data-end=\"358\" \/>Tensioni i pun\u00ebs: 230V AC<br data-start=\"387\" data-end=\"390\" \/>Fuqia e konsumit: 8VA<br data-start=\"416\" data-end=\"419\" \/>Niveli i z\u00ebrit: 80dB<br data-start=\"444\" data-end=\"447\" \/>Ngjyra \/ Finish: Bronzi (finish i seris\u00eb Axolute Tech)<br data-start=\"505\" data-end=\"508\" \/>Materiali: Plastik\u00eb pa halogjen\u00eb<br data-start=\"544\" data-end=\"547\" \/>Numri i moduleve: 1 modul (45\u202f\u00d7\u202f45mm)<br data-start=\"589\" data-end=\"592\" \/>Montimi: Mural incasso (i p\u00ebrshtatsh\u00ebm p\u00ebr mbajt\u00ebset e seris\u00eb Axolute)<\/p>","protected":false},"excerpt":{"rendered":"<p>Seria: AxoluteFunksioni: Zile akustike p\u00ebr sistemet e dyerve (doorbell)Tensioni i pun\u00ebs: 230V ACFuqia e konsumit: 8VANiveli i z\u00ebrit: 80dBNgjyra \/ Finish: Bronzi (finish i seris\u00eb Axolute Tech)Materiali: Plastik\u00eb pa halogjen\u00ebNumri i moduleve: 1 modul (45\u202f\u00d7\u202f45mm)Montimi: Mural incasso (i p\u00ebrshtatsh\u00ebm p\u00ebr mbajt\u00ebset e seris\u00eb Axolute)<\/p>","protected":false},"featured_media":2623,"comment_status":"open","ping_status":"closed","template":"","meta":{"_acf_changed":false},"product_brand":[],"product_cat":[40,68],"product_tag":[],"class_list":{"0":"post-2622","1":"product","2":"type-product","3":"status-publish","4":"has-post-thumbnail","6":"product_cat-serite-civile","7":"product_cat-axolute","9":"first","10":"instock","11":"shipping-taxable","12":"product-type-simple"},"acf":[],"_links":{"self":[{"href":"https:\/\/www.brikaelektrik.al\/al\/wp-json\/wp\/v2\/product\/2622","targetHints":{"allow":["GET"]}}],"collection":[{"href":"https:\/\/www.brikaelektrik.al\/al\/wp-json\/wp\/v2\/product"}],"about":[{"href":"https:\/\/www.brikaelektrik.al\/al\/wp-json\/wp\/v2\/types\/product"}],"replies":[{"embeddable":true,"href":"https:\/\/www.brikaelektrik.al\/al\/wp-json\/wp\/v2\/comments?post=2622"}],"wp:featuredmedia":[{"embeddable":true,"href":"https:\/\/www.brikaelektrik.al\/al\/wp-json\/wp\/v2\/media\/2623"}],"wp:attachment":[{"href":"https:\/\/www.brikaelektrik.al\/al\/wp-json\/wp\/v2\/media?parent=2622"}],"wp:term":[{"taxonomy":"product_brand","embeddable":true,"href":"https:\/\/www.brikaelektrik.al\/al\/wp-json\/wp\/v2\/product_brand?post=2622"},{"taxonomy":"product_cat","embeddable":true,"href":"https:\/\/www.brikaelektrik.al\/al\/wp-json\/wp\/v2\/product_cat?post=2622"},{"taxonomy":"product_tag","embeddable":true,"href":"https:\/\/www.brikaelektrik.al\/al\/wp-json\/wp\/v2\/product_tag?post=2622"}],"curies":[{"name":"wp","href":"https:\/\/api.w.org\/{rel}","templated":true}]}}