{"id":2625,"date":"2025-07-31T10:34:59","date_gmt":"2025-07-31T10:34:59","guid":{"rendered":"https:\/\/www.brikaelektrik.al\/?post_type=product&#038;p=2625"},"modified":"2025-08-02T14:18:08","modified_gmt":"2025-08-02T14:18:08","slug":"zile-me-3-melodi-12v-ac-dc","status":"publish","type":"product","link":"https:\/\/www.brikaelektrik.al\/al\/produkt\/zile-me-3-melodi-12v-ac-dc\/","title":{"rendered":"ZILE ME 3 MELODI 12V AC\/DC"},"content":{"rendered":"<p>Seria: <span class=\"relative -mx-px my-[-0.2rem] rounded px-px py-[0.2rem] transition-colors duration-100 ease-in-out\">Axolute<\/span><br data-start=\"220\" data-end=\"223\" \/>Funksioni: <span class=\"relative -mx-px my-[-0.2rem] rounded px-px py-[0.2rem] transition-colors duration-100 ease-in-out\">Suoneria elektronike me 3 tinguj t\u00eb ndrysh\u00ebm dhe rregullim t\u00eb volumit p\u00ebrmes nj\u00eb vid\u00ebje frontale<\/span><br data-start=\"336\" data-end=\"339\" \/>Tensioni i pun\u00ebs: <span class=\"relative -mx-px my-[-0.2rem] rounded px-px py-[0.2rem] transition-colors duration-100 ease-in-out\">12V AC\/DC<\/span><br data-start=\"400\" data-end=\"403\" \/>Fuqia e konsumit: 8VA<br data-start=\"429\" data-end=\"432\" \/>Niveli i z\u00ebrit: <span class=\"relative -mx-px my-[-0.2rem] rounded px-px py-[0.2rem] transition-colors duration-100 ease-in-out\">80dB<\/span><br data-start=\"491\" data-end=\"494\" \/>Numri i moduleve: <span class=\"relative -mx-px my-[-0.2rem] rounded px-px py-[0.2rem] transition-colors duration-100 ease-in-out\">2 module (45\u202f\u00d7\u202f45mm)<\/span><br data-start=\"555\" data-end=\"558\" \/>Ngjyra \/ Finish: <span class=\"relative -mx-px my-[-0.2rem] rounded px-px py-[0.2rem] transition-colors duration-100 ease-in-out\">Axolute Tech (ngjyr\u00eb e bardh\u00eb e past\u00ebr)<\/span><br data-start=\"618\" data-end=\"621\" \/>Materiali: <span class=\"relative -mx-px my-[-0.2rem] rounded px-px py-[0.2rem] transition-colors duration-100 ease-in-out\">Plastik\u00eb pa halogjen\u00eb<\/span><br data-start=\"675\" data-end=\"678\" \/>Montimi: <span class=\"relative -mx-px my-[-0.2rem] rounded px-px py-[0.2rem] transition-colors duration-100 ease-in-out\">Mural incasso (i p\u00ebrshtatsh\u00ebm p\u00ebr mbajt\u00ebset e seris\u00eb Axolute)<\/span><\/p>","protected":false},"excerpt":{"rendered":"<p>Seria: AxoluteFunksioni: Suoneria elektronike me 3 tinguj t\u00eb ndrysh\u00ebm dhe rregullim t\u00eb volumit p\u00ebrmes nj\u00eb vid\u00ebje frontaleTensioni i pun\u00ebs: 12V AC\/DCFuqia e konsumit: 8VANiveli i z\u00ebrit: 80dBNumri i moduleve: 2 module (45\u202f\u00d7\u202f45mm)Ngjyra \/ Finish: Axolute Tech (ngjyr\u00eb e bardh\u00eb e past\u00ebr)Materiali: Plastik\u00eb pa halogjen\u00ebMontimi: Mural incasso (i p\u00ebrshtatsh\u00ebm p\u00ebr mbajt\u00ebset e seris\u00eb Axolute)<\/p>","protected":false},"featured_media":2626,"comment_status":"open","ping_status":"closed","template":"","meta":{"_acf_changed":false},"product_brand":[],"product_cat":[40,68],"product_tag":[],"class_list":{"0":"post-2625","1":"product","2":"type-product","3":"status-publish","4":"has-post-thumbnail","6":"product_cat-serite-civile","7":"product_cat-axolute","9":"first","10":"instock","11":"shipping-taxable","12":"product-type-simple"},"acf":[],"_links":{"self":[{"href":"https:\/\/www.brikaelektrik.al\/al\/wp-json\/wp\/v2\/product\/2625","targetHints":{"allow":["GET"]}}],"collection":[{"href":"https:\/\/www.brikaelektrik.al\/al\/wp-json\/wp\/v2\/product"}],"about":[{"href":"https:\/\/www.brikaelektrik.al\/al\/wp-json\/wp\/v2\/types\/product"}],"replies":[{"embeddable":true,"href":"https:\/\/www.brikaelektrik.al\/al\/wp-json\/wp\/v2\/comments?post=2625"}],"wp:featuredmedia":[{"embeddable":true,"href":"https:\/\/www.brikaelektrik.al\/al\/wp-json\/wp\/v2\/media\/2626"}],"wp:attachment":[{"href":"https:\/\/www.brikaelektrik.al\/al\/wp-json\/wp\/v2\/media?parent=2625"}],"wp:term":[{"taxonomy":"product_brand","embeddable":true,"href":"https:\/\/www.brikaelektrik.al\/al\/wp-json\/wp\/v2\/product_brand?post=2625"},{"taxonomy":"product_cat","embeddable":true,"href":"https:\/\/www.brikaelektrik.al\/al\/wp-json\/wp\/v2\/product_cat?post=2625"},{"taxonomy":"product_tag","embeddable":true,"href":"https:\/\/www.brikaelektrik.al\/al\/wp-json\/wp\/v2\/product_tag?post=2625"}],"curies":[{"name":"wp","href":"https:\/\/api.w.org\/{rel}","templated":true}]}}