{"id":2629,"date":"2025-08-04T10:21:28","date_gmt":"2025-08-04T10:21:28","guid":{"rendered":"https:\/\/www.brikaelektrik.al\/?post_type=product&#038;p=2629"},"modified":"2025-08-04T10:21:28","modified_gmt":"2025-08-04T10:21:28","slug":"bivalente-e-bardhe-2pt-16a","status":"publish","type":"product","link":"https:\/\/www.brikaelektrik.al\/al\/produkt\/bivalente-e-bardhe-2pt-16a\/","title":{"rendered":"BIVALENTE E BARDH\u00cb 2P+T 16A"},"content":{"rendered":"<p>Seria: Living Light<br data-start=\"67\" data-end=\"70\" \/>Lloji: Socket 2P+T<br data-start=\"92\" data-end=\"95\" \/>Rryma nominale: 10\/16A<br data-start=\"122\" data-end=\"125\" \/>Tensioni: 250V\u202fAC<br data-start=\"147\" data-end=\"150\" \/>Montimi: Flush\u2011mounted (mural)<br data-start=\"184\" data-end=\"187\" \/>Ngjyra: Bardh\u00eb<br data-start=\"205\" data-end=\"208\" \/>Mbrojtje: IP20, alveola t\u00eb mbrojtura (child\u2011safety shuttered contacts)<br data-start=\"282\" data-end=\"285\" \/>Materiali: Termoplastik pa halogjen<br data-start=\"324\" data-end=\"327\" \/>Formati i priz\u00ebs: Standard italian (bipasso), interaks 19mm dhe 26mm<br data-start=\"401\" data-end=\"404\" \/>P\u00ebrmasat: 44mm (lart\u00ebsi) \u00d7 22mm (gjer\u00ebsi) \u00d7 37mm (thell\u00ebsi)<br data-start=\"470\" data-end=\"473\" \/>Numri i moduleve: 1<br data-start=\"496\" data-end=\"499\" \/><\/p>","protected":false},"excerpt":{"rendered":"<p>Seria: Living LightLloji: Socket 2P+TRryma nominale: 10\/16ATensioni: 250V\u202fACMontimi: Flush\u2011mounted (mural)Ngjyra: Bardh\u00ebMbrojtje: IP20, alveola t\u00eb mbrojtura (child\u2011safety shuttered contacts)Materiali: Termoplastik pa halogjenFormati i priz\u00ebs: Standard italian (bipasso), interaks 19mm dhe 26mmP\u00ebrmasat: 44mm (lart\u00ebsi) \u00d7 22mm (gjer\u00ebsi) \u00d7 37mm (thell\u00ebsi)Numri i moduleve: 1<\/p>","protected":false},"featured_media":2630,"comment_status":"open","ping_status":"closed","template":"","meta":{"_acf_changed":false},"product_brand":[],"product_cat":[40,67],"product_tag":[],"class_list":{"0":"post-2629","1":"product","2":"type-product","3":"status-publish","4":"has-post-thumbnail","6":"product_cat-serite-civile","7":"product_cat-living-light","9":"first","10":"instock","11":"shipping-taxable","12":"product-type-simple"},"acf":[],"_links":{"self":[{"href":"https:\/\/www.brikaelektrik.al\/al\/wp-json\/wp\/v2\/product\/2629","targetHints":{"allow":["GET"]}}],"collection":[{"href":"https:\/\/www.brikaelektrik.al\/al\/wp-json\/wp\/v2\/product"}],"about":[{"href":"https:\/\/www.brikaelektrik.al\/al\/wp-json\/wp\/v2\/types\/product"}],"replies":[{"embeddable":true,"href":"https:\/\/www.brikaelektrik.al\/al\/wp-json\/wp\/v2\/comments?post=2629"}],"wp:featuredmedia":[{"embeddable":true,"href":"https:\/\/www.brikaelektrik.al\/al\/wp-json\/wp\/v2\/media\/2630"}],"wp:attachment":[{"href":"https:\/\/www.brikaelektrik.al\/al\/wp-json\/wp\/v2\/media?parent=2629"}],"wp:term":[{"taxonomy":"product_brand","embeddable":true,"href":"https:\/\/www.brikaelektrik.al\/al\/wp-json\/wp\/v2\/product_brand?post=2629"},{"taxonomy":"product_cat","embeddable":true,"href":"https:\/\/www.brikaelektrik.al\/al\/wp-json\/wp\/v2\/product_cat?post=2629"},{"taxonomy":"product_tag","embeddable":true,"href":"https:\/\/www.brikaelektrik.al\/al\/wp-json\/wp\/v2\/product_tag?post=2629"}],"curies":[{"name":"wp","href":"https:\/\/api.w.org\/{rel}","templated":true}]}}