{"id":2631,"date":"2025-08-04T10:26:21","date_gmt":"2025-08-04T10:26:21","guid":{"rendered":"https:\/\/www.brikaelektrik.al\/?post_type=product&#038;p=2631"},"modified":"2025-08-04T10:26:21","modified_gmt":"2025-08-04T10:26:21","slug":"celes-bipolar-i-bardhe-16a-2","status":"publish","type":"product","link":"https:\/\/www.brikaelektrik.al\/al\/produkt\/celes-bipolar-i-bardhe-16a-2\/","title":{"rendered":"\u00c7EL\u00cbS BIPOLAR I BARDH\u00cb 16A"},"content":{"rendered":"<p>Seria: Living Light<br data-start=\"67\" data-end=\"70\" \/>Lloji: Switch 2P<br data-start=\"90\" data-end=\"93\" \/>Rryma nominale: 16A<br data-start=\"117\" data-end=\"120\" \/>Tensioni: 250V\u202fAC<br data-start=\"142\" data-end=\"145\" \/>Montimi: Flush\u2011mounted (mural)<br data-start=\"179\" data-end=\"182\" \/>Ngjyra: Bardh\u00eb<br data-start=\"200\" data-end=\"203\" \/>Mbrojtje: IP20 (standard e brendshme)<br data-start=\"244\" data-end=\"247\" \/>Materiali: Termoplastik pa halogjen (sipas Living Light standard)<br data-start=\"317\" data-end=\"320\" \/>Formati i modulit: 1 modul standard Living Light (1\u2011module switch)<br data-start=\"390\" data-end=\"393\" \/>Tip kontakti: 2\u2011pole (bipolar) switch<br data-start=\"434\" data-end=\"437\" \/>P\u00ebrmasat: t\u00eb p\u00ebrputhura me nj\u00eb modul Living Light\u00a0<br data-start=\"579\" data-end=\"582\" \/>Numri i moduleve: 1<\/p>","protected":false},"excerpt":{"rendered":"<p>Seria: Living LightLloji: Switch 2PRryma nominale: 16ATensioni: 250V\u202fACMontimi: Flush\u2011mounted (mural)Ngjyra: Bardh\u00ebMbrojtje: IP20 (standard e brendshme)Materiali: Termoplastik pa halogjen (sipas Living Light standard)Formati i modulit: 1 modul standard Living Light (1\u2011module switch)Tip kontakti: 2\u2011pole (bipolar) switchP\u00ebrmasat: t\u00eb p\u00ebrputhura me nj\u00eb modul Living Light\u00a0Numri i moduleve: 1<\/p>","protected":false},"featured_media":2632,"comment_status":"open","ping_status":"closed","template":"","meta":{"_acf_changed":false},"product_brand":[],"product_cat":[40,67],"product_tag":[],"class_list":{"0":"post-2631","1":"product","2":"type-product","3":"status-publish","4":"has-post-thumbnail","6":"product_cat-serite-civile","7":"product_cat-living-light","9":"first","10":"instock","11":"shipping-taxable","12":"product-type-simple"},"acf":[],"_links":{"self":[{"href":"https:\/\/www.brikaelektrik.al\/al\/wp-json\/wp\/v2\/product\/2631","targetHints":{"allow":["GET"]}}],"collection":[{"href":"https:\/\/www.brikaelektrik.al\/al\/wp-json\/wp\/v2\/product"}],"about":[{"href":"https:\/\/www.brikaelektrik.al\/al\/wp-json\/wp\/v2\/types\/product"}],"replies":[{"embeddable":true,"href":"https:\/\/www.brikaelektrik.al\/al\/wp-json\/wp\/v2\/comments?post=2631"}],"wp:featuredmedia":[{"embeddable":true,"href":"https:\/\/www.brikaelektrik.al\/al\/wp-json\/wp\/v2\/media\/2632"}],"wp:attachment":[{"href":"https:\/\/www.brikaelektrik.al\/al\/wp-json\/wp\/v2\/media?parent=2631"}],"wp:term":[{"taxonomy":"product_brand","embeddable":true,"href":"https:\/\/www.brikaelektrik.al\/al\/wp-json\/wp\/v2\/product_brand?post=2631"},{"taxonomy":"product_cat","embeddable":true,"href":"https:\/\/www.brikaelektrik.al\/al\/wp-json\/wp\/v2\/product_cat?post=2631"},{"taxonomy":"product_tag","embeddable":true,"href":"https:\/\/www.brikaelektrik.al\/al\/wp-json\/wp\/v2\/product_tag?post=2631"}],"curies":[{"name":"wp","href":"https:\/\/api.w.org\/{rel}","templated":true}]}}