{"id":2633,"date":"2025-08-04T10:29:46","date_gmt":"2025-08-04T10:29:46","guid":{"rendered":"https:\/\/www.brikaelektrik.al\/?post_type=product&#038;p=2633"},"modified":"2025-08-04T10:29:46","modified_gmt":"2025-08-04T10:29:46","slug":"celes-i-thjeshte-i-bardhe-1p-16a","status":"publish","type":"product","link":"https:\/\/www.brikaelektrik.al\/al\/produkt\/celes-i-thjeshte-i-bardhe-1p-16a\/","title":{"rendered":"\u00c7EL\u00cbS I THJESHT\u00cb I BARDH\u00cb 1P 16A"},"content":{"rendered":"<p>Seria: Living Light<br data-start=\"144\" data-end=\"147\" \/>Lloji: Interrator 1P (1 pole)<br data-start=\"180\" data-end=\"183\" \/>Rryma nominale: 16A<br data-start=\"207\" data-end=\"210\" \/>Tensioni: 250V\u202fAC<br data-start=\"232\" data-end=\"235\" \/>Montimi: Flush\u2011mounted (mural)<br data-start=\"269\" data-end=\"272\" \/>Ngjyra: Bardh\u00eb<br data-start=\"290\" data-end=\"293\" \/>Mbrojtje: IP20 (standard e brendshme)<br data-start=\"334\" data-end=\"337\" \/>Materiali: Termoplastik pa halogjen<br data-start=\"376\" data-end=\"379\" \/>Formati i modulit: 1 modul standard Living Light (1\u2011module switch)<br data-start=\"449\" data-end=\"452\" \/>Tip kontakti: 1\u2011pole (unipolar) switch<br data-start=\"494\" data-end=\"497\" \/>P\u00ebrmasat: t\u00eb p\u00ebrputhshme me nj\u00eb modul Living Light\u00a0<br data-start=\"640\" data-end=\"643\" \/>Numri i moduleve: 1<\/p>","protected":false},"excerpt":{"rendered":"<p>Seria: Living LightLloji: Interrator 1P (1 pole)Rryma nominale: 16ATensioni: 250V\u202fACMontimi: Flush\u2011mounted (mural)Ngjyra: Bardh\u00ebMbrojtje: IP20 (standard e brendshme)Materiali: Termoplastik pa halogjenFormati i modulit: 1 modul standard Living Light (1\u2011module switch)Tip kontakti: 1\u2011pole (unipolar) switchP\u00ebrmasat: t\u00eb p\u00ebrputhshme me nj\u00eb modul Living Light\u00a0Numri i moduleve: 1<\/p>","protected":false},"featured_media":2634,"comment_status":"open","ping_status":"closed","template":"","meta":{"_acf_changed":false},"product_brand":[],"product_cat":[40,67],"product_tag":[],"class_list":{"0":"post-2633","1":"product","2":"type-product","3":"status-publish","4":"has-post-thumbnail","6":"product_cat-serite-civile","7":"product_cat-living-light","9":"first","10":"instock","11":"shipping-taxable","12":"product-type-simple"},"acf":[],"_links":{"self":[{"href":"https:\/\/www.brikaelektrik.al\/al\/wp-json\/wp\/v2\/product\/2633","targetHints":{"allow":["GET"]}}],"collection":[{"href":"https:\/\/www.brikaelektrik.al\/al\/wp-json\/wp\/v2\/product"}],"about":[{"href":"https:\/\/www.brikaelektrik.al\/al\/wp-json\/wp\/v2\/types\/product"}],"replies":[{"embeddable":true,"href":"https:\/\/www.brikaelektrik.al\/al\/wp-json\/wp\/v2\/comments?post=2633"}],"wp:featuredmedia":[{"embeddable":true,"href":"https:\/\/www.brikaelektrik.al\/al\/wp-json\/wp\/v2\/media\/2634"}],"wp:attachment":[{"href":"https:\/\/www.brikaelektrik.al\/al\/wp-json\/wp\/v2\/media?parent=2633"}],"wp:term":[{"taxonomy":"product_brand","embeddable":true,"href":"https:\/\/www.brikaelektrik.al\/al\/wp-json\/wp\/v2\/product_brand?post=2633"},{"taxonomy":"product_cat","embeddable":true,"href":"https:\/\/www.brikaelektrik.al\/al\/wp-json\/wp\/v2\/product_cat?post=2633"},{"taxonomy":"product_tag","embeddable":true,"href":"https:\/\/www.brikaelektrik.al\/al\/wp-json\/wp\/v2\/product_tag?post=2633"}],"curies":[{"name":"wp","href":"https:\/\/api.w.org\/{rel}","templated":true}]}}