{"id":2635,"date":"2025-08-04T10:33:28","date_gmt":"2025-08-04T10:33:28","guid":{"rendered":"https:\/\/www.brikaelektrik.al\/?post_type=product&#038;p=2635"},"modified":"2025-08-04T10:33:28","modified_gmt":"2025-08-04T10:33:28","slug":"celes-qepeni-me-2-butona-1-0-2","status":"publish","type":"product","link":"https:\/\/www.brikaelektrik.al\/al\/produkt\/celes-qepeni-me-2-butona-1-0-2\/","title":{"rendered":"\u00c7EL\u00cbS QEPENI ME 2 BUTONA 1-0-2"},"content":{"rendered":"<p>Seria: Living Light<br data-start=\"246\" data-end=\"249\" \/>Lloji: Komutator me 2 \u00e7el\u00ebsa (1-0-2)<br data-start=\"289\" data-end=\"292\" \/>Rryma nominale: 16A<br data-start=\"316\" data-end=\"319\" \/>Tensioni: 250V\u202fAC<br data-start=\"341\" data-end=\"344\" \/>Montimi: Flush\u2011mounted (mural)<br data-start=\"378\" data-end=\"381\" \/>Ngjyra: Bardh\u00eb<br data-start=\"399\" data-end=\"402\" \/>Mbrojtje: IP20 (standard e brendshme)<br data-start=\"443\" data-end=\"446\" \/>Materiali: Termoplastik pa halogjen<br data-start=\"485\" data-end=\"488\" \/>Formati i modulit: 1 modul standard Living Light (1\u2011module switch)<br data-start=\"558\" data-end=\"561\" \/>Tip kontakti: 1\u2011pole (unipolar) switch<br data-start=\"603\" data-end=\"606\" \/>P\u00ebrmasat: t\u00eb p\u00ebrputhshme me nj\u00eb modul Living Light\u00a0<br data-start=\"749\" data-end=\"752\" \/>Numri i moduleve: 1<\/p>","protected":false},"excerpt":{"rendered":"<p>Seria: Living LightLloji: Komutator me 2 \u00e7el\u00ebsa (1-0-2)Rryma nominale: 16ATensioni: 250V\u202fACMontimi: Flush\u2011mounted (mural)Ngjyra: Bardh\u00ebMbrojtje: IP20 (standard e brendshme)Materiali: Termoplastik pa halogjenFormati i modulit: 1 modul standard Living Light (1\u2011module switch)Tip kontakti: 1\u2011pole (unipolar) switchP\u00ebrmasat: t\u00eb p\u00ebrputhshme me nj\u00eb modul Living Light\u00a0Numri i moduleve: 1<\/p>","protected":false},"featured_media":2636,"comment_status":"open","ping_status":"closed","template":"","meta":{"_acf_changed":false},"product_brand":[],"product_cat":[40,67],"product_tag":[],"class_list":{"0":"post-2635","1":"product","2":"type-product","3":"status-publish","4":"has-post-thumbnail","6":"product_cat-serite-civile","7":"product_cat-living-light","9":"first","10":"instock","11":"shipping-taxable","12":"product-type-simple"},"acf":[],"_links":{"self":[{"href":"https:\/\/www.brikaelektrik.al\/al\/wp-json\/wp\/v2\/product\/2635","targetHints":{"allow":["GET"]}}],"collection":[{"href":"https:\/\/www.brikaelektrik.al\/al\/wp-json\/wp\/v2\/product"}],"about":[{"href":"https:\/\/www.brikaelektrik.al\/al\/wp-json\/wp\/v2\/types\/product"}],"replies":[{"embeddable":true,"href":"https:\/\/www.brikaelektrik.al\/al\/wp-json\/wp\/v2\/comments?post=2635"}],"wp:featuredmedia":[{"embeddable":true,"href":"https:\/\/www.brikaelektrik.al\/al\/wp-json\/wp\/v2\/media\/2636"}],"wp:attachment":[{"href":"https:\/\/www.brikaelektrik.al\/al\/wp-json\/wp\/v2\/media?parent=2635"}],"wp:term":[{"taxonomy":"product_brand","embeddable":true,"href":"https:\/\/www.brikaelektrik.al\/al\/wp-json\/wp\/v2\/product_brand?post=2635"},{"taxonomy":"product_cat","embeddable":true,"href":"https:\/\/www.brikaelektrik.al\/al\/wp-json\/wp\/v2\/product_cat?post=2635"},{"taxonomy":"product_tag","embeddable":true,"href":"https:\/\/www.brikaelektrik.al\/al\/wp-json\/wp\/v2\/product_tag?post=2635"}],"curies":[{"name":"wp","href":"https:\/\/api.w.org\/{rel}","templated":true}]}}