{"id":2638,"date":"2025-08-04T10:36:35","date_gmt":"2025-08-04T10:36:35","guid":{"rendered":"https:\/\/www.brikaelektrik.al\/?post_type=product&#038;p=2638"},"modified":"2025-08-04T10:36:35","modified_gmt":"2025-08-04T10:36:35","slug":"deviat-i-bardhe-16a","status":"publish","type":"product","link":"https:\/\/www.brikaelektrik.al\/al\/produkt\/deviat-i-bardhe-16a\/","title":{"rendered":"DEVIAT I BARDH\u00cb 16A"},"content":{"rendered":"<p>Seria: <span class=\"relative -mx-px my-[-0.2rem] rounded px-px py-[0.2rem] transition-colors duration-100 ease-in-out\">Living Light<\/span><br data-start=\"169\" data-end=\"172\" \/>Lloji: <span class=\"relative -mx-px my-[-0.2rem] rounded px-px py-[0.2rem] transition-colors duration-100 ease-in-out\">Deviator 1P (1 pole)<\/span><br data-start=\"220\" data-end=\"223\" \/>Rryma nominale: 16A<br data-start=\"247\" data-end=\"250\" \/>Tensioni: <span class=\"relative -mx-px my-[-0.2rem] rounded px-px py-[0.2rem] transition-colors duration-100 ease-in-out\">250V\u202fAC<\/span><br data-start=\"303\" data-end=\"306\" \/>Montimi: <span class=\"relative -mx-px my-[-0.2rem] rounded px-px py-[0.2rem] transition-colors duration-100 ease-in-out\">Flush\u2011mounted (mural)<\/span><br data-start=\"358\" data-end=\"361\" \/>Ngjyra: <span class=\"relative -mx-px my-[-0.2rem] rounded px-px py-[0.2rem] transition-colors duration-100 ease-in-out\">Bardh\u00eb<\/span><br data-start=\"412\" data-end=\"415\" \/>Mbrojtje: <span class=\"relative -mx-px my-[-0.2rem] rounded px-px py-[0.2rem] transition-colors duration-100 ease-in-out\">IP20 (standard e brendshme)<\/span><br data-start=\"468\" data-end=\"471\" \/>Materiali: <span class=\"relative -mx-px my-[-0.2rem] rounded px-px py-[0.2rem] transition-colors duration-100 ease-in-out\">Termoplastik pa halogjen<\/span><br data-start=\"525\" data-end=\"528\" \/>Formati i modulit: <span class=\"relative -mx-px my-[-0.2rem] rounded px-px py-[0.2rem] transition-colors duration-100 ease-in-out\">1 modul standard Living Light (1\u2011module switch)<\/span><br data-start=\"590\" data-end=\"593\" \/>Tip kontakti: <span class=\"relative -mx-px my-[-0.2rem] rounded px-px py-[0.2rem] transition-colors duration-100 ease-in-out\">1\u2011pole (unipolar) switch<\/span><br data-start=\"650\" data-end=\"653\" \/>P\u00ebrmasat: <span class=\"relative -mx-px my-[-0.2rem] rounded px-px py-[0.2rem] transition-colors duration-100 ease-in-out\">t\u00eb p\u00ebrputhshme me nj\u00eb modul Living Light\u00a0<\/span><br data-start=\"706\" data-end=\"709\" \/>Numri i moduleve: 1<\/p>","protected":false},"excerpt":{"rendered":"<p>Seria: Living LightLloji: Deviator 1P (1 pole)Rryma nominale: 16ATensioni: 250V\u202fACMontimi: Flush\u2011mounted (mural)Ngjyra: Bardh\u00ebMbrojtje: IP20 (standard e brendshme)Materiali: Termoplastik pa halogjenFormati i modulit: 1 modul standard Living Light (1\u2011module switch)Tip kontakti: 1\u2011pole (unipolar) switchP\u00ebrmasat: t\u00eb p\u00ebrputhshme me nj\u00eb modul Living Light\u00a0Numri i moduleve: 1<\/p>","protected":false},"featured_media":2639,"comment_status":"open","ping_status":"closed","template":"","meta":{"_acf_changed":false},"product_brand":[],"product_cat":[40,67],"product_tag":[],"class_list":{"0":"post-2638","1":"product","2":"type-product","3":"status-publish","4":"has-post-thumbnail","6":"product_cat-serite-civile","7":"product_cat-living-light","9":"first","10":"instock","11":"shipping-taxable","12":"product-type-simple"},"acf":[],"_links":{"self":[{"href":"https:\/\/www.brikaelektrik.al\/al\/wp-json\/wp\/v2\/product\/2638","targetHints":{"allow":["GET"]}}],"collection":[{"href":"https:\/\/www.brikaelektrik.al\/al\/wp-json\/wp\/v2\/product"}],"about":[{"href":"https:\/\/www.brikaelektrik.al\/al\/wp-json\/wp\/v2\/types\/product"}],"replies":[{"embeddable":true,"href":"https:\/\/www.brikaelektrik.al\/al\/wp-json\/wp\/v2\/comments?post=2638"}],"wp:featuredmedia":[{"embeddable":true,"href":"https:\/\/www.brikaelektrik.al\/al\/wp-json\/wp\/v2\/media\/2639"}],"wp:attachment":[{"href":"https:\/\/www.brikaelektrik.al\/al\/wp-json\/wp\/v2\/media?parent=2638"}],"wp:term":[{"taxonomy":"product_brand","embeddable":true,"href":"https:\/\/www.brikaelektrik.al\/al\/wp-json\/wp\/v2\/product_brand?post=2638"},{"taxonomy":"product_cat","embeddable":true,"href":"https:\/\/www.brikaelektrik.al\/al\/wp-json\/wp\/v2\/product_cat?post=2638"},{"taxonomy":"product_tag","embeddable":true,"href":"https:\/\/www.brikaelektrik.al\/al\/wp-json\/wp\/v2\/product_tag?post=2638"}],"curies":[{"name":"wp","href":"https:\/\/api.w.org\/{rel}","templated":true}]}}