{"id":2640,"date":"2025-08-04T10:40:52","date_gmt":"2025-08-04T10:40:52","guid":{"rendered":"https:\/\/www.brikaelektrik.al\/?post_type=product&#038;p=2640"},"modified":"2025-08-04T10:40:52","modified_gmt":"2025-08-04T10:40:52","slug":"dimmer-resistivo-induttivo-600w","status":"publish","type":"product","link":"https:\/\/www.brikaelektrik.al\/al\/produkt\/dimmer-resistivo-induttivo-600w\/","title":{"rendered":"DIMMER Resistivo\/Induttivo 600W"},"content":{"rendered":"<p>Seria: Living Light<br data-start=\"183\" data-end=\"186\" \/>Lloji: Dimmer me buton shtyp\u00ebs p\u00ebr ngarkesa rezistive\/induktive<br data-start=\"253\" data-end=\"256\" \/>Rryma nominale \/ Fuqia: 20 \u2013 600W\/VA<br data-start=\"297\" data-end=\"300\" \/>Tensioni: 100\u2013240V AC, 50\u201360\u202fHz<br data-start=\"336\" data-end=\"339\" \/>Montimi: Mural<br data-start=\"357\" data-end=\"360\" \/>Ngjyra: Bardh\u00eb<br data-start=\"378\" data-end=\"381\" \/>Mbrojtje: IP21<br data-start=\"399\" data-end=\"402\" \/>Materiali: Termoplastik pa halogjen<br data-start=\"441\" data-end=\"444\" \/>Formati i priz\u00ebs: 2 module (sistem modular Living Light)<br data-start=\"504\" data-end=\"507\" \/>P\u00ebrmasat: 45mm (lart\u00ebsi) \u00d7 44mm (gjer\u00ebsi) \u00d7 47mm (thell\u00ebsi)<\/p>","protected":false},"excerpt":{"rendered":"<p>Seria: Living LightLloji: Dimmer me buton shtyp\u00ebs p\u00ebr ngarkesa rezistive\/induktiveRryma nominale \/ Fuqia: 20 \u2013 600W\/VATensioni: 100\u2013240V AC, 50\u201360\u202fHzMontimi: MuralNgjyra: Bardh\u00ebMbrojtje: IP21Materiali: Termoplastik pa halogjenFormati i priz\u00ebs: 2 module (sistem modular Living Light)P\u00ebrmasat: 45mm (lart\u00ebsi) \u00d7 44mm (gjer\u00ebsi) \u00d7 47mm (thell\u00ebsi)<\/p>","protected":false},"featured_media":2641,"comment_status":"open","ping_status":"closed","template":"","meta":{"_acf_changed":false},"product_brand":[],"product_cat":[40,67],"product_tag":[],"class_list":{"0":"post-2640","1":"product","2":"type-product","3":"status-publish","4":"has-post-thumbnail","6":"product_cat-serite-civile","7":"product_cat-living-light","9":"first","10":"instock","11":"shipping-taxable","12":"product-type-simple"},"acf":[],"_links":{"self":[{"href":"https:\/\/www.brikaelektrik.al\/al\/wp-json\/wp\/v2\/product\/2640","targetHints":{"allow":["GET"]}}],"collection":[{"href":"https:\/\/www.brikaelektrik.al\/al\/wp-json\/wp\/v2\/product"}],"about":[{"href":"https:\/\/www.brikaelektrik.al\/al\/wp-json\/wp\/v2\/types\/product"}],"replies":[{"embeddable":true,"href":"https:\/\/www.brikaelektrik.al\/al\/wp-json\/wp\/v2\/comments?post=2640"}],"wp:featuredmedia":[{"embeddable":true,"href":"https:\/\/www.brikaelektrik.al\/al\/wp-json\/wp\/v2\/media\/2641"}],"wp:attachment":[{"href":"https:\/\/www.brikaelektrik.al\/al\/wp-json\/wp\/v2\/media?parent=2640"}],"wp:term":[{"taxonomy":"product_brand","embeddable":true,"href":"https:\/\/www.brikaelektrik.al\/al\/wp-json\/wp\/v2\/product_brand?post=2640"},{"taxonomy":"product_cat","embeddable":true,"href":"https:\/\/www.brikaelektrik.al\/al\/wp-json\/wp\/v2\/product_cat?post=2640"},{"taxonomy":"product_tag","embeddable":true,"href":"https:\/\/www.brikaelektrik.al\/al\/wp-json\/wp\/v2\/product_tag?post=2640"}],"curies":[{"name":"wp","href":"https:\/\/api.w.org\/{rel}","templated":true}]}}