{"id":2642,"date":"2025-08-04T10:44:20","date_gmt":"2025-08-04T10:44:20","guid":{"rendered":"https:\/\/www.brikaelektrik.al\/?post_type=product&#038;p=2642"},"modified":"2025-08-04T10:44:21","modified_gmt":"2025-08-04T10:44:21","slug":"invertitor-i-bardhe-16a-2","status":"publish","type":"product","link":"https:\/\/www.brikaelektrik.al\/al\/produkt\/invertitor-i-bardhe-16a-2\/","title":{"rendered":"INVERTITOR I BARDH\u00cb 16A"},"content":{"rendered":"<p>Seria: Living Light<br data-start=\"154\" data-end=\"157\" \/>Lloji: Nd\u00ebrrues inverter me ndri\u00e7im (Change-over switch 1P me llamb\u00eb indikatore)<br data-start=\"241\" data-end=\"244\" \/>Rryma nominale: 16A<br data-start=\"268\" data-end=\"271\" \/>Tensioni: 250V\u202fAC<br data-start=\"293\" data-end=\"296\" \/>Montimi: Mural<br data-start=\"314\" data-end=\"317\" \/>Ngjyra: Bardh\u00eb<br data-start=\"335\" data-end=\"338\" \/>Mbrojtje: IP20<br data-start=\"356\" data-end=\"359\" \/>Materiali: Termoplastik pa halogjen<br data-start=\"398\" data-end=\"401\" \/>Formati i modulit: 1 modul<br data-start=\"431\" data-end=\"434\" \/>P\u00ebrmasat: 43.8mm (lart\u00ebsi) \u00d7 21.8mm (gjer\u00ebsi) \u00d7 26.5mm (thell\u00ebsi)<\/p>","protected":false},"excerpt":{"rendered":"<p>Seria: Living LightLloji: Nd\u00ebrrues inverter me ndri\u00e7im (Change-over switch 1P me llamb\u00eb indikatore)Rryma nominale: 16ATensioni: 250V\u202fACMontimi: MuralNgjyra: Bardh\u00ebMbrojtje: IP20Materiali: Termoplastik pa halogjenFormati i modulit: 1 modulP\u00ebrmasat: 43.8mm (lart\u00ebsi) \u00d7 21.8mm (gjer\u00ebsi) \u00d7 26.5mm (thell\u00ebsi)<\/p>","protected":false},"featured_media":2643,"comment_status":"open","ping_status":"closed","template":"","meta":{"_acf_changed":false},"product_brand":[],"product_cat":[40,67],"product_tag":[],"class_list":{"0":"post-2642","1":"product","2":"type-product","3":"status-publish","4":"has-post-thumbnail","6":"product_cat-serite-civile","7":"product_cat-living-light","9":"first","10":"instock","11":"shipping-taxable","12":"product-type-simple"},"acf":[],"_links":{"self":[{"href":"https:\/\/www.brikaelektrik.al\/al\/wp-json\/wp\/v2\/product\/2642","targetHints":{"allow":["GET"]}}],"collection":[{"href":"https:\/\/www.brikaelektrik.al\/al\/wp-json\/wp\/v2\/product"}],"about":[{"href":"https:\/\/www.brikaelektrik.al\/al\/wp-json\/wp\/v2\/types\/product"}],"replies":[{"embeddable":true,"href":"https:\/\/www.brikaelektrik.al\/al\/wp-json\/wp\/v2\/comments?post=2642"}],"wp:featuredmedia":[{"embeddable":true,"href":"https:\/\/www.brikaelektrik.al\/al\/wp-json\/wp\/v2\/media\/2643"}],"wp:attachment":[{"href":"https:\/\/www.brikaelektrik.al\/al\/wp-json\/wp\/v2\/media?parent=2642"}],"wp:term":[{"taxonomy":"product_brand","embeddable":true,"href":"https:\/\/www.brikaelektrik.al\/al\/wp-json\/wp\/v2\/product_brand?post=2642"},{"taxonomy":"product_cat","embeddable":true,"href":"https:\/\/www.brikaelektrik.al\/al\/wp-json\/wp\/v2\/product_cat?post=2642"},{"taxonomy":"product_tag","embeddable":true,"href":"https:\/\/www.brikaelektrik.al\/al\/wp-json\/wp\/v2\/product_tag?post=2642"}],"curies":[{"name":"wp","href":"https:\/\/api.w.org\/{rel}","templated":true}]}}