{"id":2644,"date":"2025-08-04T10:48:55","date_gmt":"2025-08-04T10:48:55","guid":{"rendered":"https:\/\/www.brikaelektrik.al\/?post_type=product&#038;p=2644"},"modified":"2025-08-04T10:48:55","modified_gmt":"2025-08-04T10:48:55","slug":"prize-interneti-e-bardhe-rj45-cat6-ftp","status":"publish","type":"product","link":"https:\/\/www.brikaelektrik.al\/al\/produkt\/prize-interneti-e-bardhe-rj45-cat6-ftp\/","title":{"rendered":"PRIZ\u00cb INTERNETI E BARDH\u00cb RJ45 CAT6 FTP"},"content":{"rendered":"<p>Seria: Living Light<br data-start=\"236\" data-end=\"239\" \/>Lloji: Priz\u00eb t\u00eb dh\u00ebnash RJ45, categoria 6, STP, toolless<br data-start=\"299\" data-end=\"302\" \/>Rryma nominale \/ Fuqia: Deri n\u00eb 50\u202fW (PoE compatible)<br data-start=\"359\" data-end=\"362\" \/>Tensioni: 250V AC<br data-start=\"384\" data-end=\"387\" \/>Montimi: Mural<br data-start=\"405\" data-end=\"408\" \/>Ngjyra: E bardh\u00eb<br data-start=\"428\" data-end=\"431\" \/>Mbrojtje: IP21, IK03<br data-start=\"455\" data-end=\"458\" \/>Materiali: Termoplastik pa halogjen; kontakte prej bronzi t\u00eb veshur me ar<br data-start=\"535\" data-end=\"538\" \/>Formati i priz\u00ebs: 1 modul (standard Living Light)<br data-start=\"591\" data-end=\"594\" \/>P\u00ebrmasat: 44mm (lart\u00ebsi) \u00d7 22mm (gjer\u00ebsi) \u00d7 44mm (thell\u00ebsi)<\/p>","protected":false},"excerpt":{"rendered":"<p>Seria: Living LightLloji: Priz\u00eb t\u00eb dh\u00ebnash RJ45, categoria 6, STP, toollessRryma nominale \/ Fuqia: Deri n\u00eb 50\u202fW (PoE compatible)Tensioni: 250V ACMontimi: MuralNgjyra: E bardh\u00ebMbrojtje: IP21, IK03Materiali: Termoplastik pa halogjen; kontakte prej bronzi t\u00eb veshur me arFormati i priz\u00ebs: 1 modul (standard Living Light)P\u00ebrmasat: 44mm (lart\u00ebsi) \u00d7 22mm (gjer\u00ebsi) \u00d7 44mm (thell\u00ebsi)<\/p>","protected":false},"featured_media":2645,"comment_status":"open","ping_status":"closed","template":"","meta":{"_acf_changed":false},"product_brand":[],"product_cat":[40,67],"product_tag":[],"class_list":{"0":"post-2644","1":"product","2":"type-product","3":"status-publish","4":"has-post-thumbnail","6":"product_cat-serite-civile","7":"product_cat-living-light","9":"first","10":"instock","11":"shipping-taxable","12":"product-type-simple"},"acf":[],"_links":{"self":[{"href":"https:\/\/www.brikaelektrik.al\/al\/wp-json\/wp\/v2\/product\/2644","targetHints":{"allow":["GET"]}}],"collection":[{"href":"https:\/\/www.brikaelektrik.al\/al\/wp-json\/wp\/v2\/product"}],"about":[{"href":"https:\/\/www.brikaelektrik.al\/al\/wp-json\/wp\/v2\/types\/product"}],"replies":[{"embeddable":true,"href":"https:\/\/www.brikaelektrik.al\/al\/wp-json\/wp\/v2\/comments?post=2644"}],"wp:featuredmedia":[{"embeddable":true,"href":"https:\/\/www.brikaelektrik.al\/al\/wp-json\/wp\/v2\/media\/2645"}],"wp:attachment":[{"href":"https:\/\/www.brikaelektrik.al\/al\/wp-json\/wp\/v2\/media?parent=2644"}],"wp:term":[{"taxonomy":"product_brand","embeddable":true,"href":"https:\/\/www.brikaelektrik.al\/al\/wp-json\/wp\/v2\/product_brand?post=2644"},{"taxonomy":"product_cat","embeddable":true,"href":"https:\/\/www.brikaelektrik.al\/al\/wp-json\/wp\/v2\/product_cat?post=2644"},{"taxonomy":"product_tag","embeddable":true,"href":"https:\/\/www.brikaelektrik.al\/al\/wp-json\/wp\/v2\/product_tag?post=2644"}],"curies":[{"name":"wp","href":"https:\/\/api.w.org\/{rel}","templated":true}]}}