{"id":2646,"date":"2025-08-04T10:52:10","date_gmt":"2025-08-04T10:52:10","guid":{"rendered":"https:\/\/www.brikaelektrik.al\/?post_type=product&#038;p=2646"},"modified":"2025-08-04T10:52:10","modified_gmt":"2025-08-04T10:52:10","slug":"prize-interneti-e-bardhe-rj45-cat6-utp","status":"publish","type":"product","link":"https:\/\/www.brikaelektrik.al\/al\/produkt\/prize-interneti-e-bardhe-rj45-cat6-utp\/","title":{"rendered":"PRIZ\u00cb INTERNETI E BARDH\u00cb RJ45 CAT6 UTP"},"content":{"rendered":"<p>Seria: Living Light<br data-start=\"67\" data-end=\"70\" \/>Lloji: Priz\u00eb t\u00eb dh\u00ebnash RJ45 Cat.6 UTP, toolless<br data-start=\"122\" data-end=\"125\" \/>Rryma nominale \/ Fuqia: Deri n\u00eb 1\u202fGbps, PoE jo-shielded (UTP)<br data-start=\"194\" data-end=\"197\" \/>Tensioni: 250V AC<br data-start=\"219\" data-end=\"222\" \/>Montimi: Mural<br data-start=\"240\" data-end=\"243\" \/>Ngjyra: E bardh\u00eb<br data-start=\"263\" data-end=\"266\" \/>Mbrojtje: IP21, IK03<br data-start=\"290\" data-end=\"293\" \/>Materiali: Termoplastik pa halogjen; kontakti RJ45 8(8)<br data-start=\"352\" data-end=\"355\" \/>Formati i priz\u00ebs: 1 modul standard Living Light<br data-start=\"406\" data-end=\"409\" \/>P\u00ebrmasat: 44mm (lart\u00ebsi) \u00d7 22mm (gjer\u00ebsi) \u00d7 37mm (thell\u00ebsi)<\/p>","protected":false},"excerpt":{"rendered":"<p>Seria: Living LightLloji: Priz\u00eb t\u00eb dh\u00ebnash RJ45 Cat.6 UTP, toollessRryma nominale \/ Fuqia: Deri n\u00eb 1\u202fGbps, PoE jo-shielded (UTP)Tensioni: 250V ACMontimi: MuralNgjyra: E bardh\u00ebMbrojtje: IP21, IK03Materiali: Termoplastik pa halogjen; kontakti RJ45 8(8)Formati i priz\u00ebs: 1 modul standard Living LightP\u00ebrmasat: 44mm (lart\u00ebsi) \u00d7 22mm (gjer\u00ebsi) \u00d7 37mm (thell\u00ebsi)<\/p>","protected":false},"featured_media":2647,"comment_status":"open","ping_status":"closed","template":"","meta":{"_acf_changed":false},"product_brand":[],"product_cat":[40,67],"product_tag":[],"class_list":{"0":"post-2646","1":"product","2":"type-product","3":"status-publish","4":"has-post-thumbnail","6":"product_cat-serite-civile","7":"product_cat-living-light","9":"first","10":"instock","11":"shipping-taxable","12":"product-type-simple"},"acf":[],"_links":{"self":[{"href":"https:\/\/www.brikaelektrik.al\/al\/wp-json\/wp\/v2\/product\/2646","targetHints":{"allow":["GET"]}}],"collection":[{"href":"https:\/\/www.brikaelektrik.al\/al\/wp-json\/wp\/v2\/product"}],"about":[{"href":"https:\/\/www.brikaelektrik.al\/al\/wp-json\/wp\/v2\/types\/product"}],"replies":[{"embeddable":true,"href":"https:\/\/www.brikaelektrik.al\/al\/wp-json\/wp\/v2\/comments?post=2646"}],"wp:featuredmedia":[{"embeddable":true,"href":"https:\/\/www.brikaelektrik.al\/al\/wp-json\/wp\/v2\/media\/2647"}],"wp:attachment":[{"href":"https:\/\/www.brikaelektrik.al\/al\/wp-json\/wp\/v2\/media?parent=2646"}],"wp:term":[{"taxonomy":"product_brand","embeddable":true,"href":"https:\/\/www.brikaelektrik.al\/al\/wp-json\/wp\/v2\/product_brand?post=2646"},{"taxonomy":"product_cat","embeddable":true,"href":"https:\/\/www.brikaelektrik.al\/al\/wp-json\/wp\/v2\/product_cat?post=2646"},{"taxonomy":"product_tag","embeddable":true,"href":"https:\/\/www.brikaelektrik.al\/al\/wp-json\/wp\/v2\/product_tag?post=2646"}],"curies":[{"name":"wp","href":"https:\/\/api.w.org\/{rel}","templated":true}]}}