{"id":2648,"date":"2025-08-04T11:33:08","date_gmt":"2025-08-04T11:33:08","guid":{"rendered":"https:\/\/www.brikaelektrik.al\/?post_type=product&#038;p=2648"},"modified":"2025-08-04T11:33:08","modified_gmt":"2025-08-04T11:33:08","slug":"prize-internet-e-bardhe-rj45-cat5-ftp","status":"publish","type":"product","link":"https:\/\/www.brikaelektrik.al\/al\/produkt\/prize-internet-e-bardhe-rj45-cat5-ftp\/","title":{"rendered":"PRIZ\u00cb INTERNET E BARDH\u00cb RJ45 CAT5 FTP"},"content":{"rendered":"<p>Seria: Living Light<br data-start=\"67\" data-end=\"70\" \/>Lloji: Priz\u00eb t\u00eb dh\u00ebnash RJ45 UTP Cat.\u202f5E, toolless<br data-start=\"124\" data-end=\"127\" \/>Rryma nominale \/ Fuqia: P\u00ebrshtatet p\u00ebr PoE (deri n\u00eb ~50\u202fW), Gigabit Ethernet 1\u202fGbps (UTP)<br data-start=\"220\" data-end=\"223\" data-is-only-node=\"\" \/>Tensioni: 250V AC<br data-start=\"245\" data-end=\"248\" \/>Montimi: Mural (Flush\u2011mounted, 1 modul Living\u202fLight)<br data-start=\"304\" data-end=\"307\" \/>Ngjyra: Bardh\u00eb<br data-start=\"325\" data-end=\"328\" \/>Mbrojtje: IP21, IK03<br data-start=\"352\" data-end=\"355\" \/>Materiali: Termoplastik pa halogjen; kontakti pa ekranim (UTP)<br data-start=\"421\" data-end=\"424\" \/>Formati i priz\u00ebs: 1 modul<br data-start=\"453\" data-end=\"456\" \/>P\u00ebrmasat: 44mm (lart\u00ebsi) \u00d7 22mm (gjer\u00ebsi) \u00d7 44mm (thell\u00ebsi)<\/p>","protected":false},"excerpt":{"rendered":"<p>Seria: Living LightLloji: Priz\u00eb t\u00eb dh\u00ebnash RJ45 UTP Cat.\u202f5E, toollessRryma nominale \/ Fuqia: P\u00ebrshtatet p\u00ebr PoE (deri n\u00eb ~50\u202fW), Gigabit Ethernet 1\u202fGbps (UTP)Tensioni: 250V ACMontimi: Mural (Flush\u2011mounted, 1 modul Living\u202fLight)Ngjyra: Bardh\u00ebMbrojtje: IP21, IK03Materiali: Termoplastik pa halogjen; kontakti pa ekranim (UTP)Formati i priz\u00ebs: 1 modulP\u00ebrmasat: 44mm (lart\u00ebsi) \u00d7 22mm (gjer\u00ebsi) \u00d7 44mm (thell\u00ebsi)<\/p>","protected":false},"featured_media":2649,"comment_status":"open","ping_status":"closed","template":"","meta":{"_acf_changed":false},"product_brand":[],"product_cat":[40,67],"product_tag":[],"class_list":{"0":"post-2648","1":"product","2":"type-product","3":"status-publish","4":"has-post-thumbnail","6":"product_cat-serite-civile","7":"product_cat-living-light","9":"first","10":"instock","11":"shipping-taxable","12":"product-type-simple"},"acf":[],"_links":{"self":[{"href":"https:\/\/www.brikaelektrik.al\/al\/wp-json\/wp\/v2\/product\/2648","targetHints":{"allow":["GET"]}}],"collection":[{"href":"https:\/\/www.brikaelektrik.al\/al\/wp-json\/wp\/v2\/product"}],"about":[{"href":"https:\/\/www.brikaelektrik.al\/al\/wp-json\/wp\/v2\/types\/product"}],"replies":[{"embeddable":true,"href":"https:\/\/www.brikaelektrik.al\/al\/wp-json\/wp\/v2\/comments?post=2648"}],"wp:featuredmedia":[{"embeddable":true,"href":"https:\/\/www.brikaelektrik.al\/al\/wp-json\/wp\/v2\/media\/2649"}],"wp:attachment":[{"href":"https:\/\/www.brikaelektrik.al\/al\/wp-json\/wp\/v2\/media?parent=2648"}],"wp:term":[{"taxonomy":"product_brand","embeddable":true,"href":"https:\/\/www.brikaelektrik.al\/al\/wp-json\/wp\/v2\/product_brand?post=2648"},{"taxonomy":"product_cat","embeddable":true,"href":"https:\/\/www.brikaelektrik.al\/al\/wp-json\/wp\/v2\/product_cat?post=2648"},{"taxonomy":"product_tag","embeddable":true,"href":"https:\/\/www.brikaelektrik.al\/al\/wp-json\/wp\/v2\/product_tag?post=2648"}],"curies":[{"name":"wp","href":"https:\/\/api.w.org\/{rel}","templated":true}]}}