{"id":2650,"date":"2025-08-04T12:34:43","date_gmt":"2025-08-04T12:34:43","guid":{"rendered":"https:\/\/www.brikaelektrik.al\/?post_type=product&#038;p=2650"},"modified":"2025-08-04T12:34:44","modified_gmt":"2025-08-04T12:34:44","slug":"prize-e-bardhe-tf-rj11","status":"publish","type":"product","link":"https:\/\/www.brikaelektrik.al\/al\/produkt\/prize-e-bardhe-tf-rj11\/","title":{"rendered":"PRIZ\u00cb E BARDH\u00cb TF RJ11"},"content":{"rendered":"<p>Seria: Living Light<br data-start=\"331\" data-end=\"334\" \/>Lloji: Priz\u00eb telefonike RJ11 (4\/6 kontakte, RJ12 kompatibil)<br data-start=\"398\" data-end=\"401\" \/>Rryma nominale \/ Fuqia: P\u00ebrdorim telefonik analog<br data-start=\"454\" data-end=\"457\" \/>Tensioni: deri 250V AC<br data-start=\"484\" data-end=\"487\" \/>Montimi: Mural<br data-start=\"505\" data-end=\"508\" \/>Ngjyra: E bardh\u00eb<br data-start=\"528\" data-end=\"531\" \/>Mbrojtje: IP21<br data-start=\"549\" data-end=\"552\" \/>Materiali: Termoplastik pa halogjen<br data-start=\"591\" data-end=\"594\" \/>Formati i priz\u00ebs: 1 modul (standard Living Light)<br data-start=\"647\" data-end=\"650\" \/>P\u00ebrmasat: 44\u202fmm (lart\u00ebsi) \u00d7 22mm (gjer\u00ebsi) \u00d7 38mm (thell\u00ebsi)<br data-start=\"716\" data-end=\"719\" \/><\/p>","protected":false},"excerpt":{"rendered":"<p>Seria: Living LightLloji: Priz\u00eb telefonike RJ11 (4\/6 kontakte, RJ12 kompatibil)Rryma nominale \/ Fuqia: P\u00ebrdorim telefonik analogTensioni: deri 250V ACMontimi: MuralNgjyra: E bardh\u00ebMbrojtje: IP21Materiali: Termoplastik pa halogjenFormati i priz\u00ebs: 1 modul (standard Living Light)P\u00ebrmasat: 44\u202fmm (lart\u00ebsi) \u00d7 22mm (gjer\u00ebsi) \u00d7 38mm (thell\u00ebsi)<\/p>","protected":false},"featured_media":2651,"comment_status":"open","ping_status":"closed","template":"","meta":{"_acf_changed":false},"product_brand":[],"product_cat":[40,67],"product_tag":[],"class_list":{"0":"post-2650","1":"product","2":"type-product","3":"status-publish","4":"has-post-thumbnail","6":"product_cat-serite-civile","7":"product_cat-living-light","9":"first","10":"instock","11":"shipping-taxable","12":"product-type-simple"},"acf":[],"_links":{"self":[{"href":"https:\/\/www.brikaelektrik.al\/al\/wp-json\/wp\/v2\/product\/2650","targetHints":{"allow":["GET"]}}],"collection":[{"href":"https:\/\/www.brikaelektrik.al\/al\/wp-json\/wp\/v2\/product"}],"about":[{"href":"https:\/\/www.brikaelektrik.al\/al\/wp-json\/wp\/v2\/types\/product"}],"replies":[{"embeddable":true,"href":"https:\/\/www.brikaelektrik.al\/al\/wp-json\/wp\/v2\/comments?post=2650"}],"wp:featuredmedia":[{"embeddable":true,"href":"https:\/\/www.brikaelektrik.al\/al\/wp-json\/wp\/v2\/media\/2651"}],"wp:attachment":[{"href":"https:\/\/www.brikaelektrik.al\/al\/wp-json\/wp\/v2\/media?parent=2650"}],"wp:term":[{"taxonomy":"product_brand","embeddable":true,"href":"https:\/\/www.brikaelektrik.al\/al\/wp-json\/wp\/v2\/product_brand?post=2650"},{"taxonomy":"product_cat","embeddable":true,"href":"https:\/\/www.brikaelektrik.al\/al\/wp-json\/wp\/v2\/product_cat?post=2650"},{"taxonomy":"product_tag","embeddable":true,"href":"https:\/\/www.brikaelektrik.al\/al\/wp-json\/wp\/v2\/product_tag?post=2650"}],"curies":[{"name":"wp","href":"https:\/\/api.w.org\/{rel}","templated":true}]}}