{"id":2652,"date":"2025-08-04T12:56:47","date_gmt":"2025-08-04T12:56:47","guid":{"rendered":"https:\/\/www.brikaelektrik.al\/?post_type=product&#038;p=2652"},"modified":"2025-08-04T12:56:48","modified_gmt":"2025-08-04T12:56:48","slug":"prize-e-bardhe-usb","status":"publish","type":"product","link":"https:\/\/www.brikaelektrik.al\/al\/produkt\/prize-e-bardhe-usb\/","title":{"rendered":"PRIZ\u00cb E BARDH\u00cb USB"},"content":{"rendered":"<p>Seria: Living Light<br data-start=\"312\" data-end=\"315\" \/>Lloji: Karikues USB 5\u202fV DC (1 modul)<br data-start=\"355\" data-end=\"358\" \/>Rryma nominale \/ Fuqia: 1.1A\/5.5W<br data-start=\"399\" data-end=\"402\" data-is-only-node=\"\" \/>Tensioni: 100\u2013240V AC, 50\/60 Hz<br data-start=\"438\" data-end=\"441\" \/>Montimi: Mural<br data-start=\"459\" data-end=\"462\" \/>Ngjyra: E bardh\u00eb<br data-start=\"482\" data-end=\"485\" \/>Mbrojtje: IP20<br data-start=\"503\" data-end=\"506\" \/>Materiali: Termoplastik pa halogjen<br data-start=\"545\" data-end=\"548\" \/>Formati i priz\u00ebs: 1 modul (standard Living Light)<br data-start=\"601\" data-end=\"604\" \/>P\u00ebrmasat: 44mm (lart\u00ebsi) \u00d7 22mm (gjer\u00ebsi) \u00d7 30mm (thell\u00ebsi)<\/p>","protected":false},"excerpt":{"rendered":"<p>Seria: Living LightLloji: Karikues USB 5\u202fV DC (1 modul)Rryma nominale \/ Fuqia: 1.1A\/5.5WTensioni: 100\u2013240V AC, 50\/60 HzMontimi: MuralNgjyra: E bardh\u00ebMbrojtje: IP20Materiali: Termoplastik pa halogjenFormati i priz\u00ebs: 1 modul (standard Living Light)P\u00ebrmasat: 44mm (lart\u00ebsi) \u00d7 22mm (gjer\u00ebsi) \u00d7 30mm (thell\u00ebsi)<\/p>","protected":false},"featured_media":2653,"comment_status":"open","ping_status":"closed","template":"","meta":{"_acf_changed":false},"product_brand":[],"product_cat":[40,67],"product_tag":[],"class_list":{"0":"post-2652","1":"product","2":"type-product","3":"status-publish","4":"has-post-thumbnail","6":"product_cat-serite-civile","7":"product_cat-living-light","9":"first","10":"instock","11":"shipping-taxable","12":"product-type-simple"},"acf":[],"_links":{"self":[{"href":"https:\/\/www.brikaelektrik.al\/al\/wp-json\/wp\/v2\/product\/2652","targetHints":{"allow":["GET"]}}],"collection":[{"href":"https:\/\/www.brikaelektrik.al\/al\/wp-json\/wp\/v2\/product"}],"about":[{"href":"https:\/\/www.brikaelektrik.al\/al\/wp-json\/wp\/v2\/types\/product"}],"replies":[{"embeddable":true,"href":"https:\/\/www.brikaelektrik.al\/al\/wp-json\/wp\/v2\/comments?post=2652"}],"wp:featuredmedia":[{"embeddable":true,"href":"https:\/\/www.brikaelektrik.al\/al\/wp-json\/wp\/v2\/media\/2653"}],"wp:attachment":[{"href":"https:\/\/www.brikaelektrik.al\/al\/wp-json\/wp\/v2\/media?parent=2652"}],"wp:term":[{"taxonomy":"product_brand","embeddable":true,"href":"https:\/\/www.brikaelektrik.al\/al\/wp-json\/wp\/v2\/product_brand?post=2652"},{"taxonomy":"product_cat","embeddable":true,"href":"https:\/\/www.brikaelektrik.al\/al\/wp-json\/wp\/v2\/product_cat?post=2652"},{"taxonomy":"product_tag","embeddable":true,"href":"https:\/\/www.brikaelektrik.al\/al\/wp-json\/wp\/v2\/product_tag?post=2652"}],"curies":[{"name":"wp","href":"https:\/\/api.w.org\/{rel}","templated":true}]}}