{"id":2655,"date":"2025-08-04T13:11:25","date_gmt":"2025-08-04T13:11:25","guid":{"rendered":"https:\/\/www.brikaelektrik.al\/?post_type=product&#038;p=2655"},"modified":"2025-08-04T13:11:25","modified_gmt":"2025-08-04T13:11:25","slug":"pulsant-i-bardhe-1p","status":"publish","type":"product","link":"https:\/\/www.brikaelektrik.al\/al\/produkt\/pulsant-i-bardhe-1p\/","title":{"rendered":"PULSANT I BARDH\u00cb 1P"},"content":{"rendered":"<p>Seria: Living Light<br data-start=\"67\" data-end=\"70\" \/>Lloji: Buton 1P NO (pushbutton)<br data-start=\"105\" data-end=\"108\" \/>Rryma nominale: 10A<br data-start=\"132\" data-end=\"135\" \/>Tensioni: 250\u202fV AC<br data-start=\"157\" data-end=\"160\" \/>Montimi: Flush\u2011mounted (mural), 1 modul<br data-start=\"203\" data-end=\"206\" \/>Ngjyra: Bardh\u00eb<br data-start=\"224\" data-end=\"227\" \/>Mbrojtje: IP20<br data-start=\"245\" data-end=\"248\" \/>Materiali: Termoplastik standard Living Light<br data-start=\"297\" data-end=\"300\" \/>Formati i priz\u00ebs: 1 modul standard Living Light<br data-start=\"351\" data-end=\"354\" \/>P\u00ebrmasat: 44mm (lart\u00ebsi) \u00d7 22mm (gjer\u00ebsi) \u00d7 36mm (thell\u00ebsi)<\/p>","protected":false},"excerpt":{"rendered":"<p>Seria: Living LightLloji: Buton 1P NO (pushbutton)Rryma nominale: 10ATensioni: 250\u202fV ACMontimi: Flush\u2011mounted (mural), 1 modulNgjyra: Bardh\u00ebMbrojtje: IP20Materiali: Termoplastik standard Living LightFormati i priz\u00ebs: 1 modul standard Living LightP\u00ebrmasat: 44mm (lart\u00ebsi) \u00d7 22mm (gjer\u00ebsi) \u00d7 36mm (thell\u00ebsi)<\/p>","protected":false},"featured_media":2656,"comment_status":"open","ping_status":"closed","template":"","meta":{"_acf_changed":false},"product_brand":[],"product_cat":[40,67],"product_tag":[],"class_list":{"0":"post-2655","1":"product","2":"type-product","3":"status-publish","4":"has-post-thumbnail","6":"product_cat-serite-civile","7":"product_cat-living-light","9":"first","10":"instock","11":"shipping-taxable","12":"product-type-simple"},"acf":[],"_links":{"self":[{"href":"https:\/\/www.brikaelektrik.al\/al\/wp-json\/wp\/v2\/product\/2655","targetHints":{"allow":["GET"]}}],"collection":[{"href":"https:\/\/www.brikaelektrik.al\/al\/wp-json\/wp\/v2\/product"}],"about":[{"href":"https:\/\/www.brikaelektrik.al\/al\/wp-json\/wp\/v2\/types\/product"}],"replies":[{"embeddable":true,"href":"https:\/\/www.brikaelektrik.al\/al\/wp-json\/wp\/v2\/comments?post=2655"}],"wp:featuredmedia":[{"embeddable":true,"href":"https:\/\/www.brikaelektrik.al\/al\/wp-json\/wp\/v2\/media\/2656"}],"wp:attachment":[{"href":"https:\/\/www.brikaelektrik.al\/al\/wp-json\/wp\/v2\/media?parent=2655"}],"wp:term":[{"taxonomy":"product_brand","embeddable":true,"href":"https:\/\/www.brikaelektrik.al\/al\/wp-json\/wp\/v2\/product_brand?post=2655"},{"taxonomy":"product_cat","embeddable":true,"href":"https:\/\/www.brikaelektrik.al\/al\/wp-json\/wp\/v2\/product_cat?post=2655"},{"taxonomy":"product_tag","embeddable":true,"href":"https:\/\/www.brikaelektrik.al\/al\/wp-json\/wp\/v2\/product_tag?post=2655"}],"curies":[{"name":"wp","href":"https:\/\/api.w.org\/{rel}","templated":true}]}}