{"id":2657,"date":"2025-08-04T13:16:38","date_gmt":"2025-08-04T13:16:38","guid":{"rendered":"https:\/\/www.brikaelektrik.al\/?post_type=product&#038;p=2657"},"modified":"2025-08-04T13:16:39","modified_gmt":"2025-08-04T13:16:39","slug":"pulsant-me-litar","status":"publish","type":"product","link":"https:\/\/www.brikaelektrik.al\/al\/produkt\/pulsant-me-litar\/","title":{"rendered":"PULSANT ME LITAR"},"content":{"rendered":"<p>Seria: Living Light<br data-start=\"67\" data-end=\"70\" \/>Lloji: Buton me kabllo t\u00ebrheq\u00ebse (pull-cord) 1P NO<br data-start=\"124\" data-end=\"127\" \/>Rryma nominale: 10A<br data-start=\"151\" data-end=\"154\" \/>Tensioni: 230V\u202fAC<br data-start=\"176\" data-end=\"179\" \/>Montimi: Flush\u2011mounted (mural), 1 modul<br data-start=\"222\" data-end=\"225\" \/>Ngjyra: Bardh\u00eb<br data-start=\"243\" data-end=\"246\" \/>Mbrojtje: IP20<br data-start=\"264\" data-end=\"267\" \/>Materiali: Termoplastik pa halogjen<br data-start=\"306\" data-end=\"309\" \/>Formati i priz\u00ebs: 1 modul standard Living Light<br data-start=\"360\" data-end=\"363\" \/>P\u00ebrmasat: 44mm (lart\u00ebsi) \u00d7 22mm (gjer\u00ebsi) \u00d7 36mm (thell\u00ebsi)<\/p>","protected":false},"excerpt":{"rendered":"<p>Seria: Living LightLloji: Buton me kabllo t\u00ebrheq\u00ebse (pull-cord) 1P NORryma nominale: 10ATensioni: 230V\u202fACMontimi: Flush\u2011mounted (mural), 1 modulNgjyra: Bardh\u00ebMbrojtje: IP20Materiali: Termoplastik pa halogjenFormati i priz\u00ebs: 1 modul standard Living LightP\u00ebrmasat: 44mm (lart\u00ebsi) \u00d7 22mm (gjer\u00ebsi) \u00d7 36mm (thell\u00ebsi)<\/p>","protected":false},"featured_media":2658,"comment_status":"open","ping_status":"closed","template":"","meta":{"_acf_changed":false},"product_brand":[],"product_cat":[40,67],"product_tag":[],"class_list":{"0":"post-2657","1":"product","2":"type-product","3":"status-publish","4":"has-post-thumbnail","6":"product_cat-serite-civile","7":"product_cat-living-light","9":"first","10":"instock","11":"shipping-taxable","12":"product-type-simple"},"acf":[],"_links":{"self":[{"href":"https:\/\/www.brikaelektrik.al\/al\/wp-json\/wp\/v2\/product\/2657","targetHints":{"allow":["GET"]}}],"collection":[{"href":"https:\/\/www.brikaelektrik.al\/al\/wp-json\/wp\/v2\/product"}],"about":[{"href":"https:\/\/www.brikaelektrik.al\/al\/wp-json\/wp\/v2\/types\/product"}],"replies":[{"embeddable":true,"href":"https:\/\/www.brikaelektrik.al\/al\/wp-json\/wp\/v2\/comments?post=2657"}],"wp:featuredmedia":[{"embeddable":true,"href":"https:\/\/www.brikaelektrik.al\/al\/wp-json\/wp\/v2\/media\/2658"}],"wp:attachment":[{"href":"https:\/\/www.brikaelektrik.al\/al\/wp-json\/wp\/v2\/media?parent=2657"}],"wp:term":[{"taxonomy":"product_brand","embeddable":true,"href":"https:\/\/www.brikaelektrik.al\/al\/wp-json\/wp\/v2\/product_brand?post=2657"},{"taxonomy":"product_cat","embeddable":true,"href":"https:\/\/www.brikaelektrik.al\/al\/wp-json\/wp\/v2\/product_cat?post=2657"},{"taxonomy":"product_tag","embeddable":true,"href":"https:\/\/www.brikaelektrik.al\/al\/wp-json\/wp\/v2\/product_tag?post=2657"}],"curies":[{"name":"wp","href":"https:\/\/api.w.org\/{rel}","templated":true}]}}